{"id":1009735,"date":"2024-06-17T14:05:36","date_gmt":"2024-06-17T06:05:36","guid":{"rendered":"https:\/\/vimaterial.de\/product\/magnesio-metallico-4\/"},"modified":"2024-11-13T14:56:11","modified_gmt":"2024-11-13T06:56:11","slug":"magnesio-metallico-4","status":"publish","type":"product","link":"https:\/\/vimaterial.de\/it\/product\/magnesio-metallico-4\/","title":{"rendered":"Magnesio metallico"},"content":{"rendered":"<p>I pellet di magnesio sono forme compatte, piccole forme cilindriche o rotonde di magnesio metallico, progettate per fornire una quantit\u00e0 controllata di magnesio in varie applicazioni. Questi pellet sono comunemente usati nei processi metallurgici, chimici e industriali grazie alle loro dimensioni e forma uniformi, offrendo una comoda manipolazione e velocit\u00e0 di reazione costanti. <\/p>\n<h2><span style=\"font-size: 14pt;\">Propriet\u00e0 fisiche:<\/span><\/h2>\n<p>Formula: Mg Numero atomico: 12 Aspetto: I pellet di magnesio sono metallizzati, con un colore grigio-argento lucido. Dimensioni e forma: Tipicamente formati in cilindri o sfere piccoli e uniformi, che sono pi\u00f9 facili da maneggiare e misurare rispetto ai granuli irregolari o alla polvere. Densit\u00e0: circa 1,74 g\/cm\u00b3, il che rende il magnesio uno dei metalli pi\u00f9 leggeri. Punto di fusione: circa 650 \u00b0C (1.202 \u00b0F), che consente una fusione controllata nei processi metallurgici.<\/p>\n<h2><span style=\"font-size: 14pt;\">Applicazioni:<\/span><\/h2>\n<p>Metallurgia: i pellet di magnesio vengono spesso aggiunti al ferro o all&#8217;acciaio fuso per rimuovere lo zolfo e altre impurit\u00e0, migliorando la qualit\u00e0 della lega finale. Agente legante: Utilizzato nella produzione di leghe leggere di alluminio-magnesio, essenziali nell&#8217;industria aerospaziale e automobilistica. Reazioni chimiche: in laboratorio e in ambienti industriali, i pellet di magnesio fungono da forma conveniente di magnesio per varie reazioni, comprese quelle che generano idrogeno. Protezione catodica: i pellet di magnesio possono fungere da anodo sacrificale nei sistemi di protezione dalla corrosione, in particolare negli scaldacqua e nelle tubazioni.<\/p>\n<h2><span style=\"font-size: 14pt;\">Sicurezza e conservazione:<\/span><\/h2>\n<p>Infiammabile: i pellet di magnesio sono infiammabili, soprattutto ad alte temperature. Tenerli lontani da fiamme e fonti di calore. Conservazione: Conservare in un contenitore fresco, asciutto ed ermetico per evitare l&#8217;ossidazione e l&#8217;esposizione all&#8217;umidit\u00e0. Precauzioni per l&#8217;uso: Utilizzare i guanti per evitare il contatto diretto con la pelle, poich\u00e9 gli oli e l&#8217;umidit\u00e0 possono favorire l&#8217;ossidazione. In ambienti industriali, utilizzare dispositivi di sicurezza per gestire in sicurezza quantit\u00e0 maggiori. <\/p>\n","protected":false},"excerpt":{"rendered":"<p>I pellet di magnesio sono forme compatte, piccole forme cilindriche o rotonde di magnesio metallico, progettate per fornire una quantit\u00e0 controllata di magnesio in varie applicazioni. Questi pellet sono comunemente usati nei processi metallurgici, chimici e industriali grazie alle loro dimensioni e forma uniformi, offrendo una comoda manipolazione e velocit\u00e0 di reazione costanti. Propriet\u00e0 fisiche: [&hellip;]<\/p>\n","protected":false},"featured_media":999330,"comment_status":"open","ping_status":"closed","template":"","meta":{"_acf_changed":false},"product_brand":[],"product_cat":[198],"product_tag":[],"class_list":{"0":"post-1009735","1":"product","2":"type-product","3":"status-publish","4":"has-post-thumbnail","6":"product_cat-materiali-per-levaporazione","8":"first","9":"instock","10":"shipping-taxable","11":"purchasable","12":"product-type-variable"},"acf":[],"_links":{"self":[{"href":"https:\/\/vimaterial.de\/it\/wp-json\/wp\/v2\/product\/1009735","targetHints":{"allow":["GET"]}}],"collection":[{"href":"https:\/\/vimaterial.de\/it\/wp-json\/wp\/v2\/product"}],"about":[{"href":"https:\/\/vimaterial.de\/it\/wp-json\/wp\/v2\/types\/product"}],"replies":[{"embeddable":true,"href":"https:\/\/vimaterial.de\/it\/wp-json\/wp\/v2\/comments?post=1009735"}],"wp:featuredmedia":[{"embeddable":true,"href":"https:\/\/vimaterial.de\/it\/wp-json\/wp\/v2\/media\/999330"}],"wp:attachment":[{"href":"https:\/\/vimaterial.de\/it\/wp-json\/wp\/v2\/media?parent=1009735"}],"wp:term":[{"taxonomy":"product_brand","embeddable":true,"href":"https:\/\/vimaterial.de\/it\/wp-json\/wp\/v2\/product_brand?post=1009735"},{"taxonomy":"product_cat","embeddable":true,"href":"https:\/\/vimaterial.de\/it\/wp-json\/wp\/v2\/product_cat?post=1009735"},{"taxonomy":"product_tag","embeddable":true,"href":"https:\/\/vimaterial.de\/it\/wp-json\/wp\/v2\/product_tag?post=1009735"}],"curies":[{"name":"wp","href":"https:\/\/api.w.org\/{rel}","templated":true}]}}