{"id":1009722,"date":"2024-06-17T14:05:36","date_gmt":"2024-06-17T06:05:36","guid":{"rendered":"https:\/\/vimaterial.de\/product\/magnesio-metallico-3\/"},"modified":"2024-11-13T15:01:25","modified_gmt":"2024-11-13T07:01:25","slug":"magnesio-metallico-3","status":"publish","type":"product","link":"https:\/\/vimaterial.de\/it\/product\/magnesio-metallico-3\/","title":{"rendered":"Magnesio metallico"},"content":{"rendered":"<p>I lingotti di magnesio sono blocchi solidi o barre di magnesio metallico puro, comunemente usati in applicazioni industriali e metallurgiche come materiale primario per la produzione di leghe di magnesio e come fonte di magnesio in vari processi chimici.<\/p>\n<h2><span style=\"font-size: 14pt;\">Propriet\u00e0 fisiche:<\/span><\/h2>\n<p>Formula: Mg Numero atomico: 12 Aspetto: I lingotti di magnesio sono metallici con un colore grigio-argento, anche se possono sviluppare un sottile strato di ossido se esposti all&#8217;aria. Dimensioni e forma: Tipicamente disponibile in forme rettangolari, trapezoidali o cilindriche per una facile manipolazione e impilamento. Densit\u00e0: circa 1,74 g\/cm\u00b3, il che rende il magnesio il metallo strutturale pi\u00f9 leggero comunemente utilizzato nelle applicazioni industriali. Punto di fusione: circa 650 \u00b0C (1.202 \u00b0F), che consente ai lingotti di magnesio di essere fusi e legati con altri metalli.<\/p>\n<h2><span style=\"font-size: 14pt;\">Applicazioni:<\/span><\/h2>\n<p>Produzione di leghe: i lingotti di magnesio sono comunemente usati come materiale di base per produrre leghe di magnesio, in particolare con l&#8217;alluminio, per creare materiali leggeri e durevoli per l&#8217;industria aerospaziale e automobilistica. Pressofusione: Grazie al suo basso punto di fusione, il magnesio \u00e8 adatto per la pressofusione, dove pu\u00f2 produrre forme complesse con una finitura di alta qualit\u00e0 e un&#8217;eccellente resistenza meccanica. Elettronica e beni di consumo: le leghe di magnesio ricavate da lingotti sono spesso utilizzate nei telai dei laptop, nei corpi delle fotocamere e nelle custodie dei telefoni cellulari per garantire durata e leggerezza. Protezione catodica: i lingotti di magnesio fungono da anodi sacrificali per proteggere condutture sotterranee, scaldabagni e altri metalli dalla corrosione. Desolforazione di acciaio e ferro: il magnesio agisce come agente desolforante nella produzione di ferro fuso e acciaio, contribuendo a migliorare la qualit\u00e0 del prodotto.<\/p>\n<h2><span style=\"font-size: 14pt;\">Sicurezza e conservazione:<\/span><\/h2>\n<p>Infiammabile: i lingotti di magnesio sono meno infiammabili della polvere, ma possono comunque incendiarsi a temperature estreme. Evitare di riporre vicino a fiamme libere o apparecchiature ad alta temperatura. Conservazione: Conservare in un luogo asciutto e ben ventilato per evitare l&#8217;esposizione all&#8217;umidit\u00e0, che pu\u00f2 accelerare la corrosione e la produzione di idrogeno gassoso. Precauzioni per l&#8217;uso: Utilizzare guanti protettivi ed evitare il contatto con acidi o acqua durante lo stoccaggio o la lavorazione. <\/p>\n","protected":false},"excerpt":{"rendered":"<p>I lingotti di magnesio sono blocchi solidi o barre di magnesio metallico puro, comunemente usati in applicazioni industriali e metallurgiche come materiale primario per la produzione di leghe di magnesio e come fonte di magnesio in vari processi chimici. Propriet\u00e0 fisiche: Formula: Mg Numero atomico: 12 Aspetto: I lingotti di magnesio sono metallici con un [&hellip;]<\/p>\n","protected":false},"featured_media":999340,"comment_status":"open","ping_status":"closed","template":"","meta":{"_acf_changed":false},"product_brand":[],"product_cat":[207],"product_tag":[],"class_list":{"0":"post-1009722","1":"product","2":"type-product","3":"status-publish","4":"has-post-thumbnail","6":"product_cat-profilo","8":"first","9":"instock","10":"shipping-taxable","11":"product-type-variable"},"acf":[],"_links":{"self":[{"href":"https:\/\/vimaterial.de\/it\/wp-json\/wp\/v2\/product\/1009722","targetHints":{"allow":["GET"]}}],"collection":[{"href":"https:\/\/vimaterial.de\/it\/wp-json\/wp\/v2\/product"}],"about":[{"href":"https:\/\/vimaterial.de\/it\/wp-json\/wp\/v2\/types\/product"}],"replies":[{"embeddable":true,"href":"https:\/\/vimaterial.de\/it\/wp-json\/wp\/v2\/comments?post=1009722"}],"wp:featuredmedia":[{"embeddable":true,"href":"https:\/\/vimaterial.de\/it\/wp-json\/wp\/v2\/media\/999340"}],"wp:attachment":[{"href":"https:\/\/vimaterial.de\/it\/wp-json\/wp\/v2\/media?parent=1009722"}],"wp:term":[{"taxonomy":"product_brand","embeddable":true,"href":"https:\/\/vimaterial.de\/it\/wp-json\/wp\/v2\/product_brand?post=1009722"},{"taxonomy":"product_cat","embeddable":true,"href":"https:\/\/vimaterial.de\/it\/wp-json\/wp\/v2\/product_cat?post=1009722"},{"taxonomy":"product_tag","embeddable":true,"href":"https:\/\/vimaterial.de\/it\/wp-json\/wp\/v2\/product_tag?post=1009722"}],"curies":[{"name":"wp","href":"https:\/\/api.w.org\/{rel}","templated":true}]}}