{"id":1009702,"date":"2024-06-17T14:06:40","date_gmt":"2024-06-17T06:06:40","guid":{"rendered":"https:\/\/vimaterial.de\/product\/magnesio-metallico-2\/"},"modified":"2024-11-13T15:06:36","modified_gmt":"2024-11-13T07:06:36","slug":"magnesio-metallico-2","status":"publish","type":"product","link":"https:\/\/vimaterial.de\/it\/product\/magnesio-metallico-2\/","title":{"rendered":"Magnesio metallico"},"content":{"rendered":"<p>Il bersaglio per sputtering di magnesio \u00e8 un bersaglio metallico ad alta purezza utilizzato nei processi di deposizione fisica da vapore (PVD) per depositare un sottile strato di magnesio su vari substrati. Il processo di sputtering prevede il bombardamento del bersaglio di magnesio con ioni ad alta energia, provocando l&#8217;espulsione di atomi o molecole da parte del materiale bersaglio, che poi si condensano sulla superficie del substrato, creando un film sottile. <\/p>\n<h2><span style=\"font-size: 14pt;\">Propriet\u00e0 fisiche:<\/span><\/h2>\n<p>Formula: Mg Numero atomico: 12 Aspetto: I bersagli sputtering di magnesio sono tipicamente metallici e hanno un colore grigio-argento lucido. Purezza: i bersagli sono solitamente di purezza molto elevata, in genere intorno al 99,9% o superiore, per garantire una deposizione di film di alta qualit\u00e0. Dimensioni e forma: Comunemente prodotto in forme circolari, rettangolari o personalizzate, a seconda del sistema di sputtering specifico e dei requisiti dell&#8217;applicazione. Le dimensioni standard dei diametri vanno da 2 pollici a 4 pollici, ma possono essere personalizzate per sistemi pi\u00f9 grandi. Densit\u00e0: circa 1,74 g\/cm\u00b3. Punto di fusione: circa 650\u00b0C (1.202\u00b0F), che \u00e8 rilevante se si considerano le temperature di deposizione.<\/p>\n<h2><span style=\"font-size: 14pt;\">Applicazioni:<\/span><\/h2>\n<p>Rivestimenti a film sottile: i bersagli di magnesio sputtering vengono utilizzati per creare film sottili di magnesio su substrati per applicazioni quali ottica, sensori e componenti elettronici. Leghe di magnesio: vengono utilizzate nella deposizione di film di leghe di magnesio, che vengono poi utilizzati in applicazioni come rivestimenti leggeri, superfici resistenti alla corrosione e materiali strutturali. Produzione di semiconduttori: i bersagli di sputtering del magnesio possono essere impiegati nella fabbricazione di semiconduttori, dove i film di magnesio possono fungere da dielettrico di gate o nella creazione di vari strati nei dispositivi. Celle fotovoltaiche: i film di magnesio sono talvolta utilizzati nelle celle solari per migliorarne le propriet\u00e0 elettriche e l&#8217;efficienza. Rivestimenti magnetici e ottici: i bersagli sputtering in magnesio possono essere utilizzati anche per applicazioni che richiedono propriet\u00e0 ottiche o magnetiche specifiche, come rivestimenti antiriflesso o pellicole magnetiche. Tecnologia delle batterie: si stanno studiando sottili film di magnesio per l&#8217;uso nelle batterie, in particolare nelle batterie agli ioni di litio o agli ioni di magnesio.<\/p>\n<h2><span style=\"font-size: 14pt;\">Sicurezza e conservazione:<\/span><\/h2>\n<p>Infiammabilit\u00e0: i bersagli sputtering al magnesio sono reattivi e devono essere conservati lontano da fonti di calore, scintille o fiamme libere per evitare la combustione. Devono inoltre essere conservati in condizioni asciutte per prevenire l&#8217;ossidazione. Precauzioni per l&#8217;uso: Quando si maneggiano bersagli sputtering in magnesio, \u00e8 necessario indossare dispositivi di sicurezza come guanti e occhiali protettivi. \u00c8 importante evitare il contatto diretto con l&#8217;umidit\u00e0 ed \u00e8 necessaria un&#8217;adeguata ventilazione per evitare l&#8217;accumulo di gas combustibili. Conservazione: Conservare i bersagli sputtering di magnesio in condizioni fresche e asciutte, lontano da fonti di umidit\u00e0 e dalla luce solare diretta. Assicurarsi che l&#8217;area di stoccaggio sia libera da materiali infiammabili. <\/p>\n","protected":false},"excerpt":{"rendered":"<p>Il bersaglio per sputtering di magnesio \u00e8 un bersaglio metallico ad alta purezza utilizzato nei processi di deposizione fisica da vapore (PVD) per depositare un sottile strato di magnesio su vari substrati. Il processo di sputtering prevede il bombardamento del bersaglio di magnesio con ioni ad alta energia, provocando l&#8217;espulsione di atomi o molecole da [&hellip;]<\/p>\n","protected":false},"featured_media":999355,"comment_status":"open","ping_status":"closed","template":"","meta":{"_acf_changed":false},"product_brand":[],"product_cat":[197],"product_tag":[],"class_list":{"0":"post-1009702","1":"product","2":"type-product","3":"status-publish","4":"has-post-thumbnail","6":"product_cat-obiettivi-di-sputtering-planari","8":"first","9":"instock","10":"shipping-taxable","11":"purchasable","12":"product-type-variable"},"acf":[],"_links":{"self":[{"href":"https:\/\/vimaterial.de\/it\/wp-json\/wp\/v2\/product\/1009702","targetHints":{"allow":["GET"]}}],"collection":[{"href":"https:\/\/vimaterial.de\/it\/wp-json\/wp\/v2\/product"}],"about":[{"href":"https:\/\/vimaterial.de\/it\/wp-json\/wp\/v2\/types\/product"}],"replies":[{"embeddable":true,"href":"https:\/\/vimaterial.de\/it\/wp-json\/wp\/v2\/comments?post=1009702"}],"wp:featuredmedia":[{"embeddable":true,"href":"https:\/\/vimaterial.de\/it\/wp-json\/wp\/v2\/media\/999355"}],"wp:attachment":[{"href":"https:\/\/vimaterial.de\/it\/wp-json\/wp\/v2\/media?parent=1009702"}],"wp:term":[{"taxonomy":"product_brand","embeddable":true,"href":"https:\/\/vimaterial.de\/it\/wp-json\/wp\/v2\/product_brand?post=1009702"},{"taxonomy":"product_cat","embeddable":true,"href":"https:\/\/vimaterial.de\/it\/wp-json\/wp\/v2\/product_cat?post=1009702"},{"taxonomy":"product_tag","embeddable":true,"href":"https:\/\/vimaterial.de\/it\/wp-json\/wp\/v2\/product_tag?post=1009702"}],"curies":[{"name":"wp","href":"https:\/\/api.w.org\/{rel}","templated":true}]}}