{"id":1009699,"date":"2024-06-17T14:05:36","date_gmt":"2024-06-17T06:05:36","guid":{"rendered":"https:\/\/vimaterial.de\/product\/magnesio-metallico\/"},"modified":"2024-11-13T14:43:43","modified_gmt":"2024-11-13T06:43:43","slug":"magnesio-metallico","status":"publish","type":"product","link":"https:\/\/vimaterial.de\/it\/product\/magnesio-metallico\/","title":{"rendered":"Magnesio metallico"},"content":{"rendered":"<p>La lamina metallica di magnesio \u00e8 uno strato sottile e flessibile di magnesio apprezzato per la sua leggerezza, l&#8217;elevato rapporto resistenza\/peso e l&#8217;eccellente lavorabilit\u00e0. La lamina di magnesio viene utilizzata in vari settori, tra cui quello aerospaziale, elettronico, chimico e della ricerca. In genere \u00e8 disponibile in diversi spessori, a seconda dei requisiti dell&#8217;applicazione.  <\/p>\n<h2><span style=\"font-size: 14pt;\">Propriet\u00e0 fisiche:<\/span><\/h2>\n<p>Formula: Mg Numero atomico: 12 Aspetto: La lamina di magnesio metallico appare come un metallo bianco-argenteo e lucido. Densit\u00e0: circa 1,74 g\/cm\u00b3, il che lo rende uno dei metalli strutturali pi\u00f9 leggeri. Punto di fusione: 650\u00b0C (1.202\u00b0F), che \u00e8 relativamente basso rispetto ad altri metalli strutturali. Spessore: la lamina di magnesio \u00e8 generalmente disponibile in formati ultrasottili, che vanno da pochi micrometri a millimetri di spessore.<\/p>\n<h2><span style=\"font-size: 14pt;\">Applicazioni:<\/span><\/h2>\n<p>Aerospaziale e automobilistico: il peso ridotto della lamina metallica di magnesio la rende adatta per componenti aerospaziali e automobilistici in cui la riduzione del peso \u00e8 fondamentale. Elettronica: utilizzata nelle batterie, in particolare nelle batterie al magnesio-aria e in altre batterie metallo-aria, come materiale anodico leggero. Ricerca e lavorazione chimica: la lamina metallica di magnesio viene utilizzata nei laboratori di ricerca per esperimenti che coinvolgono reazioni di magnesio, in quanto fornisce una superficie controllata per gli studi di reazione. Biomedicale: in alcuni casi, il magnesio viene utilizzato per impianti biodegradabili; Tuttavia, il suo utilizzo in forma di lamina \u00e8 pi\u00f9 limitato in campo biomedico. Pirotecnica: L&#8217;elevata reattivit\u00e0 della lamina di magnesio con l&#8217;ossigeno la rende utile nella pirotecnica e nella polvere flash, poich\u00e9 si accende facilmente e brucia brillantemente.<\/p>\n<h2><span style=\"font-size: 14pt;\">Sicurezza e conservazione:<\/span><\/h2>\n<p>Infiammabile: \u00e8 necessaria la massima cautela a causa dell&#8217;infiammabilit\u00e0 del magnesio. Evitare temperature elevate, fiamme libere e scintille quando si maneggia un foglio di magnesio. Conservazione: Conservare in un luogo asciutto, fresco e ben ventilato, lontano da ossidanti e fonti di umidit\u00e0. Deve essere conservato in contenitori ermetici per ridurre al minimo l&#8217;ossidazione. Precauzioni per l&#8217;uso: Maneggiare con i guanti per evitare contaminazioni, poich\u00e9 gli oli per la pelle possono contribuire all&#8217;ossidazione. <\/p>\n","protected":false},"excerpt":{"rendered":"<p>La lamina metallica di magnesio \u00e8 uno strato sottile e flessibile di magnesio apprezzato per la sua leggerezza, l&#8217;elevato rapporto resistenza\/peso e l&#8217;eccellente lavorabilit\u00e0. La lamina di magnesio viene utilizzata in vari settori, tra cui quello aerospaziale, elettronico, chimico e della ricerca. In genere \u00e8 disponibile in diversi spessori, a seconda dei requisiti dell&#8217;applicazione. Propriet\u00e0 [&hellip;]<\/p>\n","protected":false},"featured_media":999347,"comment_status":"open","ping_status":"closed","template":"","meta":{"_acf_changed":false},"product_brand":[],"product_cat":[207],"product_tag":[],"class_list":{"0":"post-1009699","1":"product","2":"type-product","3":"status-publish","4":"has-post-thumbnail","6":"product_cat-profilo","8":"first","9":"instock","10":"shipping-taxable","11":"purchasable","12":"product-type-variable"},"acf":[],"_links":{"self":[{"href":"https:\/\/vimaterial.de\/it\/wp-json\/wp\/v2\/product\/1009699","targetHints":{"allow":["GET"]}}],"collection":[{"href":"https:\/\/vimaterial.de\/it\/wp-json\/wp\/v2\/product"}],"about":[{"href":"https:\/\/vimaterial.de\/it\/wp-json\/wp\/v2\/types\/product"}],"replies":[{"embeddable":true,"href":"https:\/\/vimaterial.de\/it\/wp-json\/wp\/v2\/comments?post=1009699"}],"wp:featuredmedia":[{"embeddable":true,"href":"https:\/\/vimaterial.de\/it\/wp-json\/wp\/v2\/media\/999347"}],"wp:attachment":[{"href":"https:\/\/vimaterial.de\/it\/wp-json\/wp\/v2\/media?parent=1009699"}],"wp:term":[{"taxonomy":"product_brand","embeddable":true,"href":"https:\/\/vimaterial.de\/it\/wp-json\/wp\/v2\/product_brand?post=1009699"},{"taxonomy":"product_cat","embeddable":true,"href":"https:\/\/vimaterial.de\/it\/wp-json\/wp\/v2\/product_cat?post=1009699"},{"taxonomy":"product_tag","embeddable":true,"href":"https:\/\/vimaterial.de\/it\/wp-json\/wp\/v2\/product_tag?post=1009699"}],"curies":[{"name":"wp","href":"https:\/\/api.w.org\/{rel}","templated":true}]}}