{"id":1009684,"date":"2024-06-17T14:06:41","date_gmt":"2024-06-17T06:06:41","guid":{"rendered":"https:\/\/vimaterial.de\/product\/nitrato-di-magnesio-esaidrato\/"},"modified":"2024-11-13T15:47:08","modified_gmt":"2024-11-13T07:47:08","slug":"nitrato-di-magnesio-esaidrato","status":"publish","type":"product","link":"https:\/\/vimaterial.de\/it\/product\/nitrato-di-magnesio-esaidrato\/","title":{"rendered":"Nitrato di magnesio esaidrato"},"content":{"rendered":"<p>Il nitrato di magnesio esaidrato (Mg(NO\u2083)\u2082 \u00b7 6H\u2082O) \u00e8 un sale inorganico idrato di magnesio e acido nitrico. Si presenta come cristalli incolori altamente solubili in acqua e comunemente usati in varie applicazioni industriali e di laboratorio. <\/p>\n<h2><span style=\"font-size: 14pt;\">Propriet\u00e0 fisiche:<\/span><\/h2>\n<p>Formula: Mg(NO\u2083)\u2082 \u00b7 6H\u2082O La forma esaidrato comprende sei molecole di acqua per unit\u00e0 di nitrato di magnesio. Aspetto: cristalli trasparenti e incolori o solidi bianchi. Densit\u00e0: circa 1,46 g\/cm\u00b3. Punto di fusione: Fonde intorno agli 89\u00b0C (192\u00b0F), a quel punto pu\u00f2 anche iniziare a decomporsi, rilasciando ossidi di azoto (NO\u2093) e vapore acqueo. Solubilit\u00e0: Molto solubile in acqua e anche solubile in etanolo, il che lo rende facile da usare in soluzioni acquose.<\/p>\n<h2><span style=\"font-size: 14pt;\">Applicazioni:<\/span><\/h2>\n<p>Fertilizzanti: Il nitrato di magnesio viene utilizzato come fonte di magnesio nei fertilizzanti, fornendo magnesio e azoto essenziali alle piante, soprattutto in agricoltura e orticoltura. Precursore del catalizzatore: nella sintesi chimica, il nitrato di magnesio funge da precursore per la produzione di catalizzatori o come componente nella preparazione dell&#8217;ossido di magnesio. Pirotecnica: La sua propriet\u00e0 ossidante lo rende utile nelle composizioni pirotecniche, dove pu\u00f2 migliorare la combustione. Reagente di laboratorio: Comunemente usato come reagente di laboratorio, soprattutto nella ricerca e sviluppo, grazie alla sua solubilit\u00e0 e reattivit\u00e0. Additivo per calcestruzzo: il nitrato di magnesio esaidrato viene talvolta utilizzato come additivo nel calcestruzzo, aiutando a controllare il tempo di presa e migliorare la durata.<\/p>\n<h2><span style=\"font-size: 14pt;\">Maneggevolezza e sicurezza:<\/span><\/h2>\n<p>Pericoli: Il nitrato di magnesio esaidrato \u00e8 un agente ossidante e deve essere conservato lontano da materiali infiammabili e agenti riducenti. Pu\u00f2 supportare la combustione, anche se non \u00e8 di per s\u00e9 infiammabile. Rischi per la salute: il contatto diretto con la pelle o gli occhi pu\u00f2 causare irritazione. L&#8217;inalazione o l&#8217;ingestione della polvere pu\u00f2 essere dannosa e deve essere evitata. Conservazione: Conservare in luogo fresco e asciutto, lontano da fonti di calore e materiali incompatibili come sostanze organiche e forti agenti riducenti. <\/p>\n","protected":false},"excerpt":{"rendered":"<p>Il nitrato di magnesio esaidrato (Mg(NO\u2083)\u2082 \u00b7 6H\u2082O) \u00e8 un sale inorganico idrato di magnesio e acido nitrico. Si presenta come cristalli incolori altamente solubili in acqua e comunemente usati in varie applicazioni industriali e di laboratorio. Propriet\u00e0 fisiche: Formula: Mg(NO\u2083)\u2082 \u00b7 6H\u2082O La forma esaidrato comprende sei molecole di acqua per unit\u00e0 di nitrato [&hellip;]<\/p>\n","protected":false},"featured_media":1029908,"comment_status":"open","ping_status":"closed","template":"","meta":{"_acf_changed":false},"product_brand":[],"product_cat":[206],"product_tag":[],"class_list":{"0":"post-1009684","1":"product","2":"type-product","3":"status-publish","4":"has-post-thumbnail","6":"product_cat-altri-materiali","8":"first","9":"instock","10":"shipping-taxable","11":"product-type-variable"},"acf":[],"_links":{"self":[{"href":"https:\/\/vimaterial.de\/it\/wp-json\/wp\/v2\/product\/1009684","targetHints":{"allow":["GET"]}}],"collection":[{"href":"https:\/\/vimaterial.de\/it\/wp-json\/wp\/v2\/product"}],"about":[{"href":"https:\/\/vimaterial.de\/it\/wp-json\/wp\/v2\/types\/product"}],"replies":[{"embeddable":true,"href":"https:\/\/vimaterial.de\/it\/wp-json\/wp\/v2\/comments?post=1009684"}],"wp:featuredmedia":[{"embeddable":true,"href":"https:\/\/vimaterial.de\/it\/wp-json\/wp\/v2\/media\/1029908"}],"wp:attachment":[{"href":"https:\/\/vimaterial.de\/it\/wp-json\/wp\/v2\/media?parent=1009684"}],"wp:term":[{"taxonomy":"product_brand","embeddable":true,"href":"https:\/\/vimaterial.de\/it\/wp-json\/wp\/v2\/product_brand?post=1009684"},{"taxonomy":"product_cat","embeddable":true,"href":"https:\/\/vimaterial.de\/it\/wp-json\/wp\/v2\/product_cat?post=1009684"},{"taxonomy":"product_tag","embeddable":true,"href":"https:\/\/vimaterial.de\/it\/wp-json\/wp\/v2\/product_tag?post=1009684"}],"curies":[{"name":"wp","href":"https:\/\/api.w.org\/{rel}","templated":true}]}}