{"id":1009602,"date":"2024-06-17T14:08:11","date_gmt":"2024-06-17T06:08:11","guid":{"rendered":"https:\/\/vimaterial.de\/product\/nitruro-di-magnesio\/"},"modified":"2024-11-13T17:38:10","modified_gmt":"2024-11-13T09:38:10","slug":"nitruro-di-magnesio","status":"publish","type":"product","link":"https:\/\/vimaterial.de\/it\/product\/nitruro-di-magnesio\/","title":{"rendered":"Nitruro di magnesio"},"content":{"rendered":"<p>Il nitruro di magnesio, che possiede la formula chimica Mg3N2, \u00e8 un composto inorganico di magnesio e azoto. A temperatura e pressione ambiente \u00e8 una polvere giallo verdastra.<\/p>\n<h2><span style=\"font-size: 14pt;\">Propriet\u00e0 fisiche<\/span><\/h2>\n<p>Formula chimica:Mg3N2<\/p>\n<p>Massa molare:100.9494 g\/mol<\/p>\n<p>Aspetto: polvere giallo verdastra<\/p>\n<p>Densit\u00e0:2.712 g\/cm3<\/p>\n<p>Punto di fusione: ca. 1500\u00b0C<\/p>\n<h2><span style=\"font-size: 14pt;\">Applicazioni<\/span><\/h2>\n<p>Il nitruro di magnesio \u00e8 stato il catalizzatore nella prima sintesi pratica del borazon (nitruro di boro cubico).<\/p>\n<p>Robert H. Wentorf, Jr. stava cercando di convertire la forma esagonale del nitruro di boro nella forma cubica mediante una combinazione di calore, pressione e un catalizzatore. Aveva gi\u00e0 provato tutti i catalizzatori logici (ad esempio, quelli che catalizzano la sintesi del diamante), ma senza successo.<\/p>\n<p>Per disperazione e curiosit\u00e0 (lo chiam\u00f2 l&#8217;approccio &#8220;fare il massimo numero di errori&#8221;[6]), aggiunse del filo di magnesio al nitruro di boro esagonale e gli diede la stessa pressione e lo stesso trattamento termico. Quando esamin\u00f2 il filo al microscopio, trov\u00f2 minuscoli grumi scuri aggrappati ad esso. Questi grumi potevano graffiare un blocco lucido di carburo di boro, qualcosa che solo il diamante era noto per fare.<\/p>\n<p>Dall&#8217;odore di ammoniaca, causato dalla reazione del nitruro di magnesio con l&#8217;umidit\u00e0 nell&#8217;aria, dedusse che il metallo di magnesio aveva reagito con il nitruro di boro per formare nitruro di magnesio, che era il vero catalizzatore.<\/p>\n<p>Durante l&#8217;isolamento dell&#8217;argon, William Ramsay ha fatto passare aria secca sul rame per rimuovere l&#8217;ossigeno e sul magnesio per rimuovere l&#8217;azoto, formando nitruro di magnesio.<\/p>\n","protected":false},"excerpt":{"rendered":"<p>Il nitruro di magnesio, che possiede la formula chimica Mg3N2, \u00e8 un composto inorganico di magnesio e azoto. A temperatura e pressione ambiente \u00e8 una polvere giallo verdastra. Propriet\u00e0 fisiche Formula chimica:Mg3N2 Massa molare:100.9494 g\/mol Aspetto: polvere giallo verdastra Densit\u00e0:2.712 g\/cm3 Punto di fusione: ca. 1500\u00b0C Applicazioni Il nitruro di magnesio \u00e8 stato il catalizzatore [&hellip;]<\/p>\n","protected":false},"featured_media":999436,"comment_status":"open","ping_status":"closed","template":"","meta":{"_acf_changed":false},"product_brand":[],"product_cat":[202],"product_tag":[],"class_list":{"0":"post-1009602","1":"product","2":"type-product","3":"status-publish","4":"has-post-thumbnail","6":"product_cat-materiali-c-n-b-si","8":"first","9":"instock","10":"shipping-taxable","11":"purchasable","12":"product-type-variable"},"acf":[],"_links":{"self":[{"href":"https:\/\/vimaterial.de\/it\/wp-json\/wp\/v2\/product\/1009602","targetHints":{"allow":["GET"]}}],"collection":[{"href":"https:\/\/vimaterial.de\/it\/wp-json\/wp\/v2\/product"}],"about":[{"href":"https:\/\/vimaterial.de\/it\/wp-json\/wp\/v2\/types\/product"}],"replies":[{"embeddable":true,"href":"https:\/\/vimaterial.de\/it\/wp-json\/wp\/v2\/comments?post=1009602"}],"wp:featuredmedia":[{"embeddable":true,"href":"https:\/\/vimaterial.de\/it\/wp-json\/wp\/v2\/media\/999436"}],"wp:attachment":[{"href":"https:\/\/vimaterial.de\/it\/wp-json\/wp\/v2\/media?parent=1009602"}],"wp:term":[{"taxonomy":"product_brand","embeddable":true,"href":"https:\/\/vimaterial.de\/it\/wp-json\/wp\/v2\/product_brand?post=1009602"},{"taxonomy":"product_cat","embeddable":true,"href":"https:\/\/vimaterial.de\/it\/wp-json\/wp\/v2\/product_cat?post=1009602"},{"taxonomy":"product_tag","embeddable":true,"href":"https:\/\/vimaterial.de\/it\/wp-json\/wp\/v2\/product_tag?post=1009602"}],"curies":[{"name":"wp","href":"https:\/\/api.w.org\/{rel}","templated":true}]}}