{"id":1009561,"date":"2024-06-17T14:08:41","date_gmt":"2024-06-17T06:08:41","guid":{"rendered":"https:\/\/vimaterial.de\/product\/boruro-di-magnesio-2\/"},"modified":"2024-11-13T17:28:28","modified_gmt":"2024-11-13T09:28:28","slug":"boruro-di-magnesio-2","status":"publish","type":"product","link":"https:\/\/vimaterial.de\/it\/product\/boruro-di-magnesio-2\/","title":{"rendered":"Boruro di magnesio"},"content":{"rendered":"<p>Il boruro di magnesio \u00e8 il composto inorganico con la formula MgB2. \u00c8 un solido grigio scuro, insolubile in acqua, la struttura cristallina appartiene al sistema esagonale. \u00c8 un composto intercalato con strati alternati di magnesio e boro.<\/p>\n<p>MgB2 \u00e8 un superconduttore multibanda, cio\u00e8 ogni superficie di Fermi ha un diverso gap di energia superconduttiva. Per MgB2, il legame sigma del boro \u00e8 forte e induce un grande gap superconduttore dell&#8217;onda s e il legame pi greco \u00e8 debole e induce un piccolo gap dell&#8217;onda s. Gli stati di quasiparticella dei vortici di grande gap sono altamente confinati al nucleo del vortice. D&#8217;altra parte, gli stati di quasiparticella di piccolo gap sono debolmente legati al nucleo del vortice. In questo modo possono essere delocalizzati e sovrapporsi facilmente tra vortici adiacenti. Tale delocalizzazione pu\u00f2 contribuire fortemente alla conduttivit\u00e0 termica, che mostra un brusco aumento al di sopra di Hc1.<\/p>\n<h2><span style=\"font-size: 14pt;\">Propriet\u00e0 fisiche<\/span><\/h2>\n<p>Formula chimica:MgB2<\/p>\n<p>Densit\u00e0 2,57 g\/cm3<\/p>\n<p>Massa molare 45,93 g\/mol<\/p>\n<p>Struttura cristallina:esagonale, hP3<\/p>\n<p>Punto di fusione 830 \u00b0C (1.530 \u00b0F; 1.100 K) (si decompone)<\/p>\n<p>Gruppo spaziale:P6\/mmm, n. 191<\/p>\n<h2><span style=\"font-size: 14pt;\">Applicazioni<\/span><\/h2>\n<h3><span style=\"font-size: 12pt;\">1. Superconduttori<\/span><\/h3>\n<p>Le propriet\u00e0 superconduttive e il basso costo rendono il boruro di magnesio attraente per una variet\u00e0 di applicazioni. Per queste applicazioni, la polvere di boruro di magnesio viene compressa con metallo argentato (o acciaio inossidabile 316) in filo e talvolta nastro adesivo tramite il processo PIT. <\/p>\n<h3><span style=\"font-size: 12pt;\">2. Propellenti, esplosivi, pirotecnici<\/span><\/h3>\n<p>A differenza del boro elementare, la cui combustione \u00e8 incompleta a causa dello strato di ossido vetroso che impedisce la diffusione dell&#8217;ossigeno, il boruro di magnesio brucia completamente quando viene acceso nell&#8217;ossigeno o in miscele con ossidanti. Cos\u00ec il boruro di magnesio \u00e8 stato proposto come carburante nei jet ariete. Inoltre, per le stesse ragioni \u00e8 stato proposto l&#8217;uso di MgB2 negli esplosivi e nei propellenti potenziati dall&#8217;esplosione.<\/p>\n","protected":false},"excerpt":{"rendered":"<p>Il boruro di magnesio \u00e8 il composto inorganico con la formula MgB2. \u00c8 un solido grigio scuro, insolubile in acqua, la struttura cristallina appartiene al sistema esagonale. \u00c8 un composto intercalato con strati alternati di magnesio e boro. MgB2 \u00e8 un superconduttore multibanda, cio\u00e8 ogni superficie di Fermi ha un diverso gap di energia superconduttiva. [&hellip;]<\/p>\n","protected":false},"featured_media":999466,"comment_status":"open","ping_status":"closed","template":"","meta":{"_acf_changed":false},"product_brand":[],"product_cat":[202],"product_tag":[],"class_list":{"0":"post-1009561","1":"product","2":"type-product","3":"status-publish","4":"has-post-thumbnail","6":"product_cat-materiali-c-n-b-si","8":"first","9":"instock","10":"shipping-taxable","11":"purchasable","12":"product-type-variable"},"acf":[],"_links":{"self":[{"href":"https:\/\/vimaterial.de\/it\/wp-json\/wp\/v2\/product\/1009561","targetHints":{"allow":["GET"]}}],"collection":[{"href":"https:\/\/vimaterial.de\/it\/wp-json\/wp\/v2\/product"}],"about":[{"href":"https:\/\/vimaterial.de\/it\/wp-json\/wp\/v2\/types\/product"}],"replies":[{"embeddable":true,"href":"https:\/\/vimaterial.de\/it\/wp-json\/wp\/v2\/comments?post=1009561"}],"wp:featuredmedia":[{"embeddable":true,"href":"https:\/\/vimaterial.de\/it\/wp-json\/wp\/v2\/media\/999466"}],"wp:attachment":[{"href":"https:\/\/vimaterial.de\/it\/wp-json\/wp\/v2\/media?parent=1009561"}],"wp:term":[{"taxonomy":"product_brand","embeddable":true,"href":"https:\/\/vimaterial.de\/it\/wp-json\/wp\/v2\/product_brand?post=1009561"},{"taxonomy":"product_cat","embeddable":true,"href":"https:\/\/vimaterial.de\/it\/wp-json\/wp\/v2\/product_cat?post=1009561"},{"taxonomy":"product_tag","embeddable":true,"href":"https:\/\/vimaterial.de\/it\/wp-json\/wp\/v2\/product_tag?post=1009561"}],"curies":[{"name":"wp","href":"https:\/\/api.w.org\/{rel}","templated":true}]}}