{"id":1009522,"date":"2024-06-17T14:08:42","date_gmt":"2024-06-17T06:08:42","guid":{"rendered":"https:\/\/vimaterial.de\/product\/bromuro-di-magnesio\/"},"modified":"2024-11-13T17:36:17","modified_gmt":"2024-11-13T09:36:17","slug":"bromuro-di-magnesio","status":"publish","type":"product","link":"https:\/\/vimaterial.de\/it\/product\/bromuro-di-magnesio\/","title":{"rendered":"Bromuro di magnesio"},"content":{"rendered":"<p>Il bromuro di magnesio (MgBr\u2082) \u00e8 un composto inorganico composto da magnesio e bromo. \u00c8 comunemente usato in una variet\u00e0 di applicazioni industriali, chimiche e farmaceutiche. Il bromuro di magnesio \u00e8 un sale che esiste tipicamente come un solido bianco igroscopico solubile in acqua e altri solventi.  <\/p>\n<h2><span style=\"font-size: 14pt;\">Propriet\u00e0 fisiche<\/span><\/h2>\n<p>Formula chimica:MgBr2 (anidro)\/MgBr2\u00b76H2O (esaidrato) Massa molare:184,113 g\/mol (anidro)\/292,204 g\/mol (esaidrato)<\/p>\n<p>Aspetto: cristalli esagonali igroscopici bianchi (anidri) cristalli monoclini incolori (esaidrato)<\/p>\n<p>Densit\u00e0: 3,72 g\/cm3 (anidro)\/2,07 g\/cm3 (esaidrato)<\/p>\n<p>Punto di fusione: 711 \u00b0C (1.312 \u00b0F; 984 K) 172,4 \u00b0C, si decompone (esaidrato)<\/p>\n<p>Punto di ebollizione: 1.250 \u00b0C (2.280 \u00b0F; 1.520 K)<\/p>\n<p>Solubilit\u00e0 in acqua:102 g\/100 mL (anidro)\/316 g\/100 mL (0 \u00b0C, esaidrato)<\/p>\n<p>Solubilit\u00e0:etanolo: 6,9 g\/100 mL<\/p>\n<p>metanolo: 21,8 g\/100 mL<\/p>\n<p>Suscettibilit\u00e0 magnetica (\u03c7):\u221272,0\u00b710\u22126 cm3\/mol<\/p>\n<h2><span style=\"font-size: 14pt;\">Applicazioni<\/span><\/h2>\n<p>Sintesi chimica: il bromuro di magnesio viene utilizzato nella preparazione di varie altre sostanze chimiche, inclusi composti organici e inorganici, attraverso reazioni come lo scambio di alogeni o come catalizzatore in alcuni processi chimici. Industria farmaceutica: L&#8217;MgBr\u2082 viene utilizzato nelle formulazioni farmaceutiche, dove pu\u00f2 essere una fonte di magnesio nei farmaci o utilizzato per le sue propriet\u00e0 sedative e miorilassanti. A volte si trova nei farmaci per l&#8217;ansia, gli spasmi muscolari o come lassativo in alcune formulazioni. Fonte di magnesio: Il bromuro di magnesio viene utilizzato come fonte di magnesio nella produzione di magnesio metallico e altri composti a base di magnesio. Pu\u00f2 essere impiegato nella preparazione di leghe di magnesio e come reagente nella produzione di altri sali di magnesio. Industria petrolifera e del gas: l&#8217;MgBr\u2082 viene utilizzato nell&#8217;industria petrolifera come parte dei fluidi di perforazione, dove aiuta a controllare la viscosit\u00e0 e la densit\u00e0 dei fluidi. Ignifugo: MgBr\u2082 pu\u00f2 essere utilizzato in applicazioni ignifughe grazie al suo alto punto di fusione e alla sua natura stabile. A volte viene anche utilizzato nella preparazione di materiali ignifughi.<\/p>\n<h2><span style=\"font-size: 14pt;\">Sicurezza e maneggevolezza<\/span><\/h2>\n<p>Tossicit\u00e0: il bromuro di magnesio \u00e8 generalmente considerato a bassa tossicit\u00e0, anche se deve comunque essere maneggiato con cura, soprattutto in ambienti industriali in cui sono coinvolte grandi quantit\u00e0. L&#8217;ingestione o l&#8217;esposizione eccessiva possono causare irritazione all&#8217;apparato digerente o alla pelle. Conservazione: A causa della sua natura igroscopica, il bromuro di magnesio deve essere conservato in contenitori ermeticamente chiusi per evitare l&#8217;assorbimento di umidit\u00e0, che potrebbe causarne la degradazione o la formazione di forme idratate del sale. <\/p>\n","protected":false},"excerpt":{"rendered":"<p>Il bromuro di magnesio (MgBr\u2082) \u00e8 un composto inorganico composto da magnesio e bromo. \u00c8 comunemente usato in una variet\u00e0 di applicazioni industriali, chimiche e farmaceutiche. Il bromuro di magnesio \u00e8 un sale che esiste tipicamente come un solido bianco igroscopico solubile in acqua e altri solventi. Propriet\u00e0 fisiche Formula chimica:MgBr2 (anidro)\/MgBr2\u00b76H2O (esaidrato) Massa molare:184,113 [&hellip;]<\/p>\n","protected":false},"featured_media":999481,"comment_status":"open","ping_status":"closed","template":"","meta":{"_acf_changed":false},"product_brand":[],"product_cat":[201],"product_tag":[],"class_list":{"0":"post-1009522","1":"product","2":"type-product","3":"status-publish","4":"has-post-thumbnail","6":"product_cat-materiali-a-base-di-alogenuri","8":"first","9":"instock","10":"shipping-taxable","11":"product-type-variable"},"acf":[],"_links":{"self":[{"href":"https:\/\/vimaterial.de\/it\/wp-json\/wp\/v2\/product\/1009522","targetHints":{"allow":["GET"]}}],"collection":[{"href":"https:\/\/vimaterial.de\/it\/wp-json\/wp\/v2\/product"}],"about":[{"href":"https:\/\/vimaterial.de\/it\/wp-json\/wp\/v2\/types\/product"}],"replies":[{"embeddable":true,"href":"https:\/\/vimaterial.de\/it\/wp-json\/wp\/v2\/comments?post=1009522"}],"wp:featuredmedia":[{"embeddable":true,"href":"https:\/\/vimaterial.de\/it\/wp-json\/wp\/v2\/media\/999481"}],"wp:attachment":[{"href":"https:\/\/vimaterial.de\/it\/wp-json\/wp\/v2\/media?parent=1009522"}],"wp:term":[{"taxonomy":"product_brand","embeddable":true,"href":"https:\/\/vimaterial.de\/it\/wp-json\/wp\/v2\/product_brand?post=1009522"},{"taxonomy":"product_cat","embeddable":true,"href":"https:\/\/vimaterial.de\/it\/wp-json\/wp\/v2\/product_cat?post=1009522"},{"taxonomy":"product_tag","embeddable":true,"href":"https:\/\/vimaterial.de\/it\/wp-json\/wp\/v2\/product_tag?post=1009522"}],"curies":[{"name":"wp","href":"https:\/\/api.w.org\/{rel}","templated":true}]}}