{"id":1009507,"date":"2024-06-17T14:08:43","date_gmt":"2024-06-17T06:08:43","guid":{"rendered":"https:\/\/vimaterial.de\/product\/fluoruro-di-magnesio-2\/"},"modified":"2024-11-13T16:29:26","modified_gmt":"2024-11-13T08:29:26","slug":"fluoruro-di-magnesio-2","status":"publish","type":"product","link":"https:\/\/vimaterial.de\/it\/product\/fluoruro-di-magnesio-2\/","title":{"rendered":"Fluoruro di magnesio"},"content":{"rendered":"<p>Il fluoruro di magnesio (MgF2) \u00e8 un composto inorganico composto da magnesio e fluoro, comunemente noto per la sua elevata trasparenza e durata. \u00c8 ampiamente utilizzato in ottica e altre applicazioni specializzate grazie alle sue propriet\u00e0 favorevoli. <\/p>\n<h2><span style=\"font-size: 14pt;\">Propriet\u00e0 fisiche:<\/span><\/h2>\n<p>Formula chimica:MgF2<\/p>\n<p>Massa molare:62.3018 g\/mol<\/p>\n<p>Aspetto: cristalli tetragonali bianchi<\/p>\n<p>Densit\u00e0: 3,148 g \/ cm3<\/p>\n<p>Punto di fusione: 1.263 \u00b0C (2.305 \u00b0F; 1.536 K)<\/p>\n<p>Punto di ebollizione: 2.260 \u00b0C (4.100 \u00b0F; 2.530 K)<\/p>\n<p>Solubilit\u00e0 in acqua:0,013 g\/100 mL<\/p>\n<p>Solubilit\u00e0: insolubile in etanolo<\/p>\n<p>Suscettibilit\u00e0 magnetica (\u03c7):\u221222,7\u22c510\u22126 cm3\/mol<\/p>\n<p>Indice di rifrazione (nD):1,37397<\/p>\n<p>Struttura: Ha una struttura cristallina tetragonale, che contribuisce alle sue propriet\u00e0 ottiche uniche, tra cui un&#8217;ampia gamma di trasparenza.<\/p>\n<h2><span style=\"font-size: 14pt;\">Applicazioni:<\/span><\/h2>\n<p>Ottiche e rivestimenti: grazie alla sua ampia gamma di trasparenza, MgF2 viene spesso utilizzato per lenti, finestre e prismi in dispositivi ottici, tra cui fotocamere, telescopi e sistemi laser. Viene spesso applicato come rivestimento sottile per ridurre i riflessi su lenti e schermi. Ottiche UV: la trasparenza UV del fluoruro di magnesio lo rende ideale per ottiche e strumenti UV, come gli spettrometri, dove una trasmissione accurata della luce UV \u00e8 fondamentale. Applicazioni ad alta temperatura: MgF2 pu\u00f2 resistere alle alte temperature e viene utilizzato in alcune applicazioni specializzate nel settore aerospaziale e nell&#8217;elettronica ad alta temperatura. <\/p>\n<h2><span style=\"font-size: 14pt;\">Produzione e lavorazione:<\/span><\/h2>\n<p>L&#8217;MgF2 pu\u00f2 essere prodotto in lenti, prismi o rivestimenti attraverso processi come la deposizione sotto vuoto o la sinterizzazione. Il suo alto punto di fusione (1.261 \u00b0C) gli consente di resistere alle esigenze degli ambienti ad alta temperatura, ma la sua fragilit\u00e0 richiede un&#8217;attenta manipolazione durante la sagomatura e la lucidatura. <\/p>\n","protected":false},"excerpt":{"rendered":"<p>Il fluoruro di magnesio (MgF2) \u00e8 un composto inorganico composto da magnesio e fluoro, comunemente noto per la sua elevata trasparenza e durata. \u00c8 ampiamente utilizzato in ottica e altre applicazioni specializzate grazie alle sue propriet\u00e0 favorevoli. Propriet\u00e0 fisiche: Formula chimica:MgF2 Massa molare:62.3018 g\/mol Aspetto: cristalli tetragonali bianchi Densit\u00e0: 3,148 g \/ cm3 Punto di [&hellip;]<\/p>\n","protected":false},"featured_media":999496,"comment_status":"open","ping_status":"closed","template":"","meta":{"_acf_changed":false},"product_brand":[],"product_cat":[198],"product_tag":[],"class_list":{"0":"post-1009507","1":"product","2":"type-product","3":"status-publish","4":"has-post-thumbnail","6":"product_cat-materiali-per-levaporazione","8":"first","9":"instock","10":"shipping-taxable","11":"purchasable","12":"product-type-variable"},"acf":[],"_links":{"self":[{"href":"https:\/\/vimaterial.de\/it\/wp-json\/wp\/v2\/product\/1009507","targetHints":{"allow":["GET"]}}],"collection":[{"href":"https:\/\/vimaterial.de\/it\/wp-json\/wp\/v2\/product"}],"about":[{"href":"https:\/\/vimaterial.de\/it\/wp-json\/wp\/v2\/types\/product"}],"replies":[{"embeddable":true,"href":"https:\/\/vimaterial.de\/it\/wp-json\/wp\/v2\/comments?post=1009507"}],"wp:featuredmedia":[{"embeddable":true,"href":"https:\/\/vimaterial.de\/it\/wp-json\/wp\/v2\/media\/999496"}],"wp:attachment":[{"href":"https:\/\/vimaterial.de\/it\/wp-json\/wp\/v2\/media?parent=1009507"}],"wp:term":[{"taxonomy":"product_brand","embeddable":true,"href":"https:\/\/vimaterial.de\/it\/wp-json\/wp\/v2\/product_brand?post=1009507"},{"taxonomy":"product_cat","embeddable":true,"href":"https:\/\/vimaterial.de\/it\/wp-json\/wp\/v2\/product_cat?post=1009507"},{"taxonomy":"product_tag","embeddable":true,"href":"https:\/\/vimaterial.de\/it\/wp-json\/wp\/v2\/product_tag?post=1009507"}],"curies":[{"name":"wp","href":"https:\/\/api.w.org\/{rel}","templated":true}]}}