{"id":1009492,"date":"2024-06-17T14:08:43","date_gmt":"2024-06-17T06:08:43","guid":{"rendered":"https:\/\/vimaterial.de\/product\/fluoruro-di-magnesio\/"},"modified":"2024-11-13T16:39:31","modified_gmt":"2024-11-13T08:39:31","slug":"fluoruro-di-magnesio","status":"publish","type":"product","link":"https:\/\/vimaterial.de\/it\/product\/fluoruro-di-magnesio\/","title":{"rendered":"Fluoruro di magnesio"},"content":{"rendered":"<p>Il bersaglio per sputtering di fluoruro di magnesio \u00e8 un disco solido o un&#8217;altra forma di materiale in fluoruro di magnesio ad alta purezza specificamente progettato per la deposizione di film sottili attraverso lo sputtering. I target di MgF\u2082 sono comunemente utilizzati nei processi di deposizione fisica da vapore (PVD) per creare rivestimenti sottili e trasparenti su substrati, in particolare in applicazioni ottiche e protettive. <\/p>\n<h2><span style=\"font-size: 14pt;\">Composizione e struttura<\/span><\/h2>\n<p>Materiale: MgF\u2082 ad alta purezza, spesso preparato con livelli di purezza del 99,9% o superiori per garantire una qualit\u00e0 costante del film e ridurre le impurit\u00e0 nel rivestimento. Struttura: Tipicamente densa e omogenea per resistere all&#8217;ambiente ad alta energia della camera di sputtering e garantire una deposizione uniforme. L&#8217;MgF\u2082 ha una struttura cristallina che contribuisce alle sue propriet\u00e0 ottiche uniche, in particolare per la trasmissione della luce UV e visibile.<\/p>\n<h2><span style=\"font-size: 14pt;\">Propriet\u00e0<\/span><\/h2>\n<p>Ampio intervallo di trasmissione: i bersagli di fluoruro di magnesio creati dallo sputtering sono trasparenti in un&#8217;ampia gamma di lunghezze d&#8217;onda, dalle regioni dell&#8217;ultravioletto (UV) a quelle dell&#8217;infrarosso (IR), il che li rende ideali per i componenti ottici. Basso indice di rifrazione: MgF\u2082 ha un basso indice di rifrazione (circa 1,38), che gli consente di produrre rivestimenti antiriflesso che riducono la riflessione della luce e migliorano la nitidezza delle lenti ottiche e dei display. Durata e stabilit\u00e0: il rivestimento MgF\u2082 \u00e8 stabile, resistente ai graffi e pu\u00f2 resistere all&#8217;esposizione all&#8217;umidit\u00e0, rendendolo adatto per applicazioni all&#8217;aperto e in ambienti difficili. Stabilit\u00e0 termica: i film di MgF\u2082 mantengono le loro propriet\u00e0 a una gamma di temperature, vantaggiose nell&#8217;ottica o nell&#8217;elettronica ad alta temperatura.<\/p>\n<h2><span style=\"font-size: 14pt;\">Applicazioni<\/span><\/h2>\n<p>Rivestimenti ottici: il bersaglio sputtering al fluoruro di magnesio viene comunemente spruzzato su lenti, specchi e altri componenti ottici per creare rivestimenti antiriflesso. Questo \u00e8 essenziale in campi come la fotografia, le telecomunicazioni e la strumentazione scientifica. Applicazioni UV e IR: grazie alla sua elevata trasparenza negli spettri UV e IR, i rivestimenti MgF\u2082 sono preziosi nelle ottiche UV, nei sensori IR e in altri dispositivi che richiedono una trasmissione chiara attraverso queste lunghezze d&#8217;onda. Strati protettivi: i bersagli sputtering al fluoruro di magnesio vengono utilizzati anche per creare strati protettivi nell&#8217;elettronica e nei pannelli dei display, offrendo sia trasparenza che una superficie resistente ai graffi. <\/p>\n<h2><span style=\"font-size: 14pt;\">Specifiche del bersaglio<\/span><\/h2>\n<p>I bersagli sputtering al fluoruro di magnesio sono spesso disponibili in varie dimensioni e spessori (ad esempio, bersagli rotondi, bersagli quadrati) per adattarsi a diverse apparecchiature di sputtering e sono realizzati per ridurre al minimo le impurit\u00e0 e la porosit\u00e0 per garantire film sottili di alta qualit\u00e0.<\/p>\n","protected":false},"excerpt":{"rendered":"<p>Il bersaglio per sputtering di fluoruro di magnesio \u00e8 un disco solido o un&#8217;altra forma di materiale in fluoruro di magnesio ad alta purezza specificamente progettato per la deposizione di film sottili attraverso lo sputtering. I target di MgF\u2082 sono comunemente utilizzati nei processi di deposizione fisica da vapore (PVD) per creare rivestimenti sottili e [&hellip;]<\/p>\n","protected":false},"featured_media":999511,"comment_status":"open","ping_status":"closed","template":"","meta":{"_acf_changed":false},"product_brand":[],"product_cat":[197],"product_tag":[],"class_list":{"0":"post-1009492","1":"product","2":"type-product","3":"status-publish","4":"has-post-thumbnail","6":"product_cat-obiettivi-di-sputtering-planari","8":"first","9":"instock","10":"shipping-taxable","11":"purchasable","12":"product-type-variable"},"acf":[],"_links":{"self":[{"href":"https:\/\/vimaterial.de\/it\/wp-json\/wp\/v2\/product\/1009492","targetHints":{"allow":["GET"]}}],"collection":[{"href":"https:\/\/vimaterial.de\/it\/wp-json\/wp\/v2\/product"}],"about":[{"href":"https:\/\/vimaterial.de\/it\/wp-json\/wp\/v2\/types\/product"}],"replies":[{"embeddable":true,"href":"https:\/\/vimaterial.de\/it\/wp-json\/wp\/v2\/comments?post=1009492"}],"wp:featuredmedia":[{"embeddable":true,"href":"https:\/\/vimaterial.de\/it\/wp-json\/wp\/v2\/media\/999511"}],"wp:attachment":[{"href":"https:\/\/vimaterial.de\/it\/wp-json\/wp\/v2\/media?parent=1009492"}],"wp:term":[{"taxonomy":"product_brand","embeddable":true,"href":"https:\/\/vimaterial.de\/it\/wp-json\/wp\/v2\/product_brand?post=1009492"},{"taxonomy":"product_cat","embeddable":true,"href":"https:\/\/vimaterial.de\/it\/wp-json\/wp\/v2\/product_cat?post=1009492"},{"taxonomy":"product_tag","embeddable":true,"href":"https:\/\/vimaterial.de\/it\/wp-json\/wp\/v2\/product_tag?post=1009492"}],"curies":[{"name":"wp","href":"https:\/\/api.w.org\/{rel}","templated":true}]}}