{"id":1009468,"date":"2024-06-17T14:09:49","date_gmt":"2024-06-17T06:09:49","guid":{"rendered":"https:\/\/vimaterial.de\/product\/galliato-di-magnesio\/"},"modified":"2024-11-14T10:09:13","modified_gmt":"2024-11-14T02:09:13","slug":"galliato-di-magnesio","status":"publish","type":"product","link":"https:\/\/vimaterial.de\/it\/product\/galliato-di-magnesio\/","title":{"rendered":"Gallato di magnesio"},"content":{"rendered":"<p>Il gallato di magnesio (MgGa\u2082O\u2084) \u00e8 un composto ceramico formato dalla combinazione di magnesio (Mg), gallio (Ga) e ossigeno (O). Cristallizza nella struttura dello spinello, dove gli ioni Mg\u00b2\u207a occupano i siti tetraedrici e gli ioni Ga\u00b3\u207a riempiono i siti ottaedrici. Questa struttura contribuisce alla sua elevata stabilit\u00e0 termica e chimica, rendendola ideale per varie applicazioni ad alta temperatura.  <\/p>\n<h2><span style=\"font-size: 14pt;\">Propriet\u00e0:<\/span><\/h2>\n<p>Struttura cristallina: Il gallato di magnesio ha una struttura cristallina cubica di spinello, con il gruppo spaziale Fd-3m. Questa struttura \u00e8 nota per la sua stabilit\u00e0, che consente un&#8217;elevata resistenza alla deformazione e stabilit\u00e0 alle alte temperature. Densit\u00e0: in genere ha una densit\u00e0 di circa 4,6 g\/cm\u00b3, che \u00e8 relativamente alta per i materiali di tipo spinello. Dilatazione termica e stabilit\u00e0: MgGa\u2082O\u2084 presenta una bassa dilatazione termica e un&#8217;elevata stabilit\u00e0 termica, il che lo rende un candidato per la ceramica ad alta temperatura. Propriet\u00e0 ottiche: Il gallato di magnesio \u00e8 trasparente nella gamma del visibile e del vicino infrarosso (IR). La sua ampia banda proibita (tipicamente intorno a 5 eV) lo rende un materiale isolante e gli conferisce un alto grado di trasparenza in queste regioni. <\/p>\n<h2><span style=\"font-size: 14pt;\">Applicazioni<\/span><\/h2>\n<p>Optoelettronica: le sue propriet\u00e0 luminescenti e ottiche lo rendono utile nei fosfori LED e nelle tecnologie di visualizzazione, in particolare per la produzione di luce blu e verde. Ceramica ad alta temperatura: la stabilit\u00e0 termica e chimica dello spinello MgGa\u2082O\u2084 lo rende adatto per l&#8217;uso in componenti ceramici ad alta temperatura, in particolare quelli esposti a condizioni difficili. Catalisi: a causa della sua stabilit\u00e0 strutturale e dell&#8217;elevata area superficiale (soprattutto se sintetizzato come nanocristalli), il gallato di magnesio pu\u00f2 fungere da catalizzatore o supporto catalizzatore nelle reazioni chimiche. Rivestimenti e rivestimenti: la corrosione e la stabilit\u00e0 termica del materiale lo rendono utile come rivestimento in forni, reattori e altri ambienti ad alta temperatura. Finestre in ceramica trasparente: la trasparenza ottica degli spinelli in MgGa\u2082O\u2084 li rende potenziali candidati per finestre o coperture in ceramica trasparente in applicazioni ottiche e IR.<\/p>\n","protected":false},"excerpt":{"rendered":"<p>Il gallato di magnesio (MgGa\u2082O\u2084) \u00e8 un composto ceramico formato dalla combinazione di magnesio (Mg), gallio (Ga) e ossigeno (O). Cristallizza nella struttura dello spinello, dove gli ioni Mg\u00b2\u207a occupano i siti tetraedrici e gli ioni Ga\u00b3\u207a riempiono i siti ottaedrici. Questa struttura contribuisce alla sua elevata stabilit\u00e0 termica e chimica, rendendola ideale per varie [&hellip;]<\/p>\n","protected":false},"featured_media":999535,"comment_status":"open","ping_status":"closed","template":"","meta":{"_acf_changed":false},"product_brand":[],"product_cat":[197],"product_tag":[],"class_list":{"0":"post-1009468","1":"product","2":"type-product","3":"status-publish","4":"has-post-thumbnail","6":"product_cat-obiettivi-di-sputtering-planari","8":"first","9":"instock","10":"shipping-taxable","11":"purchasable","12":"product-type-variable"},"acf":[],"_links":{"self":[{"href":"https:\/\/vimaterial.de\/it\/wp-json\/wp\/v2\/product\/1009468","targetHints":{"allow":["GET"]}}],"collection":[{"href":"https:\/\/vimaterial.de\/it\/wp-json\/wp\/v2\/product"}],"about":[{"href":"https:\/\/vimaterial.de\/it\/wp-json\/wp\/v2\/types\/product"}],"replies":[{"embeddable":true,"href":"https:\/\/vimaterial.de\/it\/wp-json\/wp\/v2\/comments?post=1009468"}],"wp:featuredmedia":[{"embeddable":true,"href":"https:\/\/vimaterial.de\/it\/wp-json\/wp\/v2\/media\/999535"}],"wp:attachment":[{"href":"https:\/\/vimaterial.de\/it\/wp-json\/wp\/v2\/media?parent=1009468"}],"wp:term":[{"taxonomy":"product_brand","embeddable":true,"href":"https:\/\/vimaterial.de\/it\/wp-json\/wp\/v2\/product_brand?post=1009468"},{"taxonomy":"product_cat","embeddable":true,"href":"https:\/\/vimaterial.de\/it\/wp-json\/wp\/v2\/product_cat?post=1009468"},{"taxonomy":"product_tag","embeddable":true,"href":"https:\/\/vimaterial.de\/it\/wp-json\/wp\/v2\/product_tag?post=1009468"}],"curies":[{"name":"wp","href":"https:\/\/api.w.org\/{rel}","templated":true}]}}