{"id":1009459,"date":"2024-06-17T14:09:49","date_gmt":"2024-06-17T06:09:49","guid":{"rendered":"https:\/\/vimaterial.de\/product\/fluoruro-di-magnesio-e-neodimio-dfm\/"},"modified":"2024-11-13T16:13:49","modified_gmt":"2024-11-13T08:13:49","slug":"fluoruro-di-magnesio-e-neodimio-dfm","status":"publish","type":"product","link":"https:\/\/vimaterial.de\/it\/product\/fluoruro-di-magnesio-e-neodimio-dfm\/","title":{"rendered":"Fluoruro di magnesio-fluoruro di neodimio (DFM)"},"content":{"rendered":"<p>Il fluoruro di magnesio-neodimio \u00e8 un composto composto da atomi di magnesio, neodimio e fluoro. Di solito \u00e8 rappresentato con la formula MgF2-NdF3. Il fluoruro di magnesio-fluoruro di neodimio \u00e8 un materiale speciale tipicamente prodotto per l&#8217;uso nella scienza avanzata dei materiali, comprese le applicazioni nei materiali ottici, nei sistemi laser e nell&#8217;elettronica potenziale.  <\/p>\n<h2><span style=\"font-size: 14pt;\">Propriet\u00e0 fisiche:<\/span><\/h2>\n<p>Aspetto: Spesso appare come una polvere o un cristallo rosa pallido o viola, tipico di molti composti contenenti neodimio. Densit\u00e0: La densit\u00e0 pu\u00f2 variare a seconda della sua struttura cristallina, ma \u00e8 generalmente nell&#8217;intervallo di 4-5 g\/cm\u00b3 a causa dell&#8217;elevato contenuto di neodimio. Punto di fusione: alto punto di fusione dovuto alla componente di fluoruro, tipicamente superiore a 1000\u00b0C.<\/p>\n<h2><span style=\"font-size: 14pt;\">Applicazioni:<\/span><\/h2>\n<p>Materiali ottici: lo ione neodimio nella matrice di fluoruro fornisce propriet\u00e0 ottiche uniche, che lo rendono utile per l&#8217;ottica laser e i componenti ottici di alta precisione. Elettronica: potenziali applicazioni nei materiali elettronici, dove i fluoruri drogati con terre rare offrono propriet\u00e0 conduttive o luminescenti uniche. Sistemi laser: utilizzati in alcune applicazioni laser grazie alle qualit\u00e0 luminescenti del neodimio, che pu\u00f2 emettere luce nella gamma degli infrarossi. Ricerca Avanzata: Ha studiato nella ricerca sui materiali avanzati per lo sviluppo di nuovi tipi di dispositivi ottici ed elettronici.<\/p>\n<h2><span style=\"font-size: 14pt;\">Maneggevolezza e sicurezza:<\/span><\/h2>\n<p>Conservazione: Deve essere conservato in un contenitore asciutto e ben sigillato, poich\u00e9 i fluoruri possono assorbire l&#8217;umidit\u00e0 dall&#8217;aria. Rischi per la salute: come con altri composti fluorurati, l&#8217;inalazione o l&#8217;ingestione di fluoruro di magnesio-fluoruro di neodimio pu\u00f2 essere dannosa. Si consiglia l&#8217;uso di dispositivi di protezione quando si maneggia la polvere.<\/p>\n","protected":false},"excerpt":{"rendered":"<p>Il fluoruro di magnesio-neodimio \u00e8 un composto composto da atomi di magnesio, neodimio e fluoro. Di solito \u00e8 rappresentato con la formula MgF2-NdF3. Il fluoruro di magnesio-fluoruro di neodimio \u00e8 un materiale speciale tipicamente prodotto per l&#8217;uso nella scienza avanzata dei materiali, comprese le applicazioni nei materiali ottici, nei sistemi laser e nell&#8217;elettronica potenziale. Propriet\u00e0 [&hellip;]<\/p>\n","protected":false},"featured_media":999526,"comment_status":"open","ping_status":"closed","template":"","meta":{"_acf_changed":false},"product_brand":[],"product_cat":[198],"product_tag":[],"class_list":{"0":"post-1009459","1":"product","2":"type-product","3":"status-publish","4":"has-post-thumbnail","6":"product_cat-materiali-per-levaporazione","8":"first","9":"instock","10":"shipping-taxable","11":"product-type-variable"},"acf":[],"_links":{"self":[{"href":"https:\/\/vimaterial.de\/it\/wp-json\/wp\/v2\/product\/1009459","targetHints":{"allow":["GET"]}}],"collection":[{"href":"https:\/\/vimaterial.de\/it\/wp-json\/wp\/v2\/product"}],"about":[{"href":"https:\/\/vimaterial.de\/it\/wp-json\/wp\/v2\/types\/product"}],"replies":[{"embeddable":true,"href":"https:\/\/vimaterial.de\/it\/wp-json\/wp\/v2\/comments?post=1009459"}],"wp:featuredmedia":[{"embeddable":true,"href":"https:\/\/vimaterial.de\/it\/wp-json\/wp\/v2\/media\/999526"}],"wp:attachment":[{"href":"https:\/\/vimaterial.de\/it\/wp-json\/wp\/v2\/media?parent=1009459"}],"wp:term":[{"taxonomy":"product_brand","embeddable":true,"href":"https:\/\/vimaterial.de\/it\/wp-json\/wp\/v2\/product_brand?post=1009459"},{"taxonomy":"product_cat","embeddable":true,"href":"https:\/\/vimaterial.de\/it\/wp-json\/wp\/v2\/product_cat?post=1009459"},{"taxonomy":"product_tag","embeddable":true,"href":"https:\/\/vimaterial.de\/it\/wp-json\/wp\/v2\/product_tag?post=1009459"}],"curies":[{"name":"wp","href":"https:\/\/api.w.org\/{rel}","templated":true}]}}