{"id":1009406,"date":"2024-06-17T14:10:24","date_gmt":"2024-06-17T06:10:24","guid":{"rendered":"https:\/\/vimaterial.de\/product\/ossido-di-magnesio-3\/"},"modified":"2024-11-14T10:30:59","modified_gmt":"2024-11-14T02:30:59","slug":"ossido-di-magnesio-3","status":"publish","type":"product","link":"https:\/\/vimaterial.de\/it\/product\/ossido-di-magnesio-3\/","title":{"rendered":"Ossido di magnesio"},"content":{"rendered":"<p>L&#8217;ossido di magnesio (MgO) \u00e8 un composto inorganico noto per la sua vasta gamma di applicazioni in ceramica, refrattari, medicina e come materia prima industriale. \u00c8 un solido cristallino bianco, igroscopico, che si trova naturalmente come periclasio minerale. L&#8217;ossido di magnesio \u00e8 apprezzato per la sua stabilit\u00e0 termica, isolamento elettrico e basicit\u00e0, che lo rendono un materiale versatile in vari campi.  <\/p>\n<h2><span style=\"font-size: 14pt;\">Propriet\u00e0<\/span><\/h2>\n<p>Formula chimica: MgO<\/p>\n<p>Massa molare:40,304 g\/mol<\/p>\n<p>Aspetto: polvere bianca<\/p>\n<p>Odore: inodore<\/p>\n<p>Densit\u00e0: 3,6 g \/ cm3<\/p>\n<p>Punto di fusione: 2.852 \u00b0C (5.166 \u00b0F; 3.125 K)<\/p>\n<p>Punto di ebollizione: 3.600 \u00b0C (6.510 \u00b0F; 3.870 K)<\/p>\n<p>Solubilit\u00e0: solubile in acido, ammoniaca insolubile in alcool<\/p>\n<h2><span style=\"font-size: 14pt;\">Applicazioni<\/span><\/h2>\n<p>Combustione industriale della luce: utilizzata principalmente nella produzione di prodotti di magnesite.<\/p>\n<p>Grado avanzato dell&#8217;olio lubrificante: utilizzato principalmente per detergente, inibitore del vanadio e desolforatore nella lavorazione avanzata dell&#8217;olio lubrificante, che pu\u00f2 migliorare notevolmente la densit\u00e0 e la reologia del film lubrificante e ridurre il contenuto di ceneri.<\/p>\n<p>Commestibile: integratore di magnesio utilizzato come additivo alimentare, stabilizzatore del colore, regolatore del valore del pH come prodotti per la salute e alimenti.<\/p>\n<p>Grado medico: l&#8217;ossido di magnesio di grado medico pu\u00f2 essere utilizzato come antiacido, adsorbente, desolforatore, agente di rimozione del piombo, coadiuvante di filtrazione complesso e regolatore di PH nel campo biofarmaceutico.<\/p>\n<p>Livello elettromagnetico avanzato: per materiali paramagnetici wireless ad alta frequenza, antenna ad asta magnetica, componenti di modulazione di frequenza del nucleo magnetico. Invece della ferrite. Pu\u00f2 essere utilizzato nei materiali magnetici superconduttori compositi e anche nell&#8217;industria magnetica elettronica. Come &#8220;materiale magnetico morbido&#8221;. \u00c8 anche la materia prima ideale per smalti e ceramiche industriali.<\/p>\n<p>Ossido di magnesio ad alta purezza: ampiamente utilizzato come materiale resistente al calore ad alta temperatura. Viene utilizzato come materia prima del crogiolo ceramico permeabile alla luce e del substrato nel campo della ceramica.<\/p>\n","protected":false},"excerpt":{"rendered":"<p>L&#8217;ossido di magnesio (MgO) \u00e8 un composto inorganico noto per la sua vasta gamma di applicazioni in ceramica, refrattari, medicina e come materia prima industriale. \u00c8 un solido cristallino bianco, igroscopico, che si trova naturalmente come periclasio minerale. L&#8217;ossido di magnesio \u00e8 apprezzato per la sua stabilit\u00e0 termica, isolamento elettrico e basicit\u00e0, che lo rendono [&hellip;]<\/p>\n","protected":false},"featured_media":999565,"comment_status":"open","ping_status":"closed","template":"","meta":{"_acf_changed":false},"product_brand":[],"product_cat":[205],"product_tag":[],"class_list":{"0":"post-1009406","1":"product","2":"type-product","3":"status-publish","4":"has-post-thumbnail","6":"product_cat-materiali-ossidi-idrossidi","8":"first","9":"instock","10":"shipping-taxable","11":"purchasable","12":"product-type-variable"},"acf":[],"_links":{"self":[{"href":"https:\/\/vimaterial.de\/it\/wp-json\/wp\/v2\/product\/1009406","targetHints":{"allow":["GET"]}}],"collection":[{"href":"https:\/\/vimaterial.de\/it\/wp-json\/wp\/v2\/product"}],"about":[{"href":"https:\/\/vimaterial.de\/it\/wp-json\/wp\/v2\/types\/product"}],"replies":[{"embeddable":true,"href":"https:\/\/vimaterial.de\/it\/wp-json\/wp\/v2\/comments?post=1009406"}],"wp:featuredmedia":[{"embeddable":true,"href":"https:\/\/vimaterial.de\/it\/wp-json\/wp\/v2\/media\/999565"}],"wp:attachment":[{"href":"https:\/\/vimaterial.de\/it\/wp-json\/wp\/v2\/media?parent=1009406"}],"wp:term":[{"taxonomy":"product_brand","embeddable":true,"href":"https:\/\/vimaterial.de\/it\/wp-json\/wp\/v2\/product_brand?post=1009406"},{"taxonomy":"product_cat","embeddable":true,"href":"https:\/\/vimaterial.de\/it\/wp-json\/wp\/v2\/product_cat?post=1009406"},{"taxonomy":"product_tag","embeddable":true,"href":"https:\/\/vimaterial.de\/it\/wp-json\/wp\/v2\/product_tag?post=1009406"}],"curies":[{"name":"wp","href":"https:\/\/api.w.org\/{rel}","templated":true}]}}