{"id":1009338,"date":"2024-06-17T13:53:43","date_gmt":"2024-06-17T05:53:43","guid":{"rendered":"https:\/\/vimaterial.de\/product\/solfuro-di-litio\/"},"modified":"2024-11-07T16:41:05","modified_gmt":"2024-11-07T08:41:05","slug":"solfuro-di-litio","status":"publish","type":"product","link":"https:\/\/vimaterial.de\/it\/product\/solfuro-di-litio\/","title":{"rendered":"Solfuro di litio"},"content":{"rendered":"<p>Il solfuro di litio (Li\u2082S) \u00e8 un composto inorganico composto da litio e zolfo. Viene utilizzato principalmente nell&#8217;industria delle batterie, in particolare nelle batterie al litio-zolfo (Li-S), che sono considerate una tecnologia promettente per l&#8217;accumulo di energia ad alta capacit\u00e0 grazie alla loro elevata densit\u00e0 di energia teorica e al design leggero. <\/p>\n<p>&nbsp;<\/p>\n<h2><span style=\"font-size: 14pt;\">Propriet\u00e0 fisiche:<\/span><\/h2>\n<p>Formula chimica: Li2S<\/p>\n<p>CAS#:12136-58-2<\/p>\n<p>Massa molare: 45,95 g \/ mol<\/p>\n<p>Aspetto: solido bianco<\/p>\n<p>Densit\u00e0: 1,67 g\/cm3<\/p>\n<p>Punto di fusione: 938 \u00b0C (1.720 \u00b0F; 1.211 K)<\/p>\n<p>Punto di ebollizione:1,372 \u00b0C (2,502 \u00b0F; 1,645 K)<\/p>\n<p>Solubilit\u00e0 in acqua: molto solubile, idrolizza in LiOH e H2S<\/p>\n<p>Solubilit\u00e0: molto solubile in etanolo<\/p>\n<p>Struttura cristallina: antifluorite (cubica), cF12<\/p>\n<p>&nbsp;<\/p>\n<h2><span style=\"font-size: 14pt;\">Propriet\u00e0 termiche e chimiche:<\/span><\/h2>\n<p>Elevata conducibilit\u00e0 ionica: Li\u2082S ha un&#8217;elevata conduttivit\u00e0 ionica, che lo rende ideale per l&#8217;uso come elettrolita solido o materiale catodico nelle batterie. Reattivit\u00e0: il solfuro di litio pu\u00f2 reagire con l&#8217;umidit\u00e0 nell&#8217;aria, producendo gas tossico di idrogeno solforato. Pertanto, deve essere maneggiato in un ambiente asciutto o controllato. Stabilit\u00e0 termica: Li\u2082S \u00e8 stabile alle alte temperature, il che \u00e8 vantaggioso nelle applicazioni delle batterie in cui la gestione termica \u00e8 fondamentale.<\/p>\n<p>&nbsp;<\/p>\n<h2><span style=\"font-size: 14pt;\">Applicazioni:<\/span><\/h2>\n<p>Batterie al litio-zolfo (Li-S): il solfuro di litio \u00e8 un componente chiave nelle batterie Li-S, fungendo sia da materiale catodico che da precursore per la creazione di altri composti a base di zolfo. Le batterie Li-S sono considerate una potenziale alternativa alle batterie agli ioni di litio grazie alla loro maggiore densit\u00e0 di energia teorica. Batterie allo stato solido: Li\u2082S pu\u00f2 essere utilizzato come elettrolita solido nelle batterie al litio allo stato solido, contribuendo a una maggiore sicurezza, una maggiore capacit\u00e0 energetica e il potenziale per un ciclo di vita pi\u00f9 lungo. Sintesi dei materiali: il solfuro di litio funge da precursore nella sintesi di materiali solfurici contenenti litio, che vengono spesso utilizzati negli elettroliti allo stato solido per le tecnologie avanzate delle batterie. <\/p>\n<p>&nbsp;<\/p>\n<h2><span style=\"font-size: 14pt;\">Limitazioni:<\/span><\/h2>\n<p>Sensibilit\u00e0 all&#8217;umidit\u00e0: Li\u2082S \u00e8 altamente reattivo con l&#8217;acqua, che pu\u00f2 rilasciare gas tossico di idrogeno solforato. Ci\u00f2 limita la sua manipolazione e lo stoccaggio in ambienti asciutti e controllati. Problemi di stabilit\u00e0 nelle batterie: le batterie al litio-zolfo che utilizzano Li\u2082S sono soggette a problemi come l'&#8221;effetto navetta&#8221;, in cui gli intermedi del polisolfuro si dissolvono nell&#8217;elettrolita, portando a una riduzione della durata del ciclo e dell&#8217;efficienza. <\/p>\n<p>&nbsp;<\/p>\n<h2><span style=\"font-size: 14pt;\">Movimentazione e stoccaggio:<\/span><\/h2>\n<p>Ambiente controllato: il solfuro di litio deve essere conservato in contenitori ermeticamente sigillati e maneggiato in atmosfere asciutte e inerti per evitare reazioni con l&#8217;umidit\u00e0. Precauzioni di sicurezza: Si raccomandano dispositivi di protezione (guanti, occhiali e protezione respiratoria) per evitare l&#8217;esposizione al gas tossico di idrogeno solforato se il Li\u2082S entra in contatto con acqua o aria umida.<\/p>\n","protected":false},"excerpt":{"rendered":"<p>Il solfuro di litio (Li\u2082S) \u00e8 un composto inorganico composto da litio e zolfo. Viene utilizzato principalmente nell&#8217;industria delle batterie, in particolare nelle batterie al litio-zolfo (Li-S), che sono considerate una tecnologia promettente per l&#8217;accumulo di energia ad alta capacit\u00e0 grazie alla loro elevata densit\u00e0 di energia teorica e al design leggero. &nbsp; Propriet\u00e0 fisiche: [&hellip;]<\/p>\n","protected":false},"featured_media":998637,"comment_status":"open","ping_status":"closed","template":"","meta":{"_acf_changed":false},"product_brand":[],"product_cat":[199],"product_tag":[],"class_list":{"0":"post-1009338","1":"product","2":"type-product","3":"status-publish","4":"has-post-thumbnail","6":"product_cat-materiali-della-batteria","8":"first","9":"instock","10":"shipping-taxable","11":"purchasable","12":"product-type-variable"},"acf":[],"_links":{"self":[{"href":"https:\/\/vimaterial.de\/it\/wp-json\/wp\/v2\/product\/1009338","targetHints":{"allow":["GET"]}}],"collection":[{"href":"https:\/\/vimaterial.de\/it\/wp-json\/wp\/v2\/product"}],"about":[{"href":"https:\/\/vimaterial.de\/it\/wp-json\/wp\/v2\/types\/product"}],"replies":[{"embeddable":true,"href":"https:\/\/vimaterial.de\/it\/wp-json\/wp\/v2\/comments?post=1009338"}],"wp:featuredmedia":[{"embeddable":true,"href":"https:\/\/vimaterial.de\/it\/wp-json\/wp\/v2\/media\/998637"}],"wp:attachment":[{"href":"https:\/\/vimaterial.de\/it\/wp-json\/wp\/v2\/media?parent=1009338"}],"wp:term":[{"taxonomy":"product_brand","embeddable":true,"href":"https:\/\/vimaterial.de\/it\/wp-json\/wp\/v2\/product_brand?post=1009338"},{"taxonomy":"product_cat","embeddable":true,"href":"https:\/\/vimaterial.de\/it\/wp-json\/wp\/v2\/product_cat?post=1009338"},{"taxonomy":"product_tag","embeddable":true,"href":"https:\/\/vimaterial.de\/it\/wp-json\/wp\/v2\/product_tag?post=1009338"}],"curies":[{"name":"wp","href":"https:\/\/api.w.org\/{rel}","templated":true}]}}