{"id":1009328,"date":"2024-06-17T13:54:34","date_gmt":"2024-06-17T05:54:34","guid":{"rendered":"https:\/\/vimaterial.de\/product\/seleniuro-di-litio-2\/"},"modified":"2024-11-08T17:11:07","modified_gmt":"2024-11-08T09:11:07","slug":"seleniuro-di-litio-2","status":"publish","type":"product","link":"https:\/\/vimaterial.de\/it\/product\/seleniuro-di-litio-2\/","title":{"rendered":"Seleniuro di litio"},"content":{"rendered":"<p>Il seleniuro di litio (Li\u2082Se) \u00e8 un composto a base di litio che contiene selenio nello stato di ossidazione -2. Fa parte della famiglia dei seleniuri di metalli alcalini ed \u00e8 studiato per le sue propriet\u00e0 chimiche e le potenziali applicazioni in vari campi, tra cui l&#8217;accumulo di energia e l&#8217;optoelettronica. <\/p>\n<h2><span style=\"font-size: 14pt;\">Composizione chimica:<\/span><\/h2>\n<p>Struttura: Il seleniuro di litio adotta tipicamente una struttura cristallina di salgemma (NaCl), simile ad altri seleniuri di metalli alcalini. Gli atomi di selenio sono coordinati dagli ioni di litio in modo altamente simmetrico.<\/p>\n<h2><span style=\"font-size: 14pt;\">Propriet\u00e0 fisiche:<\/span><\/h2>\n<p>Aspetto: Li\u2082Se \u00e8 solitamente una polvere o un solido bianco o di colore chiaro. Densit\u00e0: Ha una densit\u00e0 relativamente bassa rispetto a molti altri composti metallici. Punto di fusione: il punto di fusione del seleniuro di litio \u00e8 relativamente alto (circa 800\u00b0C), indicando una buona stabilit\u00e0 termica. Solubilit\u00e0: \u00c8 solubile in acqua e forma una forte soluzione alcalina quando disciolto, simile ad altri seleniuri di metalli alcalini.<\/p>\n<h2><span style=\"font-size: 14pt;\">Applicazioni:<\/span><\/h2>\n<p>Dispositivi optoelettronici: Li\u2082Se \u00e8 considerato per l&#8217;uso in applicazioni optoelettroniche perch\u00e9 i composti a base di selenio sono noti per le loro propriet\u00e0 semiconduttive. Sono esplorati per l&#8217;uso in diodi emettitori di luce (LED), laser e celle solari, sebbene il seleniuro di litio sia meno comunemente usato rispetto ad altri composti di selenio. Batterie al litio-selenio: \u00e8 in corso una ricerca sulle batterie al litio-selenio, che potrebbero teoricamente fornire densit\u00e0 di energia pi\u00f9 elevate rispetto alle tradizionali batterie agli ioni di litio, rendendo il seleniuro di litio un candidato interessante per i sistemi di accumulo di energia di prossima generazione. Semiconduttori: i composti del selenio, incluso il Li\u2082Se, sono studiati nel contesto delle applicazioni dei semiconduttori, grazie alla loro capacit\u00e0 di condurre elettricit\u00e0 in condizioni specifiche. Il seleniuro di litio pu\u00f2 svolgere un ruolo in alcune tecnologie di transistor a film sottile e dispositivi fotovoltaici. <\/p>\n<p>&nbsp;<\/p>\n","protected":false},"excerpt":{"rendered":"<p>Il seleniuro di litio (Li\u2082Se) \u00e8 un composto a base di litio che contiene selenio nello stato di ossidazione -2. Fa parte della famiglia dei seleniuri di metalli alcalini ed \u00e8 studiato per le sue propriet\u00e0 chimiche e le potenziali applicazioni in vari campi, tra cui l&#8217;accumulo di energia e l&#8217;optoelettronica. Composizione chimica: Struttura: Il [&hellip;]<\/p>\n","protected":false},"featured_media":998644,"comment_status":"open","ping_status":"closed","template":"","meta":{"_acf_changed":false},"product_brand":[],"product_cat":[198],"product_tag":[],"class_list":{"0":"post-1009328","1":"product","2":"type-product","3":"status-publish","4":"has-post-thumbnail","6":"product_cat-materiali-per-levaporazione","8":"first","9":"instock","10":"shipping-taxable","11":"product-type-variable"},"acf":[],"_links":{"self":[{"href":"https:\/\/vimaterial.de\/it\/wp-json\/wp\/v2\/product\/1009328","targetHints":{"allow":["GET"]}}],"collection":[{"href":"https:\/\/vimaterial.de\/it\/wp-json\/wp\/v2\/product"}],"about":[{"href":"https:\/\/vimaterial.de\/it\/wp-json\/wp\/v2\/types\/product"}],"replies":[{"embeddable":true,"href":"https:\/\/vimaterial.de\/it\/wp-json\/wp\/v2\/comments?post=1009328"}],"wp:featuredmedia":[{"embeddable":true,"href":"https:\/\/vimaterial.de\/it\/wp-json\/wp\/v2\/media\/998644"}],"wp:attachment":[{"href":"https:\/\/vimaterial.de\/it\/wp-json\/wp\/v2\/media?parent=1009328"}],"wp:term":[{"taxonomy":"product_brand","embeddable":true,"href":"https:\/\/vimaterial.de\/it\/wp-json\/wp\/v2\/product_brand?post=1009328"},{"taxonomy":"product_cat","embeddable":true,"href":"https:\/\/vimaterial.de\/it\/wp-json\/wp\/v2\/product_cat?post=1009328"},{"taxonomy":"product_tag","embeddable":true,"href":"https:\/\/vimaterial.de\/it\/wp-json\/wp\/v2\/product_tag?post=1009328"}],"curies":[{"name":"wp","href":"https:\/\/api.w.org\/{rel}","templated":true}]}}