{"id":1009294,"date":"2024-06-17T13:54:38","date_gmt":"2024-06-17T05:54:38","guid":{"rendered":"https:\/\/vimaterial.de\/product\/tellurite-di-litio\/"},"modified":"2024-11-08T17:04:33","modified_gmt":"2024-11-08T09:04:33","slug":"tellurite-di-litio","status":"publish","type":"product","link":"https:\/\/vimaterial.de\/it\/product\/tellurite-di-litio\/","title":{"rendered":"Tellurite di litio"},"content":{"rendered":"<p>La tellurite di litio (Li\u2082TeO\u2083) \u00e8 un composto a base di litio che contiene tellurio nel suo stato di ossidazione +4 ed \u00e8 studiato principalmente per le sue propriet\u00e0 come materiale dielettrico, in applicazioni ottiche e come possibile componente per le tecnologie delle batterie. Sebbene non sia cos\u00ec ampiamente studiato come altri composti di litio, la tellurite di litio ha diverse caratteristiche promettenti che la rendono un materiale interessante per specifiche applicazioni scientifiche e industriali. <\/p>\n<h2><span style=\"font-size: 14pt;\">Propriet\u00e0 fisiche:<\/span><\/h2>\n<p>Formula: Li\u2082TeO\u2083. Aspetto: La tellurite di litio \u00e8 tipicamente un solido cristallino bianco o biancastro. Densit\u00e0: il materiale ha una densit\u00e0 moderata rispetto ad altri composti di litio. Punto di fusione: La tellurite di litio ha un punto di fusione relativamente alto, in genere intorno ai 630\u00b0C (1166\u00b0F), che indica una buona stabilit\u00e0 termica. Solubilit\u00e0: \u00c8 moderatamente solubile in acqua e acidi, ma pu\u00f2 richiedere condizioni specifiche per la dissoluzione in solventi organici.<\/p>\n<h2><span style=\"font-size: 14pt;\">Applicazioni:<\/span><\/h2>\n<p>Materiali ottici: una delle principali aree di interesse per Li\u2082TeO\u2083 \u00e8 nelle applicazioni ottiche non lineari. Il composto \u00e8 studiato per l&#8217;uso in fibre ottiche, laser e altre tecnologie fotoniche, dove le sue propriet\u00e0 uniche consentono una manipolazione avanzata della luce, come nella commutazione ottica e nei modulatori di luce. Elettronica: la tellurite di litio pu\u00f2 essere utilizzata anche in componenti elettronici, come i condensatori, dove le sue propriet\u00e0 dielettriche possono migliorare le prestazioni, soprattutto nelle applicazioni ad alta frequenza. Dielettrici e isolanti: Grazie alle sue buone propriet\u00e0 di isolamento elettrico, il Li\u2082TeO\u2083 \u00e8 esplorato come materiale potenziale per applicazioni ad alta tensione e alta temperatura in dispositivi elettronici e sistemi di alimentazione. Batterie allo stato solido: la ricerca sul potenziale della tellurite di litio come elettrolita o componente nelle batterie allo stato solido \u00e8 in corso. Le sue propriet\u00e0 potrebbero renderlo utile come parte dell&#8217;elettrolita nelle batterie agli ioni di litio, anche se la sua conducibilit\u00e0 ionica relativamente bassa limita attualmente questa applicazione. <\/p>\n","protected":false},"excerpt":{"rendered":"<p>La tellurite di litio (Li\u2082TeO\u2083) \u00e8 un composto a base di litio che contiene tellurio nel suo stato di ossidazione +4 ed \u00e8 studiato principalmente per le sue propriet\u00e0 come materiale dielettrico, in applicazioni ottiche e come possibile componente per le tecnologie delle batterie. Sebbene non sia cos\u00ec ampiamente studiato come altri composti di litio, [&hellip;]<\/p>\n","protected":false},"featured_media":998668,"comment_status":"open","ping_status":"closed","template":"","meta":{"_acf_changed":false},"product_brand":[],"product_cat":[200],"product_tag":[],"class_list":{"0":"post-1009294","1":"product","2":"type-product","3":"status-publish","4":"has-post-thumbnail","6":"product_cat-materiali-calcogenidici","8":"first","9":"instock","10":"shipping-taxable","11":"product-type-variable"},"acf":[],"_links":{"self":[{"href":"https:\/\/vimaterial.de\/it\/wp-json\/wp\/v2\/product\/1009294","targetHints":{"allow":["GET"]}}],"collection":[{"href":"https:\/\/vimaterial.de\/it\/wp-json\/wp\/v2\/product"}],"about":[{"href":"https:\/\/vimaterial.de\/it\/wp-json\/wp\/v2\/types\/product"}],"replies":[{"embeddable":true,"href":"https:\/\/vimaterial.de\/it\/wp-json\/wp\/v2\/comments?post=1009294"}],"wp:featuredmedia":[{"embeddable":true,"href":"https:\/\/vimaterial.de\/it\/wp-json\/wp\/v2\/media\/998668"}],"wp:attachment":[{"href":"https:\/\/vimaterial.de\/it\/wp-json\/wp\/v2\/media?parent=1009294"}],"wp:term":[{"taxonomy":"product_brand","embeddable":true,"href":"https:\/\/vimaterial.de\/it\/wp-json\/wp\/v2\/product_brand?post=1009294"},{"taxonomy":"product_cat","embeddable":true,"href":"https:\/\/vimaterial.de\/it\/wp-json\/wp\/v2\/product_cat?post=1009294"},{"taxonomy":"product_tag","embeddable":true,"href":"https:\/\/vimaterial.de\/it\/wp-json\/wp\/v2\/product_tag?post=1009294"}],"curies":[{"name":"wp","href":"https:\/\/api.w.org\/{rel}","templated":true}]}}