{"id":1009284,"date":"2024-06-17T13:54:41","date_gmt":"2024-06-17T05:54:41","guid":{"rendered":"https:\/\/vimaterial.de\/product\/zirconato-di-litio\/"},"modified":"2024-11-08T16:59:01","modified_gmt":"2024-11-08T08:59:01","slug":"zirconato-di-litio","status":"publish","type":"product","link":"https:\/\/vimaterial.de\/it\/product\/zirconato-di-litio\/","title":{"rendered":"Titanato di litio"},"content":{"rendered":"<p>Il titanato di litio (Li2TiO3) \u00e8 un composto a base di litio con propriet\u00e0 interessanti per varie applicazioni, in particolare nei campi dell&#8217;accumulo di energia e della scienza dei materiali. \u00c8 comunemente studiato per l&#8217;uso nelle batterie allo stato solido e nella ricerca sulla fusione nucleare grazie alla sua stabilit\u00e0 e struttura chimica unica. <\/p>\n<p>&nbsp;<\/p>\n<h2><span style=\"font-size: 14pt;\">Propriet\u00e0 fisiche:<\/span><\/h2>\n<p>Formula chimica: Li2TiO3<\/p>\n<p>Massa molare: 109,76 g \/ mol<\/p>\n<p>Aspetto: polvere bianca<\/p>\n<p>Densit\u00e0: 3,43 g \/ cm3<\/p>\n<p>Punto di fusione: 1.325 \u00b0C (2.417 \u00b0F; 1.598 K)<\/p>\n<p>Struttura cristallina:Monoclino<\/p>\n<p>&nbsp;<\/p>\n<h2><span style=\"font-size: 14pt;\">Applicazioni:<\/span><\/h2>\n<p>Accumulo di energia: la ricerca sul titanato di litio come materiale anodico per le batterie agli ioni di litio \u00e8 in corso. La sua conduttivit\u00e0 e stabilit\u00e0 moderate sono considerate potenziali vantaggi, soprattutto nelle applicazioni di accumulo di energia di nicchia in cui la sicurezza, la stabilit\u00e0 e la lunga durata del ciclo sono prioritarie rispetto alla densit\u00e0 di energia. Fusione nucleare: Li2TiO3 \u00e8 stato studiato come parte del rivestimento ceramico di litio utilizzato nei reattori a fusione nucleare. Il litio viene utilizzato nei reattori a fusione per allevare il trizio e assorbire i neutroni, e la forma ossidica del litio \u00e8 chimicamente stabile ed efficace in questi ambienti. Catalisi: Li2TiO3 ha anche mostrato alcune propriet\u00e0 catalitiche, che lo rendono un candidato per l&#8217;uso nei processi catalitici, sebbene questo non sia cos\u00ec sviluppato come le sue applicazioni nell&#8217;accumulo di energia e nella fusione nucleare. <\/p>\n<p>&nbsp;<\/p>\n<p>Il titanato di litio (Li2TiO3) \u00e8 un composto di litio con propriet\u00e0 uniche, tra cui stabilit\u00e0 termica, bassa tossicit\u00e0 e resilienza alle alte temperature. Sebbene la sua conduttivit\u00e0 ionica sia inferiore a quella di altri materiali a base di litio, \u00e8 promettente in alcune applicazioni di nicchia come le batterie allo stato solido e la fusione nucleare. Il suo uso principale fino ad oggi \u00e8 stato nello sviluppo di reattori a fusione, ma la ricerca in corso sulle sue propriet\u00e0 potrebbe espandere le sue applicazioni nell&#8217;accumulo di energia e nella catalisi in futuro.  <\/p>\n","protected":false},"excerpt":{"rendered":"<p>Il titanato di litio (Li2TiO3) \u00e8 un composto a base di litio con propriet\u00e0 interessanti per varie applicazioni, in particolare nei campi dell&#8217;accumulo di energia e della scienza dei materiali. \u00c8 comunemente studiato per l&#8217;uso nelle batterie allo stato solido e nella ricerca sulla fusione nucleare grazie alla sua stabilit\u00e0 e struttura chimica unica. &nbsp; [&hellip;]<\/p>\n","protected":false},"featured_media":998682,"comment_status":"open","ping_status":"closed","template":"","meta":{"_acf_changed":false},"product_brand":[],"product_cat":[197],"product_tag":[],"class_list":{"0":"post-1009284","1":"product","2":"type-product","3":"status-publish","4":"has-post-thumbnail","6":"product_cat-obiettivi-di-sputtering-planari","8":"first","9":"instock","10":"shipping-taxable","11":"product-type-variable"},"acf":[],"_links":{"self":[{"href":"https:\/\/vimaterial.de\/it\/wp-json\/wp\/v2\/product\/1009284","targetHints":{"allow":["GET"]}}],"collection":[{"href":"https:\/\/vimaterial.de\/it\/wp-json\/wp\/v2\/product"}],"about":[{"href":"https:\/\/vimaterial.de\/it\/wp-json\/wp\/v2\/types\/product"}],"replies":[{"embeddable":true,"href":"https:\/\/vimaterial.de\/it\/wp-json\/wp\/v2\/comments?post=1009284"}],"wp:featuredmedia":[{"embeddable":true,"href":"https:\/\/vimaterial.de\/it\/wp-json\/wp\/v2\/media\/998682"}],"wp:attachment":[{"href":"https:\/\/vimaterial.de\/it\/wp-json\/wp\/v2\/media?parent=1009284"}],"wp:term":[{"taxonomy":"product_brand","embeddable":true,"href":"https:\/\/vimaterial.de\/it\/wp-json\/wp\/v2\/product_brand?post=1009284"},{"taxonomy":"product_cat","embeddable":true,"href":"https:\/\/vimaterial.de\/it\/wp-json\/wp\/v2\/product_cat?post=1009284"},{"taxonomy":"product_tag","embeddable":true,"href":"https:\/\/vimaterial.de\/it\/wp-json\/wp\/v2\/product_tag?post=1009284"}],"curies":[{"name":"wp","href":"https:\/\/api.w.org\/{rel}","templated":true}]}}