{"id":1009265,"date":"2024-06-17T13:54:42","date_gmt":"2024-06-17T05:54:42","guid":{"rendered":"https:\/\/vimaterial.de\/product\/fosfato-di-litio-2\/"},"modified":"2024-11-08T16:47:00","modified_gmt":"2024-11-08T08:47:00","slug":"fosfato-di-litio-2","status":"publish","type":"product","link":"https:\/\/vimaterial.de\/it\/product\/fosfato-di-litio-2\/","title":{"rendered":"Fosfato di litio"},"content":{"rendered":"<p>Il fosfato di litio (Li\u2083PO\u2084) \u00e8 un composto inorganico composto da litio, fosforo e ossigeno. Ha una variet\u00e0 di usi importanti in chimica e scienza dei materiali, in particolare nei sistemi di accumulo di energia, comprese le batterie agli ioni di litio e le batterie allo stato solido. <\/p>\n<p>&nbsp;<\/p>\n<h2><span style=\"font-size: 14pt;\">Propriet\u00e0:<\/span><\/h2>\n<p>Formula molecolare: Li3PO4 Peso molecolare: 115,79 g \/ mol Forma: polvere Colore: bianco Densit\u00e0: 2,54 g \/ cm3 Punto di fusione: 837 \u00b0C Solubilit\u00e0: insolubile in acqua fredda<\/p>\n<p>&nbsp;<\/p>\n<h2><span style=\"font-size: 14pt;\">Applicazioni:<\/span><\/h2>\n<p>Accumulo di energia: il fosfato di litio \u00e8 interessante nelle batterie agli ioni di litio e allo stato solido grazie alla sua stabilit\u00e0. \u00c8 stato esplorato come materiale catodico nelle batterie, in particolare in combinazione con altri composti di litio o in sistemi ibridi. Batterie agli ioni di litio: sebbene meno comune di altri materiali catodici come il fosfato di ferro di litio (LiFePO\u2084), il fosfato di litio pu\u00f2 essere utilizzato in specifiche applicazioni a bassa tensione e ad alta stabilit\u00e0, inclusi l&#8217;alimentazione di backup e i sistemi di accumulo di energia. Ceramica: il fosfato di litio viene utilizzato in ceramica, in quanto pu\u00f2 aiutare a migliorare le propriet\u00e0 elettriche e la stabilit\u00e0 meccanica dei materiali ceramici. Deposizione di film sottili: viene utilizzato nei processi di sputtering per il deposito di film sottili di fosfato di litio, che possono essere applicati in celle solari, dispositivi a semiconduttore e vari rivestimenti per dispositivi elettronici. Vetro e ottica: A volte viene utilizzato come componente nella produzione di vetri speciali o rivestimenti ottici grazie alla sua stabilit\u00e0 termica e alla capacit\u00e0 di alterare l&#8217;indice di rifrazione dei materiali. <\/p>\n<p>&nbsp;<\/p>\n","protected":false},"excerpt":{"rendered":"<p>Il fosfato di litio (Li\u2083PO\u2084) \u00e8 un composto inorganico composto da litio, fosforo e ossigeno. Ha una variet\u00e0 di usi importanti in chimica e scienza dei materiali, in particolare nei sistemi di accumulo di energia, comprese le batterie agli ioni di litio e le batterie allo stato solido. &nbsp; Propriet\u00e0: Formula molecolare: Li3PO4 Peso molecolare: [&hellip;]<\/p>\n","protected":false},"featured_media":998699,"comment_status":"open","ping_status":"closed","template":"","meta":{"_acf_changed":false},"product_brand":[],"product_cat":[199],"product_tag":[],"class_list":{"0":"post-1009265","1":"product","2":"type-product","3":"status-publish","4":"has-post-thumbnail","6":"product_cat-materiali-della-batteria","8":"first","9":"instock","10":"shipping-taxable","11":"purchasable","12":"product-type-variable"},"acf":[],"_links":{"self":[{"href":"https:\/\/vimaterial.de\/it\/wp-json\/wp\/v2\/product\/1009265","targetHints":{"allow":["GET"]}}],"collection":[{"href":"https:\/\/vimaterial.de\/it\/wp-json\/wp\/v2\/product"}],"about":[{"href":"https:\/\/vimaterial.de\/it\/wp-json\/wp\/v2\/types\/product"}],"replies":[{"embeddable":true,"href":"https:\/\/vimaterial.de\/it\/wp-json\/wp\/v2\/comments?post=1009265"}],"wp:featuredmedia":[{"embeddable":true,"href":"https:\/\/vimaterial.de\/it\/wp-json\/wp\/v2\/media\/998699"}],"wp:attachment":[{"href":"https:\/\/vimaterial.de\/it\/wp-json\/wp\/v2\/media?parent=1009265"}],"wp:term":[{"taxonomy":"product_brand","embeddable":true,"href":"https:\/\/vimaterial.de\/it\/wp-json\/wp\/v2\/product_brand?post=1009265"},{"taxonomy":"product_cat","embeddable":true,"href":"https:\/\/vimaterial.de\/it\/wp-json\/wp\/v2\/product_cat?post=1009265"},{"taxonomy":"product_tag","embeddable":true,"href":"https:\/\/vimaterial.de\/it\/wp-json\/wp\/v2\/product_tag?post=1009265"}],"curies":[{"name":"wp","href":"https:\/\/api.w.org\/{rel}","templated":true}]}}