{"id":1009240,"date":"2024-06-17T13:55:25","date_gmt":"2024-06-17T05:55:25","guid":{"rendered":"https:\/\/vimaterial.de\/product\/silicato-di-litio\/"},"modified":"2024-11-08T15:57:39","modified_gmt":"2024-11-08T07:57:39","slug":"silicato-di-litio","status":"publish","type":"product","link":"https:\/\/vimaterial.de\/it\/product\/silicato-di-litio\/","title":{"rendered":"Silicato di litio"},"content":{"rendered":"<p>L&#8217;ortosilicato di litio (Li\u2084SiO\u2084) \u00e8 un composto di silicato di litio noto per il suo alto contenuto di litio e le propriet\u00e0 uniche, che lo rendono di interesse nella ricerca sui materiali avanzati, in particolare nell&#8217;accumulo di energia, nelle applicazioni nucleari e nella cattura del carbonio. Viene utilizzato principalmente nella ricerca di conduttori agli ioni di litio, tecnologia dei reattori a fusione e sistemi di cattura della CO\u2082. <\/p>\n<p>&nbsp;<\/p>\n<h2><span style=\"font-size: 14pt;\">Propriet\u00e0 fisiche:<\/span><\/h2>\n<p>Aspetto: Generalmente appare come una polvere o un solido cristallino da bianco a biancastro. Densit\u00e0: circa 2,4 g\/cm\u00b3. Stabilit\u00e0 termica: Altamente stabile a temperature elevate, il che \u00e8 vantaggioso nelle applicazioni ad alta temperatura come i reattori a fusione.<\/p>\n<p>&nbsp;<\/p>\n<h2><span style=\"font-size: 14pt;\">Propriet\u00e0 chimiche:<\/span><\/h2>\n<p>Reattivit\u00e0 con CO\u2082: l&#8217;ortosilicato di litio reagisce facilmente con l&#8217;anidride carbonica (CO\u2082) per formare carbonato di litio (Li\u2082CO\u2083) e metasilicato di litio (Li\u2082SiO\u2083), rendendolo un materiale promettente per le tecnologie di cattura della CO\u2082. Conducibilit\u00e0 degli ioni di litio: sebbene non sia conduttivo come alcuni conduttori agli ioni di litio, il Li\u2084SiO\u2084 pu\u00f2 trasportare ioni di litio, rendendolo un potenziale candidato nella ricerca sugli elettroliti allo stato solido se combinato con altri materiali. Stabilit\u00e0 chimica: \u00e8 relativamente stabile ad alte temperature e in vari ambienti chimici, il che \u00e8 vantaggioso per le applicazioni nucleari e industriali.<\/p>\n<p>&nbsp;<\/p>\n<h2><span style=\"font-size: 14pt;\">Applicazioni:<\/span><\/h2>\n<p>Reattori a fusione nucleare: nei reattori a fusione, l&#8217;ortosilicato di litio viene utilizzato come materiale fertilizzante del trizio. Quando viene bombardato con neutroni, produce trizio, che pu\u00f2 essere utilizzato come combustibile nelle reazioni di fusione. Cattura del carbonio: grazie alla sua reattivit\u00e0 con la CO\u2082, l&#8217;ortosilicato di litio (Li\u2084SiO\u2084) \u00e8 studiato per l&#8217;uso in sistemi di cattura del carbonio in cui assorbe CO\u2082 a temperature elevate, rendendolo adatto per applicazioni ambientali per ridurre i gas serra. Elettroliti allo stato solido: il Li\u2084SiO\u2084 \u00e8 oggetto di ricerca come componente nelle batterie allo stato solido, in particolare come elettrolita o additivo per stabilizzare altri materiali elettrolitici. Ceramica e vetro: in alcune formulazioni di vetro e ceramica, l&#8217;ortosilicato di litio pu\u00f2 essere utilizzato per migliorare la stabilit\u00e0 termica e l&#8217;integrit\u00e0 strutturale. <\/p>\n<p>&nbsp;<\/p>\n","protected":false},"excerpt":{"rendered":"<p>L&#8217;ortosilicato di litio (Li\u2084SiO\u2084) \u00e8 un composto di silicato di litio noto per il suo alto contenuto di litio e le propriet\u00e0 uniche, che lo rendono di interesse nella ricerca sui materiali avanzati, in particolare nell&#8217;accumulo di energia, nelle applicazioni nucleari e nella cattura del carbonio. Viene utilizzato principalmente nella ricerca di conduttori agli ioni [&hellip;]<\/p>\n","protected":false},"featured_media":998722,"comment_status":"open","ping_status":"closed","template":"","meta":{"_acf_changed":false},"product_brand":[],"product_cat":[199],"product_tag":[],"class_list":{"0":"post-1009240","1":"product","2":"type-product","3":"status-publish","4":"has-post-thumbnail","6":"product_cat-materiali-della-batteria","8":"first","9":"instock","10":"shipping-taxable","11":"purchasable","12":"product-type-variable"},"acf":[],"_links":{"self":[{"href":"https:\/\/vimaterial.de\/it\/wp-json\/wp\/v2\/product\/1009240","targetHints":{"allow":["GET"]}}],"collection":[{"href":"https:\/\/vimaterial.de\/it\/wp-json\/wp\/v2\/product"}],"about":[{"href":"https:\/\/vimaterial.de\/it\/wp-json\/wp\/v2\/types\/product"}],"replies":[{"embeddable":true,"href":"https:\/\/vimaterial.de\/it\/wp-json\/wp\/v2\/comments?post=1009240"}],"wp:featuredmedia":[{"embeddable":true,"href":"https:\/\/vimaterial.de\/it\/wp-json\/wp\/v2\/media\/998722"}],"wp:attachment":[{"href":"https:\/\/vimaterial.de\/it\/wp-json\/wp\/v2\/media?parent=1009240"}],"wp:term":[{"taxonomy":"product_brand","embeddable":true,"href":"https:\/\/vimaterial.de\/it\/wp-json\/wp\/v2\/product_brand?post=1009240"},{"taxonomy":"product_cat","embeddable":true,"href":"https:\/\/vimaterial.de\/it\/wp-json\/wp\/v2\/product_cat?post=1009240"},{"taxonomy":"product_tag","embeddable":true,"href":"https:\/\/vimaterial.de\/it\/wp-json\/wp\/v2\/product_tag?post=1009240"}],"curies":[{"name":"wp","href":"https:\/\/api.w.org\/{rel}","templated":true}]}}