{"id":1009238,"date":"2024-06-17T13:55:22","date_gmt":"2024-06-17T05:55:22","guid":{"rendered":"https:\/\/vimaterial.de\/product\/fosfato-di-litio-e-vanadio\/"},"modified":"2024-11-08T16:37:27","modified_gmt":"2024-11-08T08:37:27","slug":"fosfato-di-litio-e-vanadio","status":"publish","type":"product","link":"https:\/\/vimaterial.de\/it\/product\/fosfato-di-litio-e-vanadio\/","title":{"rendered":"Fosfato di litio vanadio"},"content":{"rendered":"<p>&nbsp;<\/p>\n<p>Il fosfato di litio vanadio (Li\u2083V\u2082(PO\u2084)\u2083) \u00e8 un composto emergente utilizzato nel campo delle batterie agli ioni di litio, in particolare come materiale catodico. Combina la stabilit\u00e0 e l&#8217;elevata densit\u00e0 di energia dei composti fosfatici con i vantaggi in termini di prestazioni elettrochimiche del vanadio. <\/p>\n<p>&nbsp;<\/p>\n<h2><span style=\"font-size: 14pt;\">Composizione chimica:<\/span><\/h2>\n<p>Formula: Li\u2083V\u2082(PO\u2084)\u2083. Struttura: Il fosfato di litio vanadio ha una struttura cristallina monoclina, che fornisce una buona struttura per la diffusione degli ioni di litio. La sua struttura \u00e8 strettamente correlata ad altri catodi a base di fosfato, noti per la loro stabilit\u00e0 e sicurezza. Ioni coinvolti: il composto contiene litio (Li), vanadio (V), fosforo (P) e ossigeno (O), con il vanadio che svolge un ruolo chiave nel migliorare le propriet\u00e0 elettrochimiche.<\/p>\n<p>&nbsp;<\/p>\n<h2><span style=\"font-size: 14pt;\">Propriet\u00e0 fisiche:<\/span><\/h2>\n<p>Aspetto: Tipicamente appare come una polvere grigia o nera o un solido cristallino. Densit\u00e0: circa 3,0 g\/cm\u00b3, simile ad altri materiali a base di fosfato. Dimensione delle particelle: per prestazioni ottimali della batteria, viene spesso trasformata in polveri fini o forme nanostrutturate per migliorare la conduttivit\u00e0 e la superficie.<\/p>\n<p>&nbsp;<\/p>\n<h2><span style=\"font-size: 14pt;\">Applicazioni:<\/span><\/h2>\n<p>Sistemi di accumulo di energia: il fosfato di litio vanadio (Li\u2083V\u2082(PO\u2084)\u2083) viene utilizzato nei sistemi di accumulo di energia su larga scala (come l&#8217;accumulo di rete) grazie alla sua lunga durata del ciclo e stabilit\u00e0. Veicoli elettrici (EV): pu\u00f2 essere utilizzato nelle batterie per veicoli elettrici in cui la sicurezza, la lunga durata e la stabilit\u00e0 termica sono importanti, sebbene la sua densit\u00e0 di energia sia inferiore rispetto ad altri materiali catodici come l&#8217;ossido di litio nichel cobalto alluminio (NCA) o il litio ferro fosfato (LFP). Elettronica portatile: il fosfato di litio vanadio (Li\u2083V\u2082(PO\u2084)\u2083) \u00e8 adatto per dispositivi elettronici portatili, soprattutto dove sono richiesti cicli di vita pi\u00f9 lunghi e un funzionamento sicuro e stabile. Militare e aerospaziale: grazie alla sua sicurezza e stabilit\u00e0, potrebbe essere preso in considerazione per applicazioni militari e aerospaziali, dove l&#8217;affidabilit\u00e0 e le prestazioni nel tempo sono fondamentali.<\/p>\n<p>&nbsp;<\/p>\n","protected":false},"excerpt":{"rendered":"<p>&nbsp; Il fosfato di litio vanadio (Li\u2083V\u2082(PO\u2084)\u2083) \u00e8 un composto emergente utilizzato nel campo delle batterie agli ioni di litio, in particolare come materiale catodico. Combina la stabilit\u00e0 e l&#8217;elevata densit\u00e0 di energia dei composti fosfatici con i vantaggi in termini di prestazioni elettrochimiche del vanadio. &nbsp; Composizione chimica: Formula: Li\u2083V\u2082(PO\u2084)\u2083. Struttura: Il fosfato di [&hellip;]<\/p>\n","protected":false},"featured_media":998715,"comment_status":"open","ping_status":"closed","template":"","meta":{"_acf_changed":false},"product_brand":[],"product_cat":[199],"product_tag":[],"class_list":{"0":"post-1009238","1":"product","2":"type-product","3":"status-publish","4":"has-post-thumbnail","6":"product_cat-materiali-della-batteria","8":"first","9":"instock","10":"shipping-taxable","11":"purchasable","12":"product-type-variable"},"acf":[],"_links":{"self":[{"href":"https:\/\/vimaterial.de\/it\/wp-json\/wp\/v2\/product\/1009238","targetHints":{"allow":["GET"]}}],"collection":[{"href":"https:\/\/vimaterial.de\/it\/wp-json\/wp\/v2\/product"}],"about":[{"href":"https:\/\/vimaterial.de\/it\/wp-json\/wp\/v2\/types\/product"}],"replies":[{"embeddable":true,"href":"https:\/\/vimaterial.de\/it\/wp-json\/wp\/v2\/comments?post=1009238"}],"wp:featuredmedia":[{"embeddable":true,"href":"https:\/\/vimaterial.de\/it\/wp-json\/wp\/v2\/media\/998715"}],"wp:attachment":[{"href":"https:\/\/vimaterial.de\/it\/wp-json\/wp\/v2\/media?parent=1009238"}],"wp:term":[{"taxonomy":"product_brand","embeddable":true,"href":"https:\/\/vimaterial.de\/it\/wp-json\/wp\/v2\/product_brand?post=1009238"},{"taxonomy":"product_cat","embeddable":true,"href":"https:\/\/vimaterial.de\/it\/wp-json\/wp\/v2\/product_cat?post=1009238"},{"taxonomy":"product_tag","embeddable":true,"href":"https:\/\/vimaterial.de\/it\/wp-json\/wp\/v2\/product_tag?post=1009238"}],"curies":[{"name":"wp","href":"https:\/\/api.w.org\/{rel}","templated":true}]}}