{"id":1009210,"date":"2024-06-17T14:10:26","date_gmt":"2024-06-17T06:10:26","guid":{"rendered":"https:\/\/vimaterial.de\/product\/ossido-di-magnesio\/"},"modified":"2024-11-14T11:06:28","modified_gmt":"2024-11-14T03:06:28","slug":"ossido-di-magnesio","status":"publish","type":"product","link":"https:\/\/vimaterial.de\/it\/product\/ossido-di-magnesio\/","title":{"rendered":"Ossido di magnesio"},"content":{"rendered":"<p>I bersagli sputtering di ossido di magnesio sono materiali utilizzati nei processi di deposizione fisica da vapore (PVD), principalmente per la creazione di film sottili di MgO in varie applicazioni, come rivestimenti protettivi, strati ottici e dispositivi elettronici. I bersagli di MgO sono apprezzati per le loro propriet\u00e0 isolanti, l&#8217;alto punto di fusione e la trasparenza nelle gamme del visibile e dell&#8217;infrarosso, che li rendono adatti per applicazioni che richiedono film durevoli e di alta qualit\u00e0. <\/p>\n<h2><span style=\"font-size: 14pt;\">Propriet\u00e0<\/span><\/h2>\n<p>Formula chimica: MgO<\/p>\n<p>Massa molare:40,304 g\/mol<\/p>\n<p>Aspetto: polvere bianca<\/p>\n<p>Odore: inodore<\/p>\n<p>Densit\u00e0: 3,6 g \/ cm3<\/p>\n<p>Punto di fusione: 2.852 \u00b0C (5.166 \u00b0F; 3.125 K)<\/p>\n<p>Punto di ebollizione: 3.600 \u00b0C (6.510 \u00b0F; 3.870 K)<\/p>\n<p>Solubilit\u00e0: solubile in acido, ammoniaca insolubile in alcool<\/p>\n<h2><span style=\"font-size: 14pt;\">Applicazioni<\/span><\/h2>\n<p>Rivestimenti protettivi: i film di MgO sono utilizzati come rivestimenti protettivi per materiali che operano ad alte temperature o in ambienti corrosivi, come nei componenti aerospaziali e nelle lenti ottiche. Pellicole ottiche e trasparenti: grazie alla sua trasparenza ottica e alla capacit\u00e0 di trasmettere luce infrarossa e visibile, l&#8217;MgO viene utilizzato nei rivestimenti ottici, nelle tecnologie di visualizzazione e nelle pellicole antiriflesso. Microelettronica e dispositivi a semiconduttore: i bersagli sputtering in ossido di magnesio sono utilizzati come strati isolanti o dielettrici di gate nei dispositivi a semiconduttore. L&#8217;elevata costante dielettrica e le propriet\u00e0 isolanti rendono i film di MgO adatti per applicazioni in transistor e condensatori ad alte prestazioni. Giunzioni magnetiche a tunnel (MTJ): l&#8217;MgO viene spesso utilizzato come strato barriera di tunneling negli MTJ, che sono componenti chiave nei dispositivi spintronici e nella tecnologia MRAM (Magnetic Random-Access Memory). Dispositivi biomedici: i bersagli sputtering di ossido di magnesio sono biocompatibili e utilizzati come rivestimenti nei dispositivi medici, compresi gli impianti, dove fungono da barriera resistente alla corrosione e biocompatibile.<\/p>\n<h2><span style=\"font-size: 14pt;\">Considerazioni<\/span><\/h2>\n<p>Fragilit\u00e0: i bersagli sputtering di ossido di magnesio sono fragili, il che li rende suscettibili a crepe o scheggiature durante la manipolazione. Per evitare danni, \u00e8 necessaria una corretta manipolazione e un montaggio accurato nei sistemi di sputtering. Natura igroscopica: l&#8217;MgO pu\u00f2 assorbire l&#8217;umidit\u00e0 dall&#8217;aria, il che pu\u00f2 portare a un&#8217;idratazione parziale e influire sulle prestazioni di sputtering. Lo stoccaggio e la manipolazione in condizioni asciutte sono essenziali per mantenere l&#8217;integrit\u00e0 del bersaglio. Ambiente di sputtering reattivo: l&#8217;MgO pu\u00f2 richiedere un ambiente di sputtering controllato per evitare reazioni indesiderate, specialmente in ambienti con alto contenuto di ossigeno. Lo sputtering reattivo pu\u00f2 anche influire sulla velocit\u00e0 di deposizione e sulla qualit\u00e0 del film. <\/p>\n","protected":false},"excerpt":{"rendered":"<p>I bersagli sputtering di ossido di magnesio sono materiali utilizzati nei processi di deposizione fisica da vapore (PVD), principalmente per la creazione di film sottili di MgO in varie applicazioni, come rivestimenti protettivi, strati ottici e dispositivi elettronici. I bersagli di MgO sono apprezzati per le loro propriet\u00e0 isolanti, l&#8217;alto punto di fusione e la [&hellip;]<\/p>\n","protected":false},"featured_media":999590,"comment_status":"open","ping_status":"closed","template":"","meta":{"_acf_changed":false},"product_brand":[],"product_cat":[197],"product_tag":[],"class_list":{"0":"post-1009210","1":"product","2":"type-product","3":"status-publish","4":"has-post-thumbnail","6":"product_cat-obiettivi-di-sputtering-planari","8":"first","9":"instock","10":"shipping-taxable","11":"product-type-variable"},"acf":[],"_links":{"self":[{"href":"https:\/\/vimaterial.de\/it\/wp-json\/wp\/v2\/product\/1009210","targetHints":{"allow":["GET"]}}],"collection":[{"href":"https:\/\/vimaterial.de\/it\/wp-json\/wp\/v2\/product"}],"about":[{"href":"https:\/\/vimaterial.de\/it\/wp-json\/wp\/v2\/types\/product"}],"replies":[{"embeddable":true,"href":"https:\/\/vimaterial.de\/it\/wp-json\/wp\/v2\/comments?post=1009210"}],"wp:featuredmedia":[{"embeddable":true,"href":"https:\/\/vimaterial.de\/it\/wp-json\/wp\/v2\/media\/999590"}],"wp:attachment":[{"href":"https:\/\/vimaterial.de\/it\/wp-json\/wp\/v2\/media?parent=1009210"}],"wp:term":[{"taxonomy":"product_brand","embeddable":true,"href":"https:\/\/vimaterial.de\/it\/wp-json\/wp\/v2\/product_brand?post=1009210"},{"taxonomy":"product_cat","embeddable":true,"href":"https:\/\/vimaterial.de\/it\/wp-json\/wp\/v2\/product_cat?post=1009210"},{"taxonomy":"product_tag","embeddable":true,"href":"https:\/\/vimaterial.de\/it\/wp-json\/wp\/v2\/product_tag?post=1009210"}],"curies":[{"name":"wp","href":"https:\/\/api.w.org\/{rel}","templated":true}]}}