{"id":1009196,"date":"2024-06-17T14:07:30","date_gmt":"2024-06-17T06:07:30","guid":{"rendered":"https:\/\/vimaterial.de\/product\/silicato-di-magnesio-2\/"},"modified":"2024-11-13T16:03:40","modified_gmt":"2024-11-13T08:03:40","slug":"silicato-di-magnesio-2","status":"publish","type":"product","link":"https:\/\/vimaterial.de\/it\/product\/silicato-di-magnesio-2\/","title":{"rendered":"Silicato di magnesio"},"content":{"rendered":"<p>Il bersaglio per sputtering di silicato di magnesio \u00e8 una forma specializzata di silicato di magnesio progettata per l&#8217;uso in processi di deposizione di film sottili, come lo sputtering. Questi bersagli sono spesso fabbricati come dischi solidi o altre forme, ottimizzati per il trasferimento uniforme del materiale nei sistemi di deposizione fisica da vapore (PVD), in particolare nella ricerca, nell&#8217;elettronica e nelle applicazioni ottiche. <\/p>\n<h2><span style=\"font-size: 14pt;\">Propriet\u00e0 fisiche:<\/span><\/h2>\n<p>Aspetto: Generalmente di colore da grigio a bianco, con una struttura densa e uniforme per garantire la coerenza nello sputtering. Purezza: l&#8217;elevata purezza, spesso \u2265 il 99,9%, \u00e8 standard per la maggior parte delle applicazioni a film sottile per evitare l&#8217;introduzione di impurit\u00e0 nel film. Densit\u00e0: varia a seconda della formulazione specifica, ma in genere \u00e8 compresa tra 2,5 e 3,0 g\/cm\u00b3, garantendo una durata in presenza di elevate energie di sputtering. Punto di fusione: Circa 1557\u00b0C (2835\u00b0F), anche se le prestazioni effettive sono governate dalla conduttivit\u00e0 termica e dalla resilienza del bersaglio sotto il bombardamento al plasma.<\/p>\n<h2><span style=\"font-size: 14pt;\">Applicazioni:<\/span><\/h2>\n<p>Rivestimenti ottici: il bersaglio sputtering in silicato di magnesio viene utilizzato per creare film sottili con propriet\u00e0 ottiche adatte per rivestimenti antiriflesso o riflettenti su vetro e altri substrati. Produzione di semiconduttori: il bersaglio sputtering in silicato di magnesio viene utilizzato nella deposizione di strati isolanti o dielettrici, contribuendo alla stabilit\u00e0 e all&#8217;affidabilit\u00e0 del circuito. Transistor a film sottile (TFT): essenziali in elettronica per la creazione di specifici strati isolanti o di passivazione nei TFT e in altri dispositivi microelettronici. Rivestimenti protettivi: fornisce rivestimenti resistenti alla corrosione o all&#8217;usura per vari componenti meccanici e ottici.<\/p>\n<h2><span style=\"font-size: 14pt;\">Maneggevolezza e sicurezza:<\/span><\/h2>\n<p>Conservazione: i bersagli devono essere conservati in un ambiente pulito e asciutto per evitare contaminazioni prima dell&#8217;uso. Precauzioni: la polvere di silicato di magnesio pu\u00f2 essere dannosa se inalata; Pertanto, durante la preparazione e l&#8217;installazione si raccomandano precauzioni per la manipolazione, compreso l&#8217;uso di dispositivi di protezione.<\/p>\n","protected":false},"excerpt":{"rendered":"<p>Il bersaglio per sputtering di silicato di magnesio \u00e8 una forma specializzata di silicato di magnesio progettata per l&#8217;uso in processi di deposizione di film sottili, come lo sputtering. Questi bersagli sono spesso fabbricati come dischi solidi o altre forme, ottimizzati per il trasferimento uniforme del materiale nei sistemi di deposizione fisica da vapore (PVD), [&hellip;]<\/p>\n","protected":false},"featured_media":999610,"comment_status":"open","ping_status":"closed","template":"","meta":{"_acf_changed":false},"product_brand":[],"product_cat":[197],"product_tag":[],"class_list":{"0":"post-1009196","1":"product","2":"type-product","3":"status-publish","4":"has-post-thumbnail","6":"product_cat-obiettivi-di-sputtering-planari","8":"first","9":"instock","10":"shipping-taxable","11":"purchasable","12":"product-type-variable"},"acf":[],"_links":{"self":[{"href":"https:\/\/vimaterial.de\/it\/wp-json\/wp\/v2\/product\/1009196","targetHints":{"allow":["GET"]}}],"collection":[{"href":"https:\/\/vimaterial.de\/it\/wp-json\/wp\/v2\/product"}],"about":[{"href":"https:\/\/vimaterial.de\/it\/wp-json\/wp\/v2\/types\/product"}],"replies":[{"embeddable":true,"href":"https:\/\/vimaterial.de\/it\/wp-json\/wp\/v2\/comments?post=1009196"}],"wp:featuredmedia":[{"embeddable":true,"href":"https:\/\/vimaterial.de\/it\/wp-json\/wp\/v2\/media\/999610"}],"wp:attachment":[{"href":"https:\/\/vimaterial.de\/it\/wp-json\/wp\/v2\/media?parent=1009196"}],"wp:term":[{"taxonomy":"product_brand","embeddable":true,"href":"https:\/\/vimaterial.de\/it\/wp-json\/wp\/v2\/product_brand?post=1009196"},{"taxonomy":"product_cat","embeddable":true,"href":"https:\/\/vimaterial.de\/it\/wp-json\/wp\/v2\/product_cat?post=1009196"},{"taxonomy":"product_tag","embeddable":true,"href":"https:\/\/vimaterial.de\/it\/wp-json\/wp\/v2\/product_tag?post=1009196"}],"curies":[{"name":"wp","href":"https:\/\/api.w.org\/{rel}","templated":true}]}}