{"id":1009194,"date":"2024-06-17T14:06:49","date_gmt":"2024-06-17T06:06:49","guid":{"rendered":"https:\/\/vimaterial.de\/product\/silicato-di-magnesio\/"},"modified":"2024-11-13T15:52:18","modified_gmt":"2024-11-13T07:52:18","slug":"silicato-di-magnesio","status":"publish","type":"product","link":"https:\/\/vimaterial.de\/it\/product\/silicato-di-magnesio\/","title":{"rendered":"Silicato di magnesio"},"content":{"rendered":"<p>Il silicato di magnesio \u00e8 un composto inorganico con la formula generale MgSiO3, che rappresenta vari minerali silicati di magnesio, come l&#8217;enstatite e la forsterite. Il silicato di magnesio si incontra comunemente sia in forme minerali naturali che in forme sintetiche per usi industriali. <\/p>\n<h2><span style=\"font-size: 14pt;\">Propriet\u00e0 fisiche:<\/span><\/h2>\n<p>Aspetto: polvere bianca e inodore o solido cristallino, a seconda del tipo specifico. Densit\u00e0: Varia in base al tipo; Il silicato di magnesio amorfo ha una densit\u00e0 di circa 2,5 g\/cm\u00b3, mentre le forme cristalline come la forsterite possono essere pi\u00f9 dense. Punto di fusione: alto punto di fusione intorno a 1557 \u00b0 C (2835 \u00b0 F) per i minerali di silicato di magnesio. Solubilit\u00e0: Insolubile in acqua, anche se pu\u00f2 assorbire una notevole umidit\u00e0 a causa della sua struttura porosa.<\/p>\n<h2><span style=\"font-size: 14pt;\">Applicazioni:<\/span><\/h2>\n<p>Antiacido: in medicina, il silicato di magnesio viene utilizzato come antiacido grazie alla sua capacit\u00e0 di neutralizzare l&#8217;acido dello stomaco. Alimenti e bevande: viene impiegato come agente antiagglomerante e filtrante in varie applicazioni alimentari e bevande. Prodotti farmaceutici: spesso utilizzato come riempitivo e agente di flusso nelle formulazioni in compresse e come assorbente per liquidi. Usi industriali:<\/p>\n<ul>\n<li>Gomma e plastica: utilizzato come riempitivo per migliorare la durata e migliorare la lavorabilit\u00e0.<\/li>\n<li>Cosmetici: Grazie alla sua consistenza liscia e morbida, \u00e8 comunemente usato in polveri, lozioni e creme come ingrediente di base.<\/li>\n<li>Trattamento dell&#8217;acqua: agisce come coadiuvante di filtrazione per rimuovere le particelle sospese e altre impurit\u00e0.<\/li>\n<\/ul>\n","protected":false},"excerpt":{"rendered":"<p>Il silicato di magnesio \u00e8 un composto inorganico con la formula generale MgSiO3, che rappresenta vari minerali silicati di magnesio, come l&#8217;enstatite e la forsterite. Il silicato di magnesio si incontra comunemente sia in forme minerali naturali che in forme sintetiche per usi industriali. Propriet\u00e0 fisiche: Aspetto: polvere bianca e inodore o solido cristallino, a [&hellip;]<\/p>\n","protected":false},"featured_media":999604,"comment_status":"open","ping_status":"closed","template":"","meta":{"_acf_changed":false},"product_brand":[],"product_cat":[206],"product_tag":[],"class_list":{"0":"post-1009194","1":"product","2":"type-product","3":"status-publish","4":"has-post-thumbnail","6":"product_cat-altri-materiali","8":"first","9":"instock","10":"shipping-taxable","11":"purchasable","12":"product-type-variable"},"acf":[],"_links":{"self":[{"href":"https:\/\/vimaterial.de\/it\/wp-json\/wp\/v2\/product\/1009194","targetHints":{"allow":["GET"]}}],"collection":[{"href":"https:\/\/vimaterial.de\/it\/wp-json\/wp\/v2\/product"}],"about":[{"href":"https:\/\/vimaterial.de\/it\/wp-json\/wp\/v2\/types\/product"}],"replies":[{"embeddable":true,"href":"https:\/\/vimaterial.de\/it\/wp-json\/wp\/v2\/comments?post=1009194"}],"wp:featuredmedia":[{"embeddable":true,"href":"https:\/\/vimaterial.de\/it\/wp-json\/wp\/v2\/media\/999604"}],"wp:attachment":[{"href":"https:\/\/vimaterial.de\/it\/wp-json\/wp\/v2\/media?parent=1009194"}],"wp:term":[{"taxonomy":"product_brand","embeddable":true,"href":"https:\/\/vimaterial.de\/it\/wp-json\/wp\/v2\/product_brand?post=1009194"},{"taxonomy":"product_cat","embeddable":true,"href":"https:\/\/vimaterial.de\/it\/wp-json\/wp\/v2\/product_cat?post=1009194"},{"taxonomy":"product_tag","embeddable":true,"href":"https:\/\/vimaterial.de\/it\/wp-json\/wp\/v2\/product_tag?post=1009194"}],"curies":[{"name":"wp","href":"https:\/\/api.w.org\/{rel}","templated":true}]}}