{"id":1009172,"date":"2024-06-17T14:10:34","date_gmt":"2024-06-17T06:10:34","guid":{"rendered":"https:\/\/vimaterial.de\/product\/tellururo-di-magnesio\/"},"modified":"2024-11-14T11:17:12","modified_gmt":"2024-11-14T03:17:12","slug":"tellururo-di-magnesio","status":"publish","type":"product","link":"https:\/\/vimaterial.de\/it\/product\/tellururo-di-magnesio\/","title":{"rendered":"Magnesio Tellururo"},"content":{"rendered":"<p>Il tellururo di magnesio (MgTe) \u00e8 un composto inorganico costituito da magnesio e tellurio. Si tratta di un composto binario spesso esplorato per le sue interessanti propriet\u00e0 elettroniche e ottiche, in particolare nella ricerca sui semiconduttori, sull&#8217;optoelettronica a infrarossi e sui dispositivi fotovoltaici. Come membro del gruppo II-VI di materiali semiconduttori, MgTe condivide somiglianze strutturali con altri composti di tellururo ed \u00e8 un punto di riferimento nella scienza dei materiali per varie applicazioni high-tech.  <\/p>\n<h2><span style=\"font-size: 14pt;\">Propriet\u00e0 del Magnesio Tellururo<\/span><\/h2>\n<p>Formula chimica: MgTe Struttura cristallina: Si forma tipicamente in una struttura di salgemma (cubica), simile ad altri tellururi binari, ma pu\u00f2 presentare variazioni in base alle condizioni di sintesi. Band Gap: MgTe \u00e8 un semiconduttore con un&#8217;ampia banda proibita, tipicamente intorno a 2,8-3,2 eV, che lo rende adatto per applicazioni optoelettroniche e fotovoltaiche nell&#8217;intervallo dall&#8217;ultravioletto al visibile. Stabilit\u00e0 termica: MgTe ha una stabilit\u00e0 termica relativamente buona rispetto ad altri tellururi, il che lo rende adatto per applicazioni che richiedono prestazioni stabili dei semiconduttori. Conducibilit\u00e0 elettrica: come semiconduttore, le propriet\u00e0 elettriche di MgTe dipendono da fattori come il drogaggio, il metodo di sintesi e la temperatura e possono essere adattate per specifiche propriet\u00e0 conduttive.<\/p>\n<h2><span style=\"font-size: 14pt;\">Applicazioni del tellururo di magnesio<\/span><\/h2>\n<p>Optoelettronica: grazie alla sua ampia banda proibita, MgTe pu\u00f2 essere utilizzato in dispositivi optoelettronici come fotorivelatori e diodi a emissione di luce (LED) che operano nelle gamme ultravioletta e visibile. La trasparenza del materiale nello spettro visibile lo rende adatto anche per le tecnologie di visualizzazione e sensori. Fotovoltaico: il tellururo di magnesio viene esplorato come potenziale materiale per le celle fotovoltaiche grazie alle sue propriet\u00e0 semiconduttrici e alla compatibilit\u00e0 con altri materiali semiconduttori II-VI, come il CdTe. Pu\u00f2 funzionare come tampone o strato di finestra in alcuni tipi di celle solari. Applicazioni a infrarossi e terahertz: le propriet\u00e0 semiconduttive e optoelettroniche di MgTe lo rendono utile per i rivelatori a infrarossi e i dispositivi terahertz, che sono fondamentali nelle tecnologie di imaging e comunicazione. Materiali termoelettrici: Sebbene il tellururo di magnesio sia meno comune nella ricerca termoelettrica rispetto ad altri tellururi, mostra il potenziale come materiale termoelettrico per convertire il calore di scarto in elettricit\u00e0, in particolare se drogato o legato con altri elementi per migliorare l&#8217;efficienza. <\/p>\n","protected":false},"excerpt":{"rendered":"<p>Il tellururo di magnesio (MgTe) \u00e8 un composto inorganico costituito da magnesio e tellurio. Si tratta di un composto binario spesso esplorato per le sue interessanti propriet\u00e0 elettroniche e ottiche, in particolare nella ricerca sui semiconduttori, sull&#8217;optoelettronica a infrarossi e sui dispositivi fotovoltaici. Come membro del gruppo II-VI di materiali semiconduttori, MgTe condivide somiglianze strutturali [&hellip;]<\/p>\n","protected":false},"featured_media":999617,"comment_status":"open","ping_status":"closed","template":"","meta":{"_acf_changed":false},"product_brand":[],"product_cat":[198],"product_tag":[],"class_list":{"0":"post-1009172","1":"product","2":"type-product","3":"status-publish","4":"has-post-thumbnail","6":"product_cat-materiali-per-levaporazione","8":"first","9":"instock","10":"shipping-taxable","11":"product-type-variable"},"acf":[],"_links":{"self":[{"href":"https:\/\/vimaterial.de\/it\/wp-json\/wp\/v2\/product\/1009172","targetHints":{"allow":["GET"]}}],"collection":[{"href":"https:\/\/vimaterial.de\/it\/wp-json\/wp\/v2\/product"}],"about":[{"href":"https:\/\/vimaterial.de\/it\/wp-json\/wp\/v2\/types\/product"}],"replies":[{"embeddable":true,"href":"https:\/\/vimaterial.de\/it\/wp-json\/wp\/v2\/comments?post=1009172"}],"wp:featuredmedia":[{"embeddable":true,"href":"https:\/\/vimaterial.de\/it\/wp-json\/wp\/v2\/media\/999617"}],"wp:attachment":[{"href":"https:\/\/vimaterial.de\/it\/wp-json\/wp\/v2\/media?parent=1009172"}],"wp:term":[{"taxonomy":"product_brand","embeddable":true,"href":"https:\/\/vimaterial.de\/it\/wp-json\/wp\/v2\/product_brand?post=1009172"},{"taxonomy":"product_cat","embeddable":true,"href":"https:\/\/vimaterial.de\/it\/wp-json\/wp\/v2\/product_cat?post=1009172"},{"taxonomy":"product_tag","embeddable":true,"href":"https:\/\/vimaterial.de\/it\/wp-json\/wp\/v2\/product_tag?post=1009172"}],"curies":[{"name":"wp","href":"https:\/\/api.w.org\/{rel}","templated":true}]}}