{"id":1009143,"date":"2024-06-17T13:55:25","date_gmt":"2024-06-17T05:55:25","guid":{"rendered":"https:\/\/vimaterial.de\/product\/ossido-di-litio-e-titanio-lto-2\/"},"modified":"2024-11-08T16:03:31","modified_gmt":"2024-11-08T08:03:31","slug":"ossido-di-litio-e-titanio-lto-2","status":"publish","type":"product","link":"https:\/\/vimaterial.de\/it\/product\/ossido-di-litio-e-titanio-lto-2\/","title":{"rendered":"Ossido di litio titanio (LTO)"},"content":{"rendered":"<p>&nbsp;<\/p>\n<p>L&#8217;ossido di litio titanio (Li\u2084Ti\u2085O\u2081\u2082), spesso indicato come LTO, \u00e8 un composto altamente stabile e robusto noto per il suo utilizzo come materiale anodico nelle batterie agli ioni di litio. Ha attirato l&#8217;attenzione grazie alla sua combinazione unica di propriet\u00e0, tra cui un&#8217;elevata stabilit\u00e0 termica, un&#8217;eccellente durata del ciclo e un basso rischio di surriscaldamento o incendio. <\/p>\n<p>&nbsp;<\/p>\n<h2><span style=\"font-size: 14pt;\">Composizione chimica:<\/span><\/h2>\n<p>Formula: Li\u2084Ti\u2085O\u2081\u2082. Struttura: L&#8217;ossido di litio titanio ha una struttura cristallina di spinello, che fornisce un&#8217;eccellente stabilit\u00e0 strutturale durante i cicli di carica-scarica nelle batterie agli ioni di litio.<\/p>\n<p>&nbsp;<\/p>\n<h2><span style=\"font-size: 14pt;\">Propriet\u00e0 fisiche:<\/span><\/h2>\n<p>Aspetto: tipicamente una polvere o un solido cristallino grigio o di colore scuro. Densit\u00e0: circa 3,5 g\/cm\u00b3. Dimensione delle particelle: per l&#8217;uso nelle batterie, viene spesso trasformato in polveri fini per migliorarne la superficie e migliorare le prestazioni elettrochimiche.<\/p>\n<p>&nbsp;<\/p>\n<h2><span style=\"font-size: 14pt;\">Propriet\u00e0 elettrochimiche:<\/span><\/h2>\n<p>Tensione: La tensione nominale dell&#8217;ossido di litio titanio (Li\u2084Ti\u2085O\u2081\u2082) \u00e8 di circa 1,55 V, che \u00e8 inferiore rispetto ad altri materiali anodici tradizionali come la grafite, ma fornisce comunque un&#8217;eccellente durata del ciclo e stabilit\u00e0. Capacit\u00e0: Ha una capacit\u00e0 teorica inferiore (circa 175 mAh\/g) rispetto ad altri materiali anodici come la grafite (che ha una capacit\u00e0 teorica di circa 372 mAh\/g). Tuttavia, compensa con la sua elevata stabilit\u00e0, la ricarica rapida e le caratteristiche di sicurezza. Conduttivit\u00e0 ionica: l&#8217;ossido di litio titanio (Li\u2084Ti\u2085O\u2081\u2082) presenta una conduttivit\u00e0 elettronica relativamente bassa, ma questa pu\u00f2 essere migliorata drogandola o combinandola con altri materiali conduttivi.<\/p>\n<p>&nbsp;<\/p>\n<h2><span style=\"font-size: 14pt;\">Applicazioni:<\/span><\/h2>\n<p>Veicoli elettrici (EV): l&#8217;ossido di litio titanio (Li\u2084Ti\u2085O\u2081\u2082) viene utilizzato in alcune batterie dei veicoli elettrici, soprattutto in situazioni in cui la ricarica rapida e la sicurezza sono le massime priorit\u00e0. Sistemi di accumulo di energia: LTO viene utilizzato in sistemi di accumulo di energia su larga scala grazie alla sua lunga durata del ciclo e stabilit\u00e0 termica. Elettronica portatile: sebbene non sia cos\u00ec comune come gli anodi a base di grafite, l&#8217;LTO \u00e8 oggetto di ricerca per l&#8217;uso nell&#8217;elettronica portatile in cui la sicurezza e la ricarica rapida sono importanti. Militare e aerospaziale: l&#8217;elevata sicurezza, affidabilit\u00e0 e prestazioni dell&#8217;LTO lo rendono adatto per l&#8217;uso in applicazioni che richiedono un&#8217;elevata durata e una lunga durata del ciclo in condizioni difficili.<\/p>\n<p>&nbsp;<\/p>\n","protected":false},"excerpt":{"rendered":"<p>&nbsp; L&#8217;ossido di litio titanio (Li\u2084Ti\u2085O\u2081\u2082), spesso indicato come LTO, \u00e8 un composto altamente stabile e robusto noto per il suo utilizzo come materiale anodico nelle batterie agli ioni di litio. Ha attirato l&#8217;attenzione grazie alla sua combinazione unica di propriet\u00e0, tra cui un&#8217;elevata stabilit\u00e0 termica, un&#8217;eccellente durata del ciclo e un basso rischio di [&hellip;]<\/p>\n","protected":false},"featured_media":998730,"comment_status":"open","ping_status":"closed","template":"","meta":{"_acf_changed":false},"product_brand":[],"product_cat":[198],"product_tag":[],"class_list":{"0":"post-1009143","1":"product","2":"type-product","3":"status-publish","4":"has-post-thumbnail","6":"product_cat-materiali-per-levaporazione","8":"first","9":"instock","10":"shipping-taxable","11":"product-type-variable"},"acf":[],"_links":{"self":[{"href":"https:\/\/vimaterial.de\/it\/wp-json\/wp\/v2\/product\/1009143","targetHints":{"allow":["GET"]}}],"collection":[{"href":"https:\/\/vimaterial.de\/it\/wp-json\/wp\/v2\/product"}],"about":[{"href":"https:\/\/vimaterial.de\/it\/wp-json\/wp\/v2\/types\/product"}],"replies":[{"embeddable":true,"href":"https:\/\/vimaterial.de\/it\/wp-json\/wp\/v2\/comments?post=1009143"}],"wp:featuredmedia":[{"embeddable":true,"href":"https:\/\/vimaterial.de\/it\/wp-json\/wp\/v2\/media\/998730"}],"wp:attachment":[{"href":"https:\/\/vimaterial.de\/it\/wp-json\/wp\/v2\/media?parent=1009143"}],"wp:term":[{"taxonomy":"product_brand","embeddable":true,"href":"https:\/\/vimaterial.de\/it\/wp-json\/wp\/v2\/product_brand?post=1009143"},{"taxonomy":"product_cat","embeddable":true,"href":"https:\/\/vimaterial.de\/it\/wp-json\/wp\/v2\/product_cat?post=1009143"},{"taxonomy":"product_tag","embeddable":true,"href":"https:\/\/vimaterial.de\/it\/wp-json\/wp\/v2\/product_tag?post=1009143"}],"curies":[{"name":"wp","href":"https:\/\/api.w.org\/{rel}","templated":true}]}}