{"id":1009126,"date":"2024-06-17T13:55:26","date_gmt":"2024-06-17T05:55:26","guid":{"rendered":"https:\/\/vimaterial.de\/product\/ossido-di-litio-e-titanio-lto\/"},"modified":"2024-11-08T15:45:30","modified_gmt":"2024-11-08T07:45:30","slug":"ossido-di-litio-e-titanio-lto","status":"publish","type":"product","link":"https:\/\/vimaterial.de\/it\/product\/ossido-di-litio-e-titanio-lto\/","title":{"rendered":"Ossido di litio titanio (LTO)"},"content":{"rendered":"<p>Il bersaglio sputtering in ossido di litio titanio (LTO) \u00e8 un materiale specializzato utilizzato principalmente nella produzione di film sottili per dispositivi di accumulo di energia, come le batterie agli ioni di litio. L&#8217;ossido di litio e titanio, in particolare il composto Li\u2084Ti\u2085O\u2081\u2082, \u00e8 noto per la sua stabilit\u00e0 e le eccellenti prestazioni cicliche, che lo rendono un materiale popolare negli anodi delle batterie. Quando viene utilizzato come bersaglio per polverizzazione catodica, l&#8217;LTO consente la deposizione di film sottili e uniformi di ossido di litio e titanio, contribuendo allo sviluppo di tecnologie avanzate per batterie e componenti elettronici. <\/p>\n<p>&nbsp;<\/p>\n<h2><span style=\"font-size: 14pt;\">Composizione chimica:<\/span><\/h2>\n<p>Formula: Li\u2084Ti\u2085O\u2081\u2082 \u00e8 la forma pi\u00f9 comune, anche se possono esistere variazioni a seconda dei requisiti specifici dell&#8217;applicazione. Struttura: L&#8217;ossido di litio titanio ha una struttura cristallina di spinello, che contribuisce alla sua eccellente stabilit\u00e0 durante il ciclo nelle applicazioni a batteria e alla sua capacit\u00e0 di mantenere l&#8217;integrit\u00e0 strutturale.<\/p>\n<p>&nbsp;<\/p>\n<h2><span style=\"font-size: 14pt;\">Propriet\u00e0 fisiche:<\/span><\/h2>\n<p>Aspetto: Tipicamente un materiale simile alla ceramica grigio o bianco sporco nella sua forma sfusa. Densit\u00e0: la densit\u00e0 approssimativa varia da 3,4 a 3,6 g\/cm\u00b3, che pu\u00f2 variare leggermente a seconda della purezza e della lavorazione. Durezza: Essendo un bersaglio a base ceramica, l&#8217;ossido di litio titanio \u00e8 relativamente duro e fragile, il che richiede un&#8217;attenta manipolazione e montaggio durante il processo di sputtering.<\/p>\n<p>&nbsp;<\/p>\n<h2><span style=\"font-size: 14pt;\">Propriet\u00e0 termiche e chimiche:<\/span><\/h2>\n<p>Stabilit\u00e0 termica: l&#8217;ossido di litio titanio \u00e8 stabile alle alte temperature, il che gli consente di resistere al processo di sputtering ad alta intensit\u00e0 energetica. Conducibilit\u00e0 elettrica: sebbene l&#8217;LTO in s\u00e9 non sia altamente conduttivo, la sua stabilit\u00e0 elettrochimica \u00e8 vantaggiosa nelle applicazioni a batteria in cui fornisce una struttura stabile per l&#8217;inserimento e l&#8217;estrazione degli ioni di litio. Stabilit\u00e0 chimica: l&#8217;ossido di litio titanio \u00e8 chimicamente stabile e resiste alle reazioni con l&#8217;elettrolita nelle batterie agli ioni di litio, riducendo il rischio di reazioni collaterali che degradano le prestazioni.<\/p>\n<p>&nbsp;<\/p>\n<h3>Applicazioni:<\/h3>\n<p>Anodi della batteria agli ioni di litio: i sottili film LTO depositati tramite sputtering vengono utilizzati come materiali anodici nelle batterie agli ioni di litio. Gli anodi LTO sono noti per la loro stabilit\u00e0, la bassa espansione del volume durante la carica\/scarica e la lunga durata del ciclo, che li rendono ideali per batterie ad alte prestazioni. Batterie a film sottile: nelle batterie a film sottile, i bersagli sputtering LTO aiutano a creare dispositivi di accumulo di energia compatti ed efficienti per la microelettronica e i dispositivi indossabili. Condensatori e sensori elettrochimici: i film LTO possono essere utilizzati anche in condensatori elettrochimici o come componente in sensori, dove il ciclo stabile e le propriet\u00e0 strutturali sono vantaggiose. <\/p>\n<p>&nbsp;<\/p>\n","protected":false},"excerpt":{"rendered":"<p>Il bersaglio sputtering in ossido di litio titanio (LTO) \u00e8 un materiale specializzato utilizzato principalmente nella produzione di film sottili per dispositivi di accumulo di energia, come le batterie agli ioni di litio. L&#8217;ossido di litio e titanio, in particolare il composto Li\u2084Ti\u2085O\u2081\u2082, \u00e8 noto per la sua stabilit\u00e0 e le eccellenti prestazioni cicliche, che [&hellip;]<\/p>\n","protected":false},"featured_media":998737,"comment_status":"open","ping_status":"closed","template":"","meta":{"_acf_changed":false},"product_brand":[],"product_cat":[197],"product_tag":[],"class_list":{"0":"post-1009126","1":"product","2":"type-product","3":"status-publish","4":"has-post-thumbnail","6":"product_cat-obiettivi-di-sputtering-planari","8":"first","9":"instock","10":"shipping-taxable","11":"product-type-variable"},"acf":[],"_links":{"self":[{"href":"https:\/\/vimaterial.de\/it\/wp-json\/wp\/v2\/product\/1009126","targetHints":{"allow":["GET"]}}],"collection":[{"href":"https:\/\/vimaterial.de\/it\/wp-json\/wp\/v2\/product"}],"about":[{"href":"https:\/\/vimaterial.de\/it\/wp-json\/wp\/v2\/types\/product"}],"replies":[{"embeddable":true,"href":"https:\/\/vimaterial.de\/it\/wp-json\/wp\/v2\/comments?post=1009126"}],"wp:featuredmedia":[{"embeddable":true,"href":"https:\/\/vimaterial.de\/it\/wp-json\/wp\/v2\/media\/998737"}],"wp:attachment":[{"href":"https:\/\/vimaterial.de\/it\/wp-json\/wp\/v2\/media?parent=1009126"}],"wp:term":[{"taxonomy":"product_brand","embeddable":true,"href":"https:\/\/vimaterial.de\/it\/wp-json\/wp\/v2\/product_brand?post=1009126"},{"taxonomy":"product_cat","embeddable":true,"href":"https:\/\/vimaterial.de\/it\/wp-json\/wp\/v2\/product_cat?post=1009126"},{"taxonomy":"product_tag","embeddable":true,"href":"https:\/\/vimaterial.de\/it\/wp-json\/wp\/v2\/product_tag?post=1009126"}],"curies":[{"name":"wp","href":"https:\/\/api.w.org\/{rel}","templated":true}]}}