{"id":1009119,"date":"2024-06-17T13:56:06","date_gmt":"2024-06-17T05:56:06","guid":{"rendered":"https:\/\/vimaterial.de\/product\/ioduro-di-litio-fosforo-e-zolfo\/"},"modified":"2024-11-08T15:34:08","modified_gmt":"2024-11-08T07:34:08","slug":"ioduro-di-litio-fosforo-e-zolfo","status":"publish","type":"product","link":"https:\/\/vimaterial.de\/it\/product\/ioduro-di-litio-fosforo-e-zolfo\/","title":{"rendered":"Ioduro di Litio Fosforo Zolfo"},"content":{"rendered":"<p>Lo ioduro di litio fosforo zolfo (Li-P-S-I) sarebbe un composto sperimentale che coinvolge litio, fosforo, zolfo e iodio. I composti che combinano litio, fosforo e zolfo sono noti per il loro ruolo negli elettroliti solidi per le batterie, come il solfuro di litio e fosforo (LPS). L&#8217;aggiunta di iodio potrebbe modificare la struttura e le propriet\u00e0, offrendo potenzialmente vantaggi in termini di conduttivit\u00e0 o stabilit\u00e0 ionica.  <\/p>\n<p>&nbsp;<\/p>\n<h2><span style=\"font-size: 14pt;\">Propriet\u00e0 fisiche:<\/span><\/h2>\n<p>Aspetto: Probabilmente un solido, con un colore che va dal giallastro allo scuro, a seconda dell&#8217;esatta miscela di zolfo e iodio, che potrebbe conferirgli una lucentezza riflettente o semimetallica. Densit\u00e0: potrebbe essere inferiore rispetto ad altri composti di litio a causa del litio e del fosforo, ma leggermente pi\u00f9 pesante se lo iodio viene aggiunto in quantit\u00e0 maggiori. Forma: Potrebbe essere prodotto come polvere o strato ceramico denso per applicazioni a stato solido.<\/p>\n<p>&nbsp;<\/p>\n<h2><span style=\"font-size: 14pt;\">Propriet\u00e0 termiche e chimiche:<\/span><\/h2>\n<p>Stabilit\u00e0: Probabilmente sensibile all&#8217;umidit\u00e0 e all&#8217;aria, richiede atmosfere controllate (condizioni inerti o secche) per la stabilit\u00e0, poich\u00e9 lo iodio e lo zolfo possono reagire con l&#8217;ossigeno e l&#8217;umidit\u00e0. Conduttivit\u00e0 ionica: il composto potrebbe mostrare una conduttivit\u00e0 ionica allo stato solido se gli ioni di litio sono mobili all&#8217;interno del reticolo, rendendolo potenzialmente utile nelle applicazioni delle batterie. Reattivit\u00e0: Sensibile all&#8217;aria e all&#8217;umidit\u00e0, simile ad altri composti litio-zolfo, pu\u00f2 rilasciare gas iodio o composti solforati se esposto all&#8217;acqua.<\/p>\n<p>&nbsp;<\/p>\n<h2><span style=\"font-size: 14pt;\">Potenziali applicazioni:<\/span><\/h2>\n<p>Elettroliti allo stato solido per batterie: la conducibilit\u00e0 ionica e la mobilit\u00e0 degli ioni di litio al litio fosforo zolfo ioduro (Li-P-S-I) potrebbero renderlo applicabile come elettrolita solido nelle batterie al litio, in particolare nelle batterie al litio-zolfo allo stato solido o completamente allo stato solido. Stoccaggio di energia: come parte della tecnologia delle batterie al litio-zolfo, lo ioduro di litio fosforo zolfo (Li-P-S-I) potrebbe essere studiato per soluzioni di stoccaggio ad alta densit\u00e0 di energia, sfruttando l&#8217;elevata capacit\u00e0 teorica dello zolfo con il litio e migliorando potenzialmente il trasporto ionico con lo iodio. Dispositivi elettrochimici: se ha caratteristiche elettrochimiche stabili, pu\u00f2 anche trovare impiego in altri dispositivi che richiedono conduttori ionici solidi.<\/p>\n<p>&nbsp;<\/p>\n","protected":false},"excerpt":{"rendered":"<p>Lo ioduro di litio fosforo zolfo (Li-P-S-I) sarebbe un composto sperimentale che coinvolge litio, fosforo, zolfo e iodio. I composti che combinano litio, fosforo e zolfo sono noti per il loro ruolo negli elettroliti solidi per le batterie, come il solfuro di litio e fosforo (LPS). L&#8217;aggiunta di iodio potrebbe modificare la struttura e le [&hellip;]<\/p>\n","protected":false},"featured_media":998758,"comment_status":"open","ping_status":"closed","template":"","meta":{"_acf_changed":false},"product_brand":[],"product_cat":[199],"product_tag":[],"class_list":{"0":"post-1009119","1":"product","2":"type-product","3":"status-publish","4":"has-post-thumbnail","6":"product_cat-materiali-della-batteria","8":"first","9":"instock","10":"shipping-taxable","11":"product-type-variable"},"acf":[],"_links":{"self":[{"href":"https:\/\/vimaterial.de\/it\/wp-json\/wp\/v2\/product\/1009119","targetHints":{"allow":["GET"]}}],"collection":[{"href":"https:\/\/vimaterial.de\/it\/wp-json\/wp\/v2\/product"}],"about":[{"href":"https:\/\/vimaterial.de\/it\/wp-json\/wp\/v2\/types\/product"}],"replies":[{"embeddable":true,"href":"https:\/\/vimaterial.de\/it\/wp-json\/wp\/v2\/comments?post=1009119"}],"wp:featuredmedia":[{"embeddable":true,"href":"https:\/\/vimaterial.de\/it\/wp-json\/wp\/v2\/media\/998758"}],"wp:attachment":[{"href":"https:\/\/vimaterial.de\/it\/wp-json\/wp\/v2\/media?parent=1009119"}],"wp:term":[{"taxonomy":"product_brand","embeddable":true,"href":"https:\/\/vimaterial.de\/it\/wp-json\/wp\/v2\/product_brand?post=1009119"},{"taxonomy":"product_cat","embeddable":true,"href":"https:\/\/vimaterial.de\/it\/wp-json\/wp\/v2\/product_cat?post=1009119"},{"taxonomy":"product_tag","embeddable":true,"href":"https:\/\/vimaterial.de\/it\/wp-json\/wp\/v2\/product_tag?post=1009119"}],"curies":[{"name":"wp","href":"https:\/\/api.w.org\/{rel}","templated":true}]}}