{"id":1009104,"date":"2024-06-17T13:56:10","date_gmt":"2024-06-17T05:56:10","guid":{"rendered":"https:\/\/vimaterial.de\/product\/bromuro-di-litio-fosforo-e-tellurio\/"},"modified":"2024-11-08T15:28:59","modified_gmt":"2024-11-08T07:28:59","slug":"bromuro-di-litio-fosforo-e-tellurio","status":"publish","type":"product","link":"https:\/\/vimaterial.de\/it\/product\/bromuro-di-litio-fosforo-e-tellurio\/","title":{"rendered":"Litio Fosforo Tellurio Bromuro"},"content":{"rendered":"<p>Il bromuro di litio fosforo tellurio (Li-P-Te-Br) \u00e8 un composto teorico o sperimentale che coinvolge litio, fosforo, tellurio e bromo. Sebbene questo composto specifico non sia ampiamente documentato, la combinazione di questi elementi pu\u00f2 portare a materiali di interesse per applicazioni avanzate nella tecnologia delle batterie, nell&#8217;optoelettronica o in altri campi della scienza dei materiali ad alta tecnologia. Le interazioni di questi elementi, in particolare i componenti del tellurio e del bromo, potrebbero offrire propriet\u00e0 elettroniche o fotoniche uniche.  <\/p>\n<p>&nbsp;<\/p>\n<h2><span style=\"font-size: 14pt;\">Composizione chimica:<\/span><\/h2>\n<p>Formula: Potrebbe essere indicato come Li-P-Te-Br, anche se la stechiometria esatta (ad esempio, Li\u2093P\u2093Te\u2093Br\u2093) varierebbe in base alla sintesi e alle propriet\u00e0 desiderate. Struttura: Questo composto pu\u00f2 formare un reticolo stratificato o cristallino con legami ionici e covalenti, incorporando il litio come componente ionico e il tellurio e il bromo in una struttura reticolare pi\u00f9 complessa.<\/p>\n<p>&nbsp;<\/p>\n<h2><span style=\"font-size: 14pt;\">Propriet\u00e0 fisiche:<\/span><\/h2>\n<p>Aspetto: Probabilmente un solido cristallino o policristallino, possibilmente con un aspetto scuro o riflettente dovuto al tellurio. Densit\u00e0: Litio Fosforo Il bromuro di tellurio (Li-P-Te-Br) dipenderebbe dal rapporto specifico degli elementi, ma il litio contribuirebbe a una densit\u00e0 complessiva inferiore rispetto ai tipici composti ricchi di tellurio. Forma: Potrebbe potenzialmente essere fabbricato come polvere o solido cristallino, a seconda dell&#8217;applicazione prevista.<\/p>\n<p>&nbsp;<\/p>\n<h2><span style=\"font-size: 14pt;\">Propriet\u00e0 termiche e chimiche:<\/span><\/h2>\n<p>Stabilit\u00e0: questo composto sarebbe probabilmente sensibile ai fattori ambientali, in particolare all&#8217;umidit\u00e0 e al calore, data la reattivit\u00e0 del litio e del bromo. Reattivit\u00e0: Probabilmente reattiva con l&#8217;umidit\u00e0 e possibilmente con l&#8217;aria, che richiede un&#8217;attenta manipolazione in atmosfere inerti o controllate. I componenti del bromo possono essere volatili, rendendo potenzialmente il composto soggetto a decomposizione all&#8217;aria aperta. Conduttivit\u00e0 ionica: la mobilit\u00e0 del litio potrebbe offrire conduttivit\u00e0 ionica, ma ci\u00f2 dipenderebbe dalla struttura reticolare e dai suoi percorsi ionici.<\/p>\n<p>&nbsp;<\/p>\n<h2><span style=\"font-size: 14pt;\">Potenziali applicazioni:<\/span><\/h2>\n<p>Elettroliti della batteria o strati interfacciali: se il bromuro di litio fosforo tellurio (Li-P-Te-Br) mostra conduttivit\u00e0 ionica, pu\u00f2 avere applicazioni come elettrolita allo stato solido o strato interfacciale nelle batterie al litio, dove potrebbe facilitare il trasporto degli ioni di litio. Optoelettronica e fotonica: la presenza di tellurio potrebbe conferire propriet\u00e0 fotoniche o elettroniche, rendendo questo composto un candidato per la ricerca in fotorivelatori, sensori o altre applicazioni optoelettroniche. Dispositivi elettrochimici: il bromuro di litio fosforo tellurio (Li-P-Te-Br) pu\u00f2 trovare applicazioni nei dispositivi elettrochimici, in particolare se presenta una conduttivit\u00e0 ionica ed elettronica mista.<\/p>\n<p>&nbsp;<\/p>\n","protected":false},"excerpt":{"rendered":"<p>Il bromuro di litio fosforo tellurio (Li-P-Te-Br) \u00e8 un composto teorico o sperimentale che coinvolge litio, fosforo, tellurio e bromo. Sebbene questo composto specifico non sia ampiamente documentato, la combinazione di questi elementi pu\u00f2 portare a materiali di interesse per applicazioni avanzate nella tecnologia delle batterie, nell&#8217;optoelettronica o in altri campi della scienza dei materiali [&hellip;]<\/p>\n","protected":false},"featured_media":998765,"comment_status":"open","ping_status":"closed","template":"","meta":{"_acf_changed":false},"product_brand":[],"product_cat":[199],"product_tag":[],"class_list":{"0":"post-1009104","1":"product","2":"type-product","3":"status-publish","4":"has-post-thumbnail","6":"product_cat-materiali-della-batteria","8":"first","9":"instock","10":"shipping-taxable","11":"product-type-variable"},"acf":[],"_links":{"self":[{"href":"https:\/\/vimaterial.de\/it\/wp-json\/wp\/v2\/product\/1009104","targetHints":{"allow":["GET"]}}],"collection":[{"href":"https:\/\/vimaterial.de\/it\/wp-json\/wp\/v2\/product"}],"about":[{"href":"https:\/\/vimaterial.de\/it\/wp-json\/wp\/v2\/types\/product"}],"replies":[{"embeddable":true,"href":"https:\/\/vimaterial.de\/it\/wp-json\/wp\/v2\/comments?post=1009104"}],"wp:featuredmedia":[{"embeddable":true,"href":"https:\/\/vimaterial.de\/it\/wp-json\/wp\/v2\/media\/998765"}],"wp:attachment":[{"href":"https:\/\/vimaterial.de\/it\/wp-json\/wp\/v2\/media?parent=1009104"}],"wp:term":[{"taxonomy":"product_brand","embeddable":true,"href":"https:\/\/vimaterial.de\/it\/wp-json\/wp\/v2\/product_brand?post=1009104"},{"taxonomy":"product_cat","embeddable":true,"href":"https:\/\/vimaterial.de\/it\/wp-json\/wp\/v2\/product_cat?post=1009104"},{"taxonomy":"product_tag","embeddable":true,"href":"https:\/\/vimaterial.de\/it\/wp-json\/wp\/v2\/product_tag?post=1009104"}],"curies":[{"name":"wp","href":"https:\/\/api.w.org\/{rel}","templated":true}]}}