{"id":1009090,"date":"2024-06-17T13:56:32","date_gmt":"2024-06-17T05:56:32","guid":{"rendered":"https:\/\/vimaterial.de\/product\/ioduro-di-litio-fosforo-e-tellurio\/"},"modified":"2024-11-08T15:17:44","modified_gmt":"2024-11-08T07:17:44","slug":"ioduro-di-litio-fosforo-e-tellurio","status":"publish","type":"product","link":"https:\/\/vimaterial.de\/it\/product\/ioduro-di-litio-fosforo-e-tellurio\/","title":{"rendered":"Ioduro di Litio Fosforo Tellurio"},"content":{"rendered":"<p>Lo ioduro di litio fosforo tellurio (Li-P-Te-I) \u00e8 un composto teorico o specializzato che coinvolgerebbe una combinazione di elementi di litio, fosforo, tellurio e iodio. Sebbene un tale composto non sia stato ampiamente riportato nelle applicazioni o nella letteratura tradizionale, potrebbe potenzialmente svolgere ruoli nella scienza avanzata dei materiali, specialmente in contesti come l&#8217;accumulo di energia, l&#8217;elettrochimica o i semiconduttori, dove vengono esplorati complessi composti a base di litio. <\/p>\n<p>&nbsp;<\/p>\n<h2><span style=\"font-size: 14pt;\">Propriet\u00e0 fisiche:<\/span><\/h2>\n<p>Aspetto: Probabilmente un solido, possibilmente cristallino o policristallino, a seconda del processo di sintesi. Densit\u00e0: potrebbe variare a seconda della composizione esatta, ma il litio e il fosforo contribuirebbero a una densit\u00e0 relativamente inferiore rispetto ai composti dominati da elementi pi\u00f9 pesanti come il tellurio e lo iodio. Forma: Potrebbe potenzialmente essere prodotto come polvere, solido cristallino o film sottile per applicazioni sperimentali.<\/p>\n<p>&nbsp;<\/p>\n<h2><span style=\"font-size: 14pt;\">Propriet\u00e0 chimiche e termiche:<\/span><\/h2>\n<p>Stabilit\u00e0: la stabilit\u00e0 varierebbe in base ai rapporti atomici specifici e alle condizioni di sintesi. I composti contenenti litio, fosforo e tellurio tendono ad essere sensibili all&#8217;aria e all&#8217;umidit\u00e0. Conduttivit\u00e0 ionica: se lo ioduro di litio fosforo tellurio (Li-P-Te-I) forma una soluzione solida o una struttura reticolare che favorisce la mobilit\u00e0 ionica, pu\u00f2 mostrare una conduttivit\u00e0 ionica, che potrebbe essere interessante per le batterie o le applicazioni elettrochimiche. Reattivit\u00e0: data la presenza di litio e iodio, un tale composto potrebbe essere reattivo, soprattutto con l&#8217;umidit\u00e0, rilasciando potenzialmente gas iodio o reagendo per formare idrossido di litio. <\/p>\n<p>&nbsp;<\/p>\n<h2><span style=\"font-size: 14pt;\">Potenziali applicazioni:<\/span><\/h2>\n<p>Accumulo di energia: se stabile, Li-P-Te-I potrebbe essere esplorato come materiale solido per elettrolita o elettrodi, soprattutto se presenta un&#8217;elevata conducibilit\u00e0 ionica o elettronica. Applicazioni optoelettroniche: I composti con tellurio sono spesso studiati per le propriet\u00e0 fotoconduttive e optoelettroniche. Lo ioduro di litio fosforo tellurio (Li-P-Te-I) potrebbe ipoteticamente avere applicazioni nei semiconduttori a film sottile o nei dispositivi fotonici specializzati. Dispositivi elettrochimici: come composto complesso di litio, lo ioduro di litio fosforo tellurio (Li-P-Te-I) potrebbe essere di interesse nella ricerca sulle batterie allo stato solido, possibilmente fungendo da elettrolita o da strato conduttivo di ioni.<\/p>\n","protected":false},"excerpt":{"rendered":"<p>Lo ioduro di litio fosforo tellurio (Li-P-Te-I) \u00e8 un composto teorico o specializzato che coinvolgerebbe una combinazione di elementi di litio, fosforo, tellurio e iodio. Sebbene un tale composto non sia stato ampiamente riportato nelle applicazioni o nella letteratura tradizionale, potrebbe potenzialmente svolgere ruoli nella scienza avanzata dei materiali, specialmente in contesti come l&#8217;accumulo di [&hellip;]<\/p>\n","protected":false},"featured_media":998779,"comment_status":"open","ping_status":"closed","template":"","meta":{"_acf_changed":false},"product_brand":[],"product_cat":[199],"product_tag":[],"class_list":{"0":"post-1009090","1":"product","2":"type-product","3":"status-publish","4":"has-post-thumbnail","6":"product_cat-materiali-della-batteria","8":"first","9":"instock","10":"shipping-taxable","11":"product-type-variable"},"acf":[],"_links":{"self":[{"href":"https:\/\/vimaterial.de\/it\/wp-json\/wp\/v2\/product\/1009090","targetHints":{"allow":["GET"]}}],"collection":[{"href":"https:\/\/vimaterial.de\/it\/wp-json\/wp\/v2\/product"}],"about":[{"href":"https:\/\/vimaterial.de\/it\/wp-json\/wp\/v2\/types\/product"}],"replies":[{"embeddable":true,"href":"https:\/\/vimaterial.de\/it\/wp-json\/wp\/v2\/comments?post=1009090"}],"wp:featuredmedia":[{"embeddable":true,"href":"https:\/\/vimaterial.de\/it\/wp-json\/wp\/v2\/media\/998779"}],"wp:attachment":[{"href":"https:\/\/vimaterial.de\/it\/wp-json\/wp\/v2\/media?parent=1009090"}],"wp:term":[{"taxonomy":"product_brand","embeddable":true,"href":"https:\/\/vimaterial.de\/it\/wp-json\/wp\/v2\/product_brand?post=1009090"},{"taxonomy":"product_cat","embeddable":true,"href":"https:\/\/vimaterial.de\/it\/wp-json\/wp\/v2\/product_cat?post=1009090"},{"taxonomy":"product_tag","embeddable":true,"href":"https:\/\/vimaterial.de\/it\/wp-json\/wp\/v2\/product_tag?post=1009090"}],"curies":[{"name":"wp","href":"https:\/\/api.w.org\/{rel}","templated":true}]}}