{"id":1009086,"date":"2024-06-17T13:56:28","date_gmt":"2024-06-17T05:56:28","guid":{"rendered":"https:\/\/vimaterial.de\/product\/cloruro-di-litio-fosforo-e-tellurio\/"},"modified":"2024-11-08T15:21:52","modified_gmt":"2024-11-08T07:21:52","slug":"cloruro-di-litio-fosforo-e-tellurio","status":"publish","type":"product","link":"https:\/\/vimaterial.de\/it\/product\/cloruro-di-litio-fosforo-e-tellurio\/","title":{"rendered":"Litio Fosforo Tellurio Cloruro"},"content":{"rendered":"<p>Il cloruro di litio fosforo tellurio (Li-P-Te-Cl) \u00e8 un composto teorico o altamente specializzato, che incorpora litio, fosforo, tellurio e cloro. Questa combinazione di elementi non \u00e8 stata ampiamente documentata nella scienza dei materiali tradizionale o nelle applicazioni industriali, ma un composto come questo potrebbe ipoteticamente essere studiato per potenziali applicazioni nell&#8217;accumulo avanzato di energia, nell&#8217;elettrochimica o nell&#8217;optoelettronica. <\/p>\n<p>&nbsp;<\/p>\n<h2><span style=\"font-size: 14pt;\">Propriet\u00e0 fisiche:<\/span><\/h2>\n<p>Aspetto: Probabilmente un materiale solido, potenzialmente cristallino se prodotto in condizioni controllate. Densit\u00e0: la densit\u00e0 varierebbe a seconda dei rapporti esatti, ma la presenza di litio lo manterrebbe relativamente leggero rispetto ai composti pi\u00f9 pesanti, puramente a base di tellurio. Forma: Potrebbe essere prodotto come polvere o strato cristallino sottile, a seconda delle esigenze di ricerca o delle configurazioni sperimentali.<\/p>\n<p>&nbsp;<\/p>\n<h2><span style=\"font-size: 14pt;\">Propriet\u00e0 termiche e chimiche:<\/span><\/h2>\n<p>Stabilit\u00e0: questo composto sarebbe probabilmente sensibile all&#8217;aria e all&#8217;umidit\u00e0, data la reattivit\u00e0 del litio e del fosforo con questi elementi. Il cloro, come componente anionico, potrebbe aggiungere stabilit\u00e0, anche se potrebbe richiedere uno stoccaggio atmosferico inerte. Reattivit\u00e0: il cloruro di litio fosforo tellurio (Li-P-Te-Cl) sarebbe probabilmente reattivo, specialmente in ambienti umidi, producendo possibilmente idrossido di litio o altri sottoprodotti reattivi. Potrebbe anche rilasciare cloro gassoso in determinate condizioni. Conduttivit\u00e0 ionica: se la struttura consente la mobilit\u00e0 degli ioni di litio, potrebbe mostrare una certa conduttivit\u00e0 ionica, che potrebbe renderla adatta per applicazioni elettrolitiche. <\/p>\n<p>&nbsp;<\/p>\n<h2><span style=\"font-size: 14pt;\">Potenziali applicazioni:<\/span><\/h2>\n<p>Elettroliti solidi nelle batterie: se stabile, il cloruro di litio fosforo tellurio (Li-P-Te-Cl) potrebbe essere interessante come elettrolita solido o strato interfacciale nelle batterie allo stato solido, fornendo potenzialmente conduttivit\u00e0 ionica per gli ioni di litio mantenendo la stabilit\u00e0 con gli anodi di litio. Applicazioni fotoniche e optoelettroniche: l&#8217;inclusione del tellurio suggerisce potenziali propriet\u00e0 optoelettroniche. Ci\u00f2 potrebbe rendere il cloruro di litio fosforo tellurio (Li-P-Te-Cl) un candidato per applicazioni in fotonica, anche se molto dipenderebbe dalla sua struttura a bande elettroniche. Dispositivi elettrochimici: potrebbe fungere da materiale di interesse nei dispositivi elettrochimici, soprattutto se presenta una conduttivit\u00e0 ionica ed elettronica mista.<\/p>\n<p>&nbsp;<\/p>\n","protected":false},"excerpt":{"rendered":"<p>Il cloruro di litio fosforo tellurio (Li-P-Te-Cl) \u00e8 un composto teorico o altamente specializzato, che incorpora litio, fosforo, tellurio e cloro. Questa combinazione di elementi non \u00e8 stata ampiamente documentata nella scienza dei materiali tradizionale o nelle applicazioni industriali, ma un composto come questo potrebbe ipoteticamente essere studiato per potenziali applicazioni nell&#8217;accumulo avanzato di energia, [&hellip;]<\/p>\n","protected":false},"featured_media":998772,"comment_status":"open","ping_status":"closed","template":"","meta":{"_acf_changed":false},"product_brand":[],"product_cat":[199],"product_tag":[],"class_list":{"0":"post-1009086","1":"product","2":"type-product","3":"status-publish","4":"has-post-thumbnail","6":"product_cat-materiali-della-batteria","8":"first","9":"instock","10":"shipping-taxable","11":"product-type-variable"},"acf":[],"_links":{"self":[{"href":"https:\/\/vimaterial.de\/it\/wp-json\/wp\/v2\/product\/1009086","targetHints":{"allow":["GET"]}}],"collection":[{"href":"https:\/\/vimaterial.de\/it\/wp-json\/wp\/v2\/product"}],"about":[{"href":"https:\/\/vimaterial.de\/it\/wp-json\/wp\/v2\/types\/product"}],"replies":[{"embeddable":true,"href":"https:\/\/vimaterial.de\/it\/wp-json\/wp\/v2\/comments?post=1009086"}],"wp:featuredmedia":[{"embeddable":true,"href":"https:\/\/vimaterial.de\/it\/wp-json\/wp\/v2\/media\/998772"}],"wp:attachment":[{"href":"https:\/\/vimaterial.de\/it\/wp-json\/wp\/v2\/media?parent=1009086"}],"wp:term":[{"taxonomy":"product_brand","embeddable":true,"href":"https:\/\/vimaterial.de\/it\/wp-json\/wp\/v2\/product_brand?post=1009086"},{"taxonomy":"product_cat","embeddable":true,"href":"https:\/\/vimaterial.de\/it\/wp-json\/wp\/v2\/product_cat?post=1009086"},{"taxonomy":"product_tag","embeddable":true,"href":"https:\/\/vimaterial.de\/it\/wp-json\/wp\/v2\/product_tag?post=1009086"}],"curies":[{"name":"wp","href":"https:\/\/api.w.org\/{rel}","templated":true}]}}