{"id":1009080,"date":"2024-06-17T13:56:55","date_gmt":"2024-06-17T05:56:55","guid":{"rendered":"https:\/\/vimaterial.de\/product\/fosfato-di-litio-alluminio-germanio-2\/"},"modified":"2024-11-11T11:26:40","modified_gmt":"2024-11-11T03:26:40","slug":"fosfato-di-litio-alluminio-germanio-2","status":"publish","type":"product","link":"https:\/\/vimaterial.de\/it\/product\/fosfato-di-litio-alluminio-germanio-2\/","title":{"rendered":"Litio Alluminio Germanio Fosfato"},"content":{"rendered":"<p>Il fosfato di litio e alluminio germanio (LAGP), con la formula Li\u2081\u208b\u2093Al\u2093Ge\u2082\u208b\u2093(PO\u2084)\u2083, \u00e8 un materiale ceramico avanzato apprezzato per la sua conduttivit\u00e0 ionica e stabilit\u00e0 strutturale, che lo rende un promettente elettrolita solido per batterie agli ioni di litio e allo stato solido.<\/p>\n<h2><span style=\"font-size: 14pt;\">Propriet\u00e0 fisiche:<\/span><\/h2>\n<p>Formula: Li\u2081\u208b\u2093Al\u2093Ge\u2082\u208b\u2093(PO\u2084)\u2083, dove x rappresenta il livello di drogaggio dell&#8217;alluminio. Aspetto: Forma cristallina o in polvere bianca o biancastra. Struttura cristallina: Appartiene alla famiglia NASICON (Na Super Ionic Conductor), caratterizzata da una struttura a telaio che supporta la conduzione rapida degli ioni. Densit\u00e0: circa 3,2 g\/cm\u00b3, con un&#8217;elevata densit\u00e0 di impacchettamento che lo rende meccanicamente stabile. Stabilit\u00e0 termica: LAGP \u00e8 termicamente stabile, il che aiuta a prevenire il guasto della batteria ad alte temperature. Purezza: i gradi di purezza elevati (99% o superiori) sono spesso necessari per garantire la coerenza della conducibilit\u00e0 ionica e la stabilit\u00e0 nelle applicazioni delle batterie.<\/p>\n<h2><span style=\"font-size: 14pt;\">Propriet\u00e0 elettrochimiche:<\/span><\/h2>\n<p>Conducibilit\u00e0 ionica: il fosfato di litio e alluminio germanio (LAGP) presenta un&#8217;elevata conducibilit\u00e0 degli ioni di litio, generalmente nell&#8217;intervallo di 10\u207b\u00b3 S\/cm a temperatura ambiente, a seconda dei livelli di drogaggio. Stabilit\u00e0 elettrochimica: stabile all&#8217;interno di un&#8217;ampia finestra di tensione, spesso compresa tra 0 e 4,5 V, il che lo rende adatto per applicazioni ad alta densit\u00e0 di energia. Trasporto agli ioni di litio: il litio alluminio germanio fosfato (LAGP) supporta il trasporto rapido agli ioni di litio, fondamentale per consentire una carica e una scarica efficienti nelle batterie.<\/p>\n<h2><span style=\"font-size: 14pt;\">Applicazioni:<\/span><\/h2>\n<p>Batterie allo stato solido: il fosfato di litio e alluminio germanio (LAGP) viene utilizzato principalmente come elettrolita solido nelle batterie agli ioni di litio e allo stato solido, offrendo vantaggi in termini di sicurezza e stabilit\u00e0 rispetto agli elettroliti liquidi. Celle elettrochimiche ad alta temperatura: grazie alla sua stabilit\u00e0 termica, LAGP \u00e8 adatto per l&#8217;uso in ambienti in cui le batterie possono essere esposte a temperature elevate. Ricerca sull&#8217;accumulo di energia: il fosfato di litio e alluminio germanio (LAGP) \u00e8 al centro della ricerca e dello sviluppo di batterie per i sistemi di accumulo di energia di nuova generazione, in particolare nelle applicazioni che richiedono sicurezza e prestazioni elevate. Batterie flessibili e a film sottile: la sua stabilit\u00e0 rende il fosfato di litio e alluminio germanio (LAGP) ideale per progetti di batterie avanzate, comprese le batterie a film sottile e i dispositivi flessibili di accumulo di energia per dispositivi elettronici portatili e indossabili.<\/p>\n","protected":false},"excerpt":{"rendered":"<p>Il fosfato di litio e alluminio germanio (LAGP), con la formula Li\u2081\u208b\u2093Al\u2093Ge\u2082\u208b\u2093(PO\u2084)\u2083, \u00e8 un materiale ceramico avanzato apprezzato per la sua conduttivit\u00e0 ionica e stabilit\u00e0 strutturale, che lo rende un promettente elettrolita solido per batterie agli ioni di litio e allo stato solido. Propriet\u00e0 fisiche: Formula: Li\u2081\u208b\u2093Al\u2093Ge\u2082\u208b\u2093(PO\u2084)\u2083, dove x rappresenta il livello di drogaggio dell&#8217;alluminio. [&hellip;]<\/p>\n","protected":false},"featured_media":998786,"comment_status":"open","ping_status":"closed","template":"","meta":{"_acf_changed":false},"product_brand":[],"product_cat":[197],"product_tag":[],"class_list":{"0":"post-1009080","1":"product","2":"type-product","3":"status-publish","4":"has-post-thumbnail","6":"product_cat-obiettivi-di-sputtering-planari","8":"first","9":"instock","10":"shipping-taxable","11":"product-type-variable"},"acf":[],"_links":{"self":[{"href":"https:\/\/vimaterial.de\/it\/wp-json\/wp\/v2\/product\/1009080","targetHints":{"allow":["GET"]}}],"collection":[{"href":"https:\/\/vimaterial.de\/it\/wp-json\/wp\/v2\/product"}],"about":[{"href":"https:\/\/vimaterial.de\/it\/wp-json\/wp\/v2\/types\/product"}],"replies":[{"embeddable":true,"href":"https:\/\/vimaterial.de\/it\/wp-json\/wp\/v2\/comments?post=1009080"}],"wp:featuredmedia":[{"embeddable":true,"href":"https:\/\/vimaterial.de\/it\/wp-json\/wp\/v2\/media\/998786"}],"wp:attachment":[{"href":"https:\/\/vimaterial.de\/it\/wp-json\/wp\/v2\/media?parent=1009080"}],"wp:term":[{"taxonomy":"product_brand","embeddable":true,"href":"https:\/\/vimaterial.de\/it\/wp-json\/wp\/v2\/product_brand?post=1009080"},{"taxonomy":"product_cat","embeddable":true,"href":"https:\/\/vimaterial.de\/it\/wp-json\/wp\/v2\/product_cat?post=1009080"},{"taxonomy":"product_tag","embeddable":true,"href":"https:\/\/vimaterial.de\/it\/wp-json\/wp\/v2\/product_tag?post=1009080"}],"curies":[{"name":"wp","href":"https:\/\/api.w.org\/{rel}","templated":true}]}}