{"id":1009041,"date":"2024-06-17T13:53:39","date_gmt":"2024-06-17T05:53:39","guid":{"rendered":"https:\/\/vimaterial.de\/product\/metaborato-di-litio\/"},"modified":"2024-11-07T17:23:29","modified_gmt":"2024-11-07T09:23:29","slug":"metaborato-di-litio","status":"publish","type":"product","link":"https:\/\/vimaterial.de\/it\/product\/metaborato-di-litio\/","title":{"rendered":"Metaborato di litio"},"content":{"rendered":"<p>Il metaborato di litio (LiBO\u2082) \u00e8 un composto inorganico ampiamente utilizzato in chimica analitica, in particolare nella preparazione di campioni per l&#8217;analisi della fluorescenza a raggi X (XRF) e del plasma accoppiato induttivamente (ICP). Agisce come agente di fusione per i campioni che devono essere preparati in uno stato simile al vetro, garantendo una distribuzione uniforme e omogenea degli elementi per misure accurate. Il metaborato di litio viene utilizzato anche nella produzione di ceramica e vetro come agente fondente.  <\/p>\n<p>&nbsp;<\/p>\n<h2><span style=\"font-size: 14pt;\">Propriet\u00e0 fisiche:<\/span><\/h2>\n<p>Aspetto: polvere cristallina bianca e inodore. Densit\u00e0: circa 1,47 g\/cm\u00b3. Punto di fusione: circa 845 \u00b0C (1.553 \u00b0F), che gli consente di agire come agente di fusione per altri materiali ad alte temperature. Solubilit\u00e0: Solubile in acqua, soprattutto ad alte temperature, e solubile in alcuni acidi.<\/p>\n<p>&nbsp;<\/p>\n<h2><span style=\"font-size: 14pt;\">Propriet\u00e0 termiche e chimiche:<\/span><\/h2>\n<p>Elevata stabilit\u00e0 termica: resiste alle alte temperature, il che lo rende ideale per l&#8217;uso nei processi di fusione. Reattivit\u00e0 chimica: Agisce come un flusso sciogliendo altri materiali ad alte temperature. Nella fusione, aiuta a scomporre matrici di campioni complesse, consentendo una distribuzione uniforme in forma di vetro. pH: il metaborato di litio \u00e8 basico e pu\u00f2 influenzare leggermente il pH della soluzione o fondere in essa, il che pu\u00f2 essere utile per stabilizzare alcuni tipi di campioni durante l&#8217;analisi.<\/p>\n<p>&nbsp;<\/p>\n<h2><span style=\"font-size: 14pt;\">Applicazioni:<\/span><\/h2>\n<p>Chimica analitica: il metaborato di litio \u00e8 essenziale nella preparazione dei campioni per la spettroscopia XRF e ICP. Aiuta a creare una perla di vetro da campioni in polvere, che garantisce una presentazione uniforme del campione e un&#8217;analisi elementare precisa. Produzione di ceramica e vetro: nella ceramica e nel vetro, il metaborato di litio agisce come un flusso, riducendo le temperature di fusione e contribuendo a formare il vetro con propriet\u00e0 chimiche e termiche migliorate. Analisi dei metalli e campionamento geologico: Comunemente utilizzato nei laboratori di geochimica e metallurgia, il metaborato di litio aiuta a dissolvere e preparare metalli, minerali e rocce difficili da analizzare per una misurazione elementare accurata. <\/p>\n<p>&nbsp;<\/p>\n<h2><span style=\"font-size: 14pt;\">Movimentazione e stoccaggio:<\/span><\/h2>\n<p>Conservazione: Conservare in un ambiente fresco e asciutto per evitare l&#8217;assorbimento di umidit\u00e0 e la formazione di grumi. Utilizzare contenitori ermeticamente chiusi. Precauzioni di sicurezza: Sebbene generalmente sicuro, evitare di inalare la polvere. Utilizzare dispositivi di protezione standard come guanti e occhiali, soprattutto quando si maneggiano grandi quantit\u00e0 o si lavora in un laboratorio di fusione. <\/p>\n","protected":false},"excerpt":{"rendered":"<p>Il metaborato di litio (LiBO\u2082) \u00e8 un composto inorganico ampiamente utilizzato in chimica analitica, in particolare nella preparazione di campioni per l&#8217;analisi della fluorescenza a raggi X (XRF) e del plasma accoppiato induttivamente (ICP). Agisce come agente di fusione per i campioni che devono essere preparati in uno stato simile al vetro, garantendo una distribuzione [&hellip;]<\/p>\n","protected":false},"featured_media":998804,"comment_status":"open","ping_status":"closed","template":"","meta":{"_acf_changed":false},"product_brand":[],"product_cat":[199],"product_tag":[],"class_list":{"0":"post-1009041","1":"product","2":"type-product","3":"status-publish","4":"has-post-thumbnail","6":"product_cat-materiali-della-batteria","8":"first","9":"instock","10":"shipping-taxable","11":"purchasable","12":"product-type-variable"},"acf":[],"_links":{"self":[{"href":"https:\/\/vimaterial.de\/it\/wp-json\/wp\/v2\/product\/1009041","targetHints":{"allow":["GET"]}}],"collection":[{"href":"https:\/\/vimaterial.de\/it\/wp-json\/wp\/v2\/product"}],"about":[{"href":"https:\/\/vimaterial.de\/it\/wp-json\/wp\/v2\/types\/product"}],"replies":[{"embeddable":true,"href":"https:\/\/vimaterial.de\/it\/wp-json\/wp\/v2\/comments?post=1009041"}],"wp:featuredmedia":[{"embeddable":true,"href":"https:\/\/vimaterial.de\/it\/wp-json\/wp\/v2\/media\/998804"}],"wp:attachment":[{"href":"https:\/\/vimaterial.de\/it\/wp-json\/wp\/v2\/media?parent=1009041"}],"wp:term":[{"taxonomy":"product_brand","embeddable":true,"href":"https:\/\/vimaterial.de\/it\/wp-json\/wp\/v2\/product_brand?post=1009041"},{"taxonomy":"product_cat","embeddable":true,"href":"https:\/\/vimaterial.de\/it\/wp-json\/wp\/v2\/product_cat?post=1009041"},{"taxonomy":"product_tag","embeddable":true,"href":"https:\/\/vimaterial.de\/it\/wp-json\/wp\/v2\/product_tag?post=1009041"}],"curies":[{"name":"wp","href":"https:\/\/api.w.org\/{rel}","templated":true}]}}