{"id":1009021,"date":"2024-06-17T13:57:03","date_gmt":"2024-06-17T05:57:03","guid":{"rendered":"https:\/\/vimaterial.de\/product\/bromuro-di-litio\/"},"modified":"2024-11-11T11:11:26","modified_gmt":"2024-11-11T03:11:26","slug":"bromuro-di-litio","status":"publish","type":"product","link":"https:\/\/vimaterial.de\/it\/product\/bromuro-di-litio\/","title":{"rendered":"Bromuro di litio"},"content":{"rendered":"<p>Il bromuro di litio (LiBr) \u00e8 un composto chimico di litio e bromo. Il suo carattere estremamente igroscopico rende LiBr utile come essiccante in alcuni sistemi di condizionamento dell&#8217;aria.<\/p>\n<h2><span style=\"font-size: 14pt;\">Propriet\u00e0 fisiche:<\/span><\/h2>\n<p>Formula chimica: LiBr<\/p>\n<p>Massa molare: 86.845(3) g\/mol<\/p>\n<p>Aspetto: bianco solido igroscopico<\/p>\n<p>Densit\u00e0:3.464 g\/cm3<\/p>\n<p>Punto di fusione: 552 \u00b0C (1.026 \u00b0F; 825 K)<\/p>\n<p>Punto di ebollizione: 1.265 \u00b0C (2.309 \u00b0F; 1.538 K)<\/p>\n<p>Solubilit\u00e0 in acqua: 143 g\/100 mL (0 \u00b0C)\/166,7 g\/100 mL (20 \u00b0C)\/266 g\/100 mL (100 \u00b0C)<\/p>\n<p>Solubilit\u00e0: solubile in metanolo, etanolo, etere, acetone<\/p>\n<p>leggermente:solubile in piridina<\/p>\n<p>Suscettibilit\u00e0 magnetica (\u03c7):\u221234,7\u00b710\u22126 cm3\/mol<\/p>\n<p>Indice di rifrazione (nD):1.784<\/p>\n<h2><span style=\"font-size: 14pt;\">Applicazioni:<\/span><\/h2>\n<p>Condizionamento dell&#8217;aria e refrigerazione ad assorbimento: il bromuro di litio \u00e8 comunemente usato nei refrigeratori ad assorbimento, dove agisce come essiccante per assorbire il vapore acqueo e facilitare il raffreddamento. In questi sistemi viene impiegata una soluzione acqua-LiBr, in quanto assorbe in modo efficiente il calore e consente di ottenere un sistema di raffreddamento compatto ed efficiente senza l&#8217;utilizzo di refrigeranti tradizionali. Sistemi di deumidificazione: Grazie alla sua elevata capacit\u00e0 di assorbimento dell&#8217;umidit\u00e0, LiBr viene utilizzato anche nei deumidificatori industriali e commerciali. Sistemi di trasferimento del calore: le soluzioni LiBr sono utilizzate in alcune applicazioni di trasferimento del calore grazie alle loro propriet\u00e0 termiche. Applicazioni mediche: in concentrazioni pi\u00f9 basse, il bromuro di litio \u00e8 stato storicamente utilizzato come sedativo, anche se oggi \u00e8 meno comune con lo sviluppo di altri farmaci. Sintesi chimica: LiBr funge da reagente nella sintesi organica, spesso utilizzato come fonte di bromo o come catalizzatore in determinate reazioni. <\/p>\n","protected":false},"excerpt":{"rendered":"<p>Il bromuro di litio (LiBr) \u00e8 un composto chimico di litio e bromo. Il suo carattere estremamente igroscopico rende LiBr utile come essiccante in alcuni sistemi di condizionamento dell&#8217;aria. Propriet\u00e0 fisiche: Formula chimica: LiBr Massa molare: 86.845(3) g\/mol Aspetto: bianco solido igroscopico Densit\u00e0:3.464 g\/cm3 Punto di fusione: 552 \u00b0C (1.026 \u00b0F; 825 K) Punto di [&hellip;]<\/p>\n","protected":false},"featured_media":998811,"comment_status":"open","ping_status":"closed","template":"","meta":{"_acf_changed":false},"product_brand":[],"product_cat":[201,199],"product_tag":[],"class_list":{"0":"post-1009021","1":"product","2":"type-product","3":"status-publish","4":"has-post-thumbnail","6":"product_cat-materiali-a-base-di-alogenuri","7":"product_cat-materiali-della-batteria","9":"first","10":"instock","11":"shipping-taxable","12":"purchasable","13":"product-type-variable"},"acf":[],"_links":{"self":[{"href":"https:\/\/vimaterial.de\/it\/wp-json\/wp\/v2\/product\/1009021","targetHints":{"allow":["GET"]}}],"collection":[{"href":"https:\/\/vimaterial.de\/it\/wp-json\/wp\/v2\/product"}],"about":[{"href":"https:\/\/vimaterial.de\/it\/wp-json\/wp\/v2\/types\/product"}],"replies":[{"embeddable":true,"href":"https:\/\/vimaterial.de\/it\/wp-json\/wp\/v2\/comments?post=1009021"}],"wp:featuredmedia":[{"embeddable":true,"href":"https:\/\/vimaterial.de\/it\/wp-json\/wp\/v2\/media\/998811"}],"wp:attachment":[{"href":"https:\/\/vimaterial.de\/it\/wp-json\/wp\/v2\/media?parent=1009021"}],"wp:term":[{"taxonomy":"product_brand","embeddable":true,"href":"https:\/\/vimaterial.de\/it\/wp-json\/wp\/v2\/product_brand?post=1009021"},{"taxonomy":"product_cat","embeddable":true,"href":"https:\/\/vimaterial.de\/it\/wp-json\/wp\/v2\/product_cat?post=1009021"},{"taxonomy":"product_tag","embeddable":true,"href":"https:\/\/vimaterial.de\/it\/wp-json\/wp\/v2\/product_tag?post=1009021"}],"curies":[{"name":"wp","href":"https:\/\/api.w.org\/{rel}","templated":true}]}}