{"id":1008991,"date":"2024-06-17T13:57:04","date_gmt":"2024-06-17T05:57:04","guid":{"rendered":"https:\/\/vimaterial.de\/product\/ossido-di-litio-e-cobalto-3\/"},"modified":"2024-11-11T10:44:54","modified_gmt":"2024-11-11T02:44:54","slug":"ossido-di-litio-e-cobalto-3","status":"publish","type":"product","link":"https:\/\/vimaterial.de\/it\/product\/ossido-di-litio-e-cobalto-3\/","title":{"rendered":"Ossido di litio cobalto"},"content":{"rendered":"<p>L&#8217;ossido di litio cobalto (LiCoO2) \u00e8 un materiale catodico chiave nelle batterie agli ioni di litio, ampiamente noto per la sua elevata densit\u00e0 di energia, prestazioni elettrochimiche stabili e lunga durata. La sua struttura cristallina stratificata consente agli ioni di litio di muoversi dentro e fuori dal materiale, facilitando cicli di carica e scarica efficienti. <\/p>\n<h2><span style=\"font-size: 14pt;\">Propriet\u00e0 fisiche:<\/span><\/h2>\n<p>Formula chimica: LiCoO2<\/p>\n<p>Massa molare: 97,87 g mol\u22121<\/p>\n<p>Purezza: spesso prodotto con purezze del 99,9% o superiori per prestazioni elettrochimiche ottimali nelle applicazioni di batterie di fascia alta. Aspetto: Tipicamente una polvere da grigio scuro a nero. Densit\u00e0: circa 4,8 g\/cm\u00b3. Struttura cristallina: l&#8217;ossido di litio cobalto (LiCoO2) ha una struttura esagonale stratificata che promuove un&#8217;efficiente intercalazione e deintercalazione degli ioni di litio, fondamentale per la sua funzione di catodo della batteria.<\/p>\n<h2><span style=\"font-size: 14pt;\">Applicazioni:<\/span><\/h2>\n<p>Elettronica di consumo: l&#8217;ossido di litio cobalto (LiCoO2) \u00e8 comunemente usato nelle batterie per smartphone, laptop e fotocamere, dove la sua elevata densit\u00e0 di energia e affidabilit\u00e0 lo rendono ideale per i dispositivi portatili. Veicoli elettrici (EV): sebbene i materiali pi\u00f9 recenti come il litio ferro fosfato (LFP) e il nichel-cobalto-alluminio (NCA) siano spesso preferiti nei veicoli elettrici, il LiCoO\u2082 \u00e8 stato utilizzato nei primi progetti di veicoli elettrici ed \u00e8 ancora presente in alcune applicazioni ibride plug-in. Dispositivi medici: la sua stabilit\u00e0 e le prestazioni prevedibili rendono LiCoO\u2082 una scelta adatta per le batterie di alcuni dispositivi medici e sensori. Ricerca e sviluppo: l&#8217;ossido di litio cobalto (LiCoO\u2082) \u00e8 comunemente studiato nella ricerca sulle batterie, in quanto funge da composto modello per comprendere il comportamento degli ioni di litio, la degradazione e i potenziali miglioramenti nella progettazione delle batterie.<\/p>\n","protected":false},"excerpt":{"rendered":"<p>L&#8217;ossido di litio cobalto (LiCoO2) \u00e8 un materiale catodico chiave nelle batterie agli ioni di litio, ampiamente noto per la sua elevata densit\u00e0 di energia, prestazioni elettrochimiche stabili e lunga durata. La sua struttura cristallina stratificata consente agli ioni di litio di muoversi dentro e fuori dal materiale, facilitando cicli di carica e scarica efficienti. [&hellip;]<\/p>\n","protected":false},"featured_media":998836,"comment_status":"open","ping_status":"closed","template":"","meta":{"_acf_changed":false},"product_brand":[],"product_cat":[198],"product_tag":[],"class_list":{"0":"post-1008991","1":"product","2":"type-product","3":"status-publish","4":"has-post-thumbnail","6":"product_cat-materiali-per-levaporazione","8":"first","9":"instock","10":"shipping-taxable","11":"product-type-variable"},"acf":[],"_links":{"self":[{"href":"https:\/\/vimaterial.de\/it\/wp-json\/wp\/v2\/product\/1008991","targetHints":{"allow":["GET"]}}],"collection":[{"href":"https:\/\/vimaterial.de\/it\/wp-json\/wp\/v2\/product"}],"about":[{"href":"https:\/\/vimaterial.de\/it\/wp-json\/wp\/v2\/types\/product"}],"replies":[{"embeddable":true,"href":"https:\/\/vimaterial.de\/it\/wp-json\/wp\/v2\/comments?post=1008991"}],"wp:featuredmedia":[{"embeddable":true,"href":"https:\/\/vimaterial.de\/it\/wp-json\/wp\/v2\/media\/998836"}],"wp:attachment":[{"href":"https:\/\/vimaterial.de\/it\/wp-json\/wp\/v2\/media?parent=1008991"}],"wp:term":[{"taxonomy":"product_brand","embeddable":true,"href":"https:\/\/vimaterial.de\/it\/wp-json\/wp\/v2\/product_brand?post=1008991"},{"taxonomy":"product_cat","embeddable":true,"href":"https:\/\/vimaterial.de\/it\/wp-json\/wp\/v2\/product_cat?post=1008991"},{"taxonomy":"product_tag","embeddable":true,"href":"https:\/\/vimaterial.de\/it\/wp-json\/wp\/v2\/product_tag?post=1008991"}],"curies":[{"name":"wp","href":"https:\/\/api.w.org\/{rel}","templated":true}]}}