{"id":1008980,"date":"2024-06-17T13:57:55","date_gmt":"2024-06-17T05:57:55","guid":{"rendered":"https:\/\/vimaterial.de\/product\/fosfato-di-litio-e-cobalto\/"},"modified":"2024-11-11T10:28:22","modified_gmt":"2024-11-11T02:28:22","slug":"fosfato-di-litio-e-cobalto","status":"publish","type":"product","link":"https:\/\/vimaterial.de\/it\/product\/fosfato-di-litio-e-cobalto\/","title":{"rendered":"Fosfato di litio cobalto"},"content":{"rendered":"<p>Il bersaglio per polverizzazione catodica al litio cobalto fosfato (LiCoPO4) \u00e8 un bersaglio specializzato utilizzato per la deposizione di film sottili di LiCoPO\u2084 tramite sputtering, un processo comunemente applicato nella fabbricazione di batterie a film sottile e dispositivi elettronici. LiCoPO\u2084, noto per le sue prestazioni ad alta tensione, ha un ruolo promettente nelle applicazioni di accumulo di energia grazie alle sue propriet\u00e0 elettrochimiche uniche, che possono essere efficacemente sfruttate attraverso la deposizione di film sottili. <\/p>\n<h2><span style=\"font-size: 14pt;\">Propriet\u00e0 fisiche:<\/span><\/h2>\n<p>Aspetto: Solitamente da grigio a viola scuro, a seconda dei metodi di produzione, con una forma solida e densa adatta allo sputtering. Densit\u00e0: circa 3,6 g\/cm\u00b3. Dimensioni target: Disponibile in diametri standard (ad es. 2 pollici, 4 pollici) e dimensioni personalizzate a seconda dei requisiti dell&#8217;applicazione. Lo spessore tipico varia in base alla specifica configurazione di sputtering.<\/p>\n<h2><span style=\"font-size: 14pt;\">Caratteristiche dello sputtering:<\/span><\/h2>\n<p>Velocit\u00e0 di deposizione: le velocit\u00e0 di deposizione per LiCoPO4 sono influenzate da parametri di sputtering come potenza, pressione e composizione del bersaglio. Le velocit\u00e0 sono in genere ottimizzate per ottenere film sottili uniformi. Controllo della composizione del film: i film LiCoPO\u2084 creati da bersagli sputtering mantengono la stechiometria per prestazioni uniformi nelle applicazioni a batteria. Conducibilit\u00e0: LiCoPO4 \u00e8 intrinsecamente a basso contenuto di conducibilit\u00e0, quindi i processi di deposizione possono comportare additivi conduttivi o trattamenti del substrato per ottenere le prestazioni elettriche desiderate. <\/p>\n<h2><span style=\"font-size: 14pt;\">Applicazioni:<\/span><\/h2>\n<p>Batterie a film sottile: i film sottili LiCoPO4 sono utilizzati nelle batterie agli ioni di litio a film sottile per applicazioni ad alta energia, come la microelettronica e i dispositivi energetici portatili. La sua alta tensione (circa 4,8 V) consente densit\u00e0 di energia potenzialmente pi\u00f9 elevate rispetto ad altri materiali catodici. Microelettronica: Grazie alla sua stabilit\u00e0 e all&#8217;elevata densit\u00e0 di energia, LiCoPO4 \u00e8 adatto per l&#8217;uso in alimentatori per dispositivi microelettronici. Ricerca e sviluppo: utilizzato in studi incentrati su materiali catodici ad alta tensione, consentendo di studiare la stabilit\u00e0, la compatibilit\u00e0 con gli elettroliti e il potenziale per le tecnologie delle batterie di prossima generazione. <\/p>\n<p>&nbsp;<\/p>\n","protected":false},"excerpt":{"rendered":"<p>Il bersaglio per polverizzazione catodica al litio cobalto fosfato (LiCoPO4) \u00e8 un bersaglio specializzato utilizzato per la deposizione di film sottili di LiCoPO\u2084 tramite sputtering, un processo comunemente applicato nella fabbricazione di batterie a film sottile e dispositivi elettronici. LiCoPO\u2084, noto per le sue prestazioni ad alta tensione, ha un ruolo promettente nelle applicazioni di [&hellip;]<\/p>\n","protected":false},"featured_media":998851,"comment_status":"open","ping_status":"closed","template":"","meta":{"_acf_changed":false},"product_brand":[],"product_cat":[197],"product_tag":[],"class_list":{"0":"post-1008980","1":"product","2":"type-product","3":"status-publish","4":"has-post-thumbnail","6":"product_cat-obiettivi-di-sputtering-planari","8":"first","9":"outofstock","10":"shipping-taxable","11":"product-type-variable"},"acf":[],"_links":{"self":[{"href":"https:\/\/vimaterial.de\/it\/wp-json\/wp\/v2\/product\/1008980","targetHints":{"allow":["GET"]}}],"collection":[{"href":"https:\/\/vimaterial.de\/it\/wp-json\/wp\/v2\/product"}],"about":[{"href":"https:\/\/vimaterial.de\/it\/wp-json\/wp\/v2\/types\/product"}],"replies":[{"embeddable":true,"href":"https:\/\/vimaterial.de\/it\/wp-json\/wp\/v2\/comments?post=1008980"}],"wp:featuredmedia":[{"embeddable":true,"href":"https:\/\/vimaterial.de\/it\/wp-json\/wp\/v2\/media\/998851"}],"wp:attachment":[{"href":"https:\/\/vimaterial.de\/it\/wp-json\/wp\/v2\/media?parent=1008980"}],"wp:term":[{"taxonomy":"product_brand","embeddable":true,"href":"https:\/\/vimaterial.de\/it\/wp-json\/wp\/v2\/product_brand?post=1008980"},{"taxonomy":"product_cat","embeddable":true,"href":"https:\/\/vimaterial.de\/it\/wp-json\/wp\/v2\/product_cat?post=1008980"},{"taxonomy":"product_tag","embeddable":true,"href":"https:\/\/vimaterial.de\/it\/wp-json\/wp\/v2\/product_tag?post=1008980"}],"curies":[{"name":"wp","href":"https:\/\/api.w.org\/{rel}","templated":true}]}}