{"id":1008974,"date":"2024-06-17T13:57:54","date_gmt":"2024-06-17T05:57:54","guid":{"rendered":"https:\/\/vimaterial.de\/product\/ossido-di-litio-e-cobalto\/"},"modified":"2024-11-11T10:35:29","modified_gmt":"2024-11-11T02:35:29","slug":"ossido-di-litio-e-cobalto","status":"publish","type":"product","link":"https:\/\/vimaterial.de\/it\/product\/ossido-di-litio-e-cobalto\/","title":{"rendered":"Ossido di litio cobalto"},"content":{"rendered":"<p>Caratteristico<\/p>\n<p>Il bersaglio sputtering di ossido di litio cobalto \u00e8 un materiale ampiamente utilizzato nei processi di deposizione di film sottili, principalmente per applicazioni di batterie. L&#8217;ossido di litio cobalto \u00e8 un materiale catodico ben noto nelle batterie agli ioni di litio grazie alla sua elevata densit\u00e0 di energia, alla struttura stratificata stabile e alla lunga durata del ciclo. Come bersaglio per lo sputtering, il LiCoO\u2082 consente la deposizione di film sottili nelle tecnologie delle microbatterie e in altre applicazioni elettroniche che beneficiano delle sue propriet\u00e0 elettrochimiche.  <\/p>\n<p>Propriet\u00e0 fisiche:<\/p>\n<p>Formula chimica: LiCoO2<\/p>\n<p>Massa molare: 97,87 g mol\u22121<\/p>\n<p>Aspetto: generalmente un solido denso da grigio scuro a nero. Densit\u00e0: circa 4,8 g\/cm\u00b3. Dimensioni target: comunemente prodotto in diametri da 2 a 4 pollici e dimensioni personalizzate secondo necessit\u00e0. Gli spessori variano in base ai requisiti specifici del sistema di sputtering. Propriet\u00e0 di sputtering: Velocit\u00e0 di deposizione: la velocit\u00e0 di deposizione di LiCoO\u2082 \u00e8 determinata da fattori quali la potenza di sputtering, la pressione del gas e la composizione target ed \u00e8 tipicamente ottimizzata per ottenere film sottili uniformi e di alta qualit\u00e0. Stechiometria del film: i bersagli sputtering dell&#8217;ossido di litio cobalto consentono un controllo preciso della stechiometria del film, che \u00e8 fondamentale nelle applicazioni delle batterie per mantenere le prestazioni elettrochimiche. Conducibilit\u00e0 elettrica: Sebbene il LiCoO\u2082 stesso abbia una conduttivit\u00e0 migliore rispetto ad altri materiali catodici di litio, pu\u00f2 comunque beneficiare di rivestimenti o additivi se utilizzato in applicazioni elettroniche impegnative.<\/p>\n<p>Applicazioni:<\/p>\n<p>Batterie agli ioni di litio a film sottile: i film sottili LiCoO\u2082 sono ampiamente utilizzati come materiale catodico nelle batterie agli ioni di litio a film sottile per microelettronica, dispositivi portatili e dispositivi indossabili. L&#8217;elevata densit\u00e0 di energia e la lunga durata del ciclo lo rendono adatto per applicazioni che richiedono fonti di alimentazione affidabili e compatte. Microelettronica e sensori: come materiale catodico a film sottile, LiCoO\u2082 viene utilizzato in dispositivi microelettronici, piccoli sensori e dispositivi medici, beneficiando della sua elevata stabilit\u00e0 e capacit\u00e0 energetica. Ricerca e sviluppo: i bersagli sputtering di ossido di litio cobalto sono comunemente utilizzati nella ricerca per la tecnologia delle batterie di nuova generazione, esplorando propriet\u00e0 come la stabilit\u00e0 termica, la conduttivit\u00e0 ionica e le caratteristiche interfacciali con gli elettroliti. <\/p>\n<p>&nbsp;<\/p>\n","protected":false},"excerpt":{"rendered":"<p>Caratteristico Il bersaglio sputtering di ossido di litio cobalto \u00e8 un materiale ampiamente utilizzato nei processi di deposizione di film sottili, principalmente per applicazioni di batterie. L&#8217;ossido di litio cobalto \u00e8 un materiale catodico ben noto nelle batterie agli ioni di litio grazie alla sua elevata densit\u00e0 di energia, alla struttura stratificata stabile e alla [&hellip;]<\/p>\n","protected":false},"featured_media":998843,"comment_status":"open","ping_status":"closed","template":"","meta":{"_acf_changed":false},"product_brand":[],"product_cat":[197],"product_tag":[],"class_list":{"0":"post-1008974","1":"product","2":"type-product","3":"status-publish","4":"has-post-thumbnail","6":"product_cat-obiettivi-di-sputtering-planari","8":"first","9":"instock","10":"shipping-taxable","11":"product-type-variable"},"acf":[],"_links":{"self":[{"href":"https:\/\/vimaterial.de\/it\/wp-json\/wp\/v2\/product\/1008974","targetHints":{"allow":["GET"]}}],"collection":[{"href":"https:\/\/vimaterial.de\/it\/wp-json\/wp\/v2\/product"}],"about":[{"href":"https:\/\/vimaterial.de\/it\/wp-json\/wp\/v2\/types\/product"}],"replies":[{"embeddable":true,"href":"https:\/\/vimaterial.de\/it\/wp-json\/wp\/v2\/comments?post=1008974"}],"wp:featuredmedia":[{"embeddable":true,"href":"https:\/\/vimaterial.de\/it\/wp-json\/wp\/v2\/media\/998843"}],"wp:attachment":[{"href":"https:\/\/vimaterial.de\/it\/wp-json\/wp\/v2\/media?parent=1008974"}],"wp:term":[{"taxonomy":"product_brand","embeddable":true,"href":"https:\/\/vimaterial.de\/it\/wp-json\/wp\/v2\/product_brand?post=1008974"},{"taxonomy":"product_cat","embeddable":true,"href":"https:\/\/vimaterial.de\/it\/wp-json\/wp\/v2\/product_cat?post=1008974"},{"taxonomy":"product_tag","embeddable":true,"href":"https:\/\/vimaterial.de\/it\/wp-json\/wp\/v2\/product_tag?post=1008974"}],"curies":[{"name":"wp","href":"https:\/\/api.w.org\/{rel}","templated":true}]}}