{"id":1008918,"date":"2024-06-17T13:57:59","date_gmt":"2024-06-17T05:57:59","guid":{"rendered":"https:\/\/vimaterial.de\/product\/fosfato-di-litio-e-ferro-lfp\/"},"modified":"2024-11-08T18:02:30","modified_gmt":"2024-11-08T10:02:30","slug":"fosfato-di-litio-e-ferro-lfp","status":"publish","type":"product","link":"https:\/\/vimaterial.de\/it\/product\/fosfato-di-litio-e-ferro-lfp\/","title":{"rendered":"Litio ferro fosfato (LFP)"},"content":{"rendered":"<p>Il litio ferro fosfato (LFP) \u00e8 un composto inorganico con la formula LiFePO4. \u00c8 un solido grigio, rosso-grigio, marrone o nero insolubile in acqua. Questa forma in polvere consente una pi\u00f9 facile integrazione nella produzione di celle per batterie, dove viene tipicamente combinata con altri materiali per formare elettrodi.<\/p>\n<h2><span style=\"font-size: 14pt;\">Composizione chimica:<\/span><\/h2>\n<p>Formula chimica: FeLiPO4 Massa molare: 157,757 g\/mol Purezza: la polvere LiFePO\u2084 ad alta purezza (in genere 99% o superiore) \u00e8 necessaria per applicazioni ad alte prestazioni in batterie e sistemi di accumulo di energia.<\/p>\n<p>La polvere LFP \u00e8 rivestita di carbonio per l&#8217;uso nelle batterie agli ioni di litio come materiale catodico. Le polveri di litio ferro fosfato (C-LiFePO4) rivestite di carbonio sono state prodotte su scala commerciale con un metodo di reazione controllato allo stato solido.<\/p>\n<h2><span style=\"font-size: 14pt;\">Propriet\u00e0 fisiche:<\/span><\/h2>\n<p>Aspetto: La polvere di litio ferro fosfato si presenta tipicamente come una polvere fine, grigiastra o nera. Il colore pu\u00f2 variare leggermente a seconda del processo di produzione e degli eventuali additivi utilizzati. Dimensione delle particelle: La polvere \u00e8 generalmente costituita da particelle fini, spesso di dimensioni variabili da nanometri a micrometri. La distribuzione granulometrica specifica pu\u00f2 essere regolata per migliorare le prestazioni in applicazioni specifiche, come la densit\u00e0 di energia della batteria o la velocit\u00e0 di carica\/scarica. Densit\u00e0: circa 3,6 g\/cm\u00b3. Cristallinit\u00e0: la polvere \u00e8 spesso cristallina e la cristallinit\u00e0 influisce sulle sue propriet\u00e0 elettrochimiche e sulle prestazioni complessive nelle applicazioni a batteria. Stabilit\u00e0 termica: la polvere di litio ferro fosfato ha un&#8217;elevata stabilit\u00e0 termica, che le consente di resistere a temperature pi\u00f9 elevate senza degradazione, essenziale per mantenere la sicurezza della batteria. <\/p>\n<h2><span style=\"font-size: 14pt;\">Applicazioni:<\/span><\/h2>\n<p>Batterie agli ioni di litio: l&#8217;uso pi\u00f9 significativo della polvere LiFePO\u2084 \u00e8 nella produzione di catodi per batterie agli ioni di litio. Queste batterie sono utilizzate in varie applicazioni, come ad esempio: <\/p>\n<ul>\n<li>Veicoli elettrici (EV): LiFePO\u2084 \u00e8 preferito per le batterie dei veicoli elettrici grazie al suo lungo ciclo, stabilit\u00e0 termica e caratteristiche di sicurezza.<\/li>\n<li>Sistemi di accumulo di energia (ESS): le batterie basate su LiFePO\u2084 sono comunemente utilizzate nei sistemi di accumulo di energia stazionari per applicazioni come l&#8217;accumulo di energia solare e la gestione dell&#8217;energia di rete.<\/li>\n<li>Elettronica di consumo: Viene utilizzato anche in utensili elettrici, laptop e altri dispositivi in cui la lunga durata della batteria e la sicurezza sono importanti.<\/li>\n<\/ul>\n<p>Supercondensatori: LiFePO\u2084 pu\u00f2 essere utilizzato in combinazione con i supercondensatori per migliorare la capacit\u00e0 di accumulo di energia dei dispositivi ibridi di accumulo di energia. Bersagli di sputtering: La polvere LiFePO\u2084 viene talvolta utilizzata per produrre bersagli di sputtering per la deposizione di film sottili nella produzione di componenti elettronici. Altre tecnologie avanzate per le batterie: il litio ferro fosfato \u00e8 in fase di studio anche per l&#8217;uso in altri tipi di tecnologie avanzate di accumulo di energia, come le batterie allo stato solido e i sistemi ibridi.<\/p>\n","protected":false},"excerpt":{"rendered":"<p>Il litio ferro fosfato (LFP) \u00e8 un composto inorganico con la formula LiFePO4. \u00c8 un solido grigio, rosso-grigio, marrone o nero insolubile in acqua. Questa forma in polvere consente una pi\u00f9 facile integrazione nella produzione di celle per batterie, dove viene tipicamente combinata con altri materiali per formare elettrodi. Composizione chimica: Formula chimica: FeLiPO4 Massa [&hellip;]<\/p>\n","protected":false},"featured_media":998877,"comment_status":"open","ping_status":"closed","template":"","meta":{"_acf_changed":false},"product_brand":[],"product_cat":[199],"product_tag":[],"class_list":{"0":"post-1008918","1":"product","2":"type-product","3":"status-publish","4":"has-post-thumbnail","6":"product_cat-materiali-della-batteria","8":"first","9":"instock","10":"shipping-taxable","11":"purchasable","12":"product-type-variable"},"acf":[],"_links":{"self":[{"href":"https:\/\/vimaterial.de\/it\/wp-json\/wp\/v2\/product\/1008918","targetHints":{"allow":["GET"]}}],"collection":[{"href":"https:\/\/vimaterial.de\/it\/wp-json\/wp\/v2\/product"}],"about":[{"href":"https:\/\/vimaterial.de\/it\/wp-json\/wp\/v2\/types\/product"}],"replies":[{"embeddable":true,"href":"https:\/\/vimaterial.de\/it\/wp-json\/wp\/v2\/comments?post=1008918"}],"wp:featuredmedia":[{"embeddable":true,"href":"https:\/\/vimaterial.de\/it\/wp-json\/wp\/v2\/media\/998877"}],"wp:attachment":[{"href":"https:\/\/vimaterial.de\/it\/wp-json\/wp\/v2\/media?parent=1008918"}],"wp:term":[{"taxonomy":"product_brand","embeddable":true,"href":"https:\/\/vimaterial.de\/it\/wp-json\/wp\/v2\/product_brand?post=1008918"},{"taxonomy":"product_cat","embeddable":true,"href":"https:\/\/vimaterial.de\/it\/wp-json\/wp\/v2\/product_cat?post=1008918"},{"taxonomy":"product_tag","embeddable":true,"href":"https:\/\/vimaterial.de\/it\/wp-json\/wp\/v2\/product_tag?post=1008918"}],"curies":[{"name":"wp","href":"https:\/\/api.w.org\/{rel}","templated":true}]}}