{"id":1008906,"date":"2024-06-17T13:58:00","date_gmt":"2024-06-17T05:58:00","guid":{"rendered":"https:\/\/vimaterial.de\/product\/solfuro-di-litio-germanio-fosforo\/"},"modified":"2024-11-08T17:35:50","modified_gmt":"2024-11-08T09:35:50","slug":"solfuro-di-litio-germanio-fosforo","status":"publish","type":"product","link":"https:\/\/vimaterial.de\/it\/product\/solfuro-di-litio-germanio-fosforo\/","title":{"rendered":"Solfuro di litio germanio fosforo"},"content":{"rendered":"<p>Il solfuro di litio germanio e fosforo (LiGePS) \u00e8 un composto composto da litio, germanio, fosforo e zolfo.<\/p>\n<h2><span style=\"font-size: 14pt;\">Composizione chimica:<\/span><\/h2>\n<p>Formula: Li\u2093Ge\u2093P\u2093S\u2093, dove la stechiometria di litio (Li), germanio (Ge), fosforo (P) e zolfo (S) dipende dalla sintesi e dall&#8217;applicazione specifiche. Il composto pu\u00f2 contenere rapporti variabili di questi elementi, ma \u00e8 pi\u00f9 comunemente visto come una miscela di questi componenti metallici e non metallici che formano un elettrolita solido. Legame e struttura: Gli elementi del solfuro di fosforo di litio germanio formano una matrice allo stato solido, spesso con una rete di ioni e atomi interconnessi. \u00c8 probabile che il materiale adotti una struttura in grado di supportare la conduttivit\u00e0 ionica, rendendolo adatto per l&#8217;uso in applicazioni elettrochimiche. <\/p>\n<h2><span style=\"font-size: 14pt;\">Propriet\u00e0 fisiche:<\/span><\/h2>\n<p>Aspetto: \u00c8 tipicamente un materiale cristallino o vetroso, spesso con un aspetto solido e opaco, incolore o da bianco a chiaro, a seconda della sua fase e purezza. Propriet\u00e0 dell&#8217;elettrolita: Essendo un elettrolita solido, si prevede che possieda un&#8217;elevata conduttivit\u00e0 ionica, in particolare per gli ioni di litio, il che lo rende adatto per l&#8217;uso in batterie allo stato solido. Stabilit\u00e0 termica: si prevede che il solfuro di litio e fosforo germanio abbia una buona stabilit\u00e0 termica, il che \u00e8 vantaggioso nelle applicazioni di batterie e accumulo di energia in cui possono verificarsi fluttuazioni di temperatura.<\/p>\n<h2><span style=\"font-size: 14pt;\">Applicazioni:<\/span><\/h2>\n<p>Batterie allo stato solido: il solfuro di fosforo al litio germanio \u00e8 considerato un potenziale candidato per l&#8217;uso come elettrolita solido nelle batterie agli ioni di litio, nelle batterie al litio-metallo e nelle batterie al litio-zolfo. Pu\u00f2 migliorare le prestazioni della batteria migliorando la sicurezza, fornendo un&#8217;elevata conduttivit\u00e0 ionica e offrendo un&#8217;alternativa pi\u00f9 stabile agli elettroliti liquidi. Batterie al litio-zolfo: nelle batterie al litio-zolfo (Li-S), il componente di zolfo pu\u00f2 essere problematico a causa della sua scarsa conduttivit\u00e0. Il solfuro di litio germanio e fosforo pu\u00f2 migliorare la conduttivit\u00e0 e la stabilit\u00e0 complessive di questi sistemi, contribuendo a ottimizzarne le prestazioni. Condensatori elettrochimici: questo materiale pu\u00f2 anche avere applicazioni in supercondensatori o altri dispositivi di accumulo di energia in cui \u00e8 richiesta un&#8217;elevata conduttivit\u00e0 ionica. Ricerca e sviluppo: \u00e8 oggetto di ricerche approfondite nell&#8217;ambito della ricerca di materiali avanzati per elettroliti allo stato solido, con applicazioni in batterie di nuova generazione pi\u00f9 sicure, pi\u00f9 leggere e pi\u00f9 efficienti della tecnologia convenzionale agli ioni di litio. <\/p>\n","protected":false},"excerpt":{"rendered":"<p>Il solfuro di litio germanio e fosforo (LiGePS) \u00e8 un composto composto da litio, germanio, fosforo e zolfo. Composizione chimica: Formula: Li\u2093Ge\u2093P\u2093S\u2093, dove la stechiometria di litio (Li), germanio (Ge), fosforo (P) e zolfo (S) dipende dalla sintesi e dall&#8217;applicazione specifiche. Il composto pu\u00f2 contenere rapporti variabili di questi elementi, ma \u00e8 pi\u00f9 comunemente visto [&hellip;]<\/p>\n","protected":false},"featured_media":998891,"comment_status":"open","ping_status":"closed","template":"","meta":{"_acf_changed":false},"product_brand":[],"product_cat":[199],"product_tag":[],"class_list":{"0":"post-1008906","1":"product","2":"type-product","3":"status-publish","4":"has-post-thumbnail","6":"product_cat-materiali-della-batteria","8":"first","9":"instock","10":"shipping-taxable","11":"product-type-variable"},"acf":[],"_links":{"self":[{"href":"https:\/\/vimaterial.de\/it\/wp-json\/wp\/v2\/product\/1008906","targetHints":{"allow":["GET"]}}],"collection":[{"href":"https:\/\/vimaterial.de\/it\/wp-json\/wp\/v2\/product"}],"about":[{"href":"https:\/\/vimaterial.de\/it\/wp-json\/wp\/v2\/types\/product"}],"replies":[{"embeddable":true,"href":"https:\/\/vimaterial.de\/it\/wp-json\/wp\/v2\/comments?post=1008906"}],"wp:featuredmedia":[{"embeddable":true,"href":"https:\/\/vimaterial.de\/it\/wp-json\/wp\/v2\/media\/998891"}],"wp:attachment":[{"href":"https:\/\/vimaterial.de\/it\/wp-json\/wp\/v2\/media?parent=1008906"}],"wp:term":[{"taxonomy":"product_brand","embeddable":true,"href":"https:\/\/vimaterial.de\/it\/wp-json\/wp\/v2\/product_brand?post=1008906"},{"taxonomy":"product_cat","embeddable":true,"href":"https:\/\/vimaterial.de\/it\/wp-json\/wp\/v2\/product_cat?post=1008906"},{"taxonomy":"product_tag","embeddable":true,"href":"https:\/\/vimaterial.de\/it\/wp-json\/wp\/v2\/product_tag?post=1008906"}],"curies":[{"name":"wp","href":"https:\/\/api.w.org\/{rel}","templated":true}]}}