{"id":1008875,"date":"2024-06-17T13:58:04","date_gmt":"2024-06-17T05:58:04","guid":{"rendered":"https:\/\/vimaterial.de\/product\/ioduro-di-litio-idrato\/"},"modified":"2024-11-08T17:21:10","modified_gmt":"2024-11-08T09:21:10","slug":"ioduro-di-litio-idrato","status":"publish","type":"product","link":"https:\/\/vimaterial.de\/it\/product\/ioduro-di-litio-idrato\/","title":{"rendered":"Idrato di ioduro di litio"},"content":{"rendered":"<p>L&#8217;idrato di ioduro di litio (LiI\u00b7xH\u2082O) \u00e8 una forma cristallina di ioduro di litio che ha assorbito le molecole d&#8217;acqua, formando un idrato. Il numero esatto di molecole d&#8217;acqua (x) nell&#8217;idrato pu\u00f2 variare a seconda delle condizioni in cui si forma, ma in genere lo ioduro di litio forma un monoidrato (LiI\u00b7H\u2082O) o pu\u00f2 assumere altre forme con diverso contenuto d&#8217;acqua. <\/p>\n<h2><span style=\"font-size: 14pt;\">Propriet\u00e0 fisiche:<\/span><\/h2>\n<p>Formula: LiI\u00b7xH\u2082O (dove x rappresenta il numero di molecole d&#8217;acqua nell&#8217;idrato). Aspetto: L&#8217;idrato di ioduro di litio \u00e8 tipicamente un solido cristallino bianco. L&#8217;idrato pu\u00f2 apparire leggermente diverso nella consistenza o nella forma a seconda del livello di idratazione. Solubilit\u00e0: Come lo ioduro di litio anidro, lo ioduro di litio idrato \u00e8 altamente solubile in acqua e pu\u00f2 dissociarsi per formare ioni litio (Li\u207a) e ioni ioduro (I\u207b). Igroscopico: il composto \u00e8 igroscopico, il che significa che assorbe facilmente l&#8217;umidit\u00e0 dall&#8217;aria, il che potrebbe portare a un livello di idratazione pi\u00f9 elevato se non conservato in un ambiente asciutto. Punto di fusione: l&#8217;idrato ha generalmente un punto di fusione pi\u00f9 basso rispetto allo ioduro di litio anidro e pu\u00f2 disidratarsi dopo il riscaldamento, rilasciando molecole d&#8217;acqua.<\/p>\n<h2><span style=\"font-size: 14pt;\">Applicazioni:<\/span><\/h2>\n<p>Elettroliti nelle batterie: l&#8217;idrato di ioduro di litio pu\u00f2 essere utilizzato in alcuni sistemi sperimentali di batterie agli ioni di litio o ai polimeri di litio, dove le sue propriet\u00e0 elettrolitiche possono essere migliorate a causa della presenza di acqua. Tuttavia, \u00e8 meno comune di altri sali di litio come l&#8217;esafluorofosfato di litio (LiPF\u2086). Reagenti nella sintesi organica: l&#8217;idrato di ioduro di litio, come il LiI anidro, viene utilizzato come reagente in chimica organica, specialmente nelle reazioni che richiedono ioni ioduro per la sostituzione nucleofila o nella sintesi di composti organolitio. Stoccaggio dell&#8217;idrogeno: in alcuni sistemi sperimentali di stoccaggio dell&#8217;idrogeno, l&#8217;idrato di ioduro di litio \u00e8 stato studiato come potenziale materiale grazie alla sua capacit\u00e0 di assorbire e rilasciare acqua, che pu\u00f2 essere utile in alcuni processi chimici di stoccaggio dell&#8217;idrogeno. Rilevamento delle radiazioni: l&#8217;idrato di ioduro di litio, se drogato con elementi specifici (come il tallio), pu\u00f2 essere utilizzato nel rilevamento delle radiazioni per applicazioni di scintillazione, in modo simile al LiI anidro. <\/p>\n<p>&nbsp;<\/p>\n","protected":false},"excerpt":{"rendered":"<p>L&#8217;idrato di ioduro di litio (LiI\u00b7xH\u2082O) \u00e8 una forma cristallina di ioduro di litio che ha assorbito le molecole d&#8217;acqua, formando un idrato. Il numero esatto di molecole d&#8217;acqua (x) nell&#8217;idrato pu\u00f2 variare a seconda delle condizioni in cui si forma, ma in genere lo ioduro di litio forma un monoidrato (LiI\u00b7H\u2082O) o pu\u00f2 assumere [&hellip;]<\/p>\n","protected":false},"featured_media":1039792,"comment_status":"open","ping_status":"closed","template":"","meta":{"_acf_changed":false},"product_brand":[],"product_cat":[201],"product_tag":[],"class_list":{"0":"post-1008875","1":"product","2":"type-product","3":"status-publish","4":"has-post-thumbnail","6":"product_cat-materiali-a-base-di-alogenuri","8":"first","9":"instock","10":"shipping-taxable","11":"product-type-variable"},"acf":[],"_links":{"self":[{"href":"https:\/\/vimaterial.de\/it\/wp-json\/wp\/v2\/product\/1008875","targetHints":{"allow":["GET"]}}],"collection":[{"href":"https:\/\/vimaterial.de\/it\/wp-json\/wp\/v2\/product"}],"about":[{"href":"https:\/\/vimaterial.de\/it\/wp-json\/wp\/v2\/types\/product"}],"replies":[{"embeddable":true,"href":"https:\/\/vimaterial.de\/it\/wp-json\/wp\/v2\/comments?post=1008875"}],"wp:featuredmedia":[{"embeddable":true,"href":"https:\/\/vimaterial.de\/it\/wp-json\/wp\/v2\/media\/1039792"}],"wp:attachment":[{"href":"https:\/\/vimaterial.de\/it\/wp-json\/wp\/v2\/media?parent=1008875"}],"wp:term":[{"taxonomy":"product_brand","embeddable":true,"href":"https:\/\/vimaterial.de\/it\/wp-json\/wp\/v2\/product_brand?post=1008875"},{"taxonomy":"product_cat","embeddable":true,"href":"https:\/\/vimaterial.de\/it\/wp-json\/wp\/v2\/product_cat?post=1008875"},{"taxonomy":"product_tag","embeddable":true,"href":"https:\/\/vimaterial.de\/it\/wp-json\/wp\/v2\/product_tag?post=1008875"}],"curies":[{"name":"wp","href":"https:\/\/api.w.org\/{rel}","templated":true}]}}