{"id":1008862,"date":"2024-06-17T13:59:06","date_gmt":"2024-06-17T05:59:06","guid":{"rendered":"https:\/\/vimaterial.de\/product\/ossido-di-litio-lantanio-titanio-llto\/"},"modified":"2024-11-11T15:50:55","modified_gmt":"2024-11-11T07:50:55","slug":"ossido-di-litio-lantanio-titanio-llto","status":"publish","type":"product","link":"https:\/\/vimaterial.de\/it\/product\/ossido-di-litio-lantanio-titanio-llto\/","title":{"rendered":"Ossido di litio lantanio e titanio (LLTO)"},"content":{"rendered":"<p>L&#8217;ossido di litio lantanio titanio (LLTO), con la formula generale Li\u2083xLa\u2082\/3-xTiO\u2083, \u00e8 un materiale ceramico utilizzato principalmente nella ricerca avanzata sulle batterie agli ioni di litio grazie alla sua eccellente conduttivit\u00e0 ionica.<\/p>\n<h2><span style=\"font-size: 14pt;\">Propriet\u00e0 fisiche:<\/span><\/h2>\n<p>Aspetto: Di solito una polvere bianca o grigio pallido. Fase: tipicamente sintetizzato come materiale ceramico, che consente di formare strutture dense ideali per applicazioni a batteria. Stabilit\u00e0 termica: LLTO ha una buona stabilit\u00e0 termica, una caratteristica necessaria per le applicazioni di batterie allo stato solido che subiscono condizioni termiche variabili.<\/p>\n<h2><span style=\"font-size: 14pt;\">Applicazioni:<\/span><\/h2>\n<p>Elettroliti solidi nelle batterie: l&#8217;ossido di litio lantanio e titanio viene utilizzato principalmente come elettrolita solido nelle batterie agli ioni di litio e al litio metallico, in particolare nelle batterie allo stato solido (ASSB) di nuova generazione, grazie alla sua conduttivit\u00e0 ionica e stabilit\u00e0 chimica. Batterie a film sottile: nelle applicazioni con batterie a film sottile, LLTO pu\u00f2 essere utilizzato per creare strati di elettrolita densi che separano il catodo e l&#8217;anodo, fornendo una batteria pi\u00f9 sicura e duratura. Celle a combustibile e supercondensatori: sebbene il suo uso principale sia nelle batterie, l&#8217;ossido di litio lantanio e titanio viene esplorato anche per l&#8217;uso in altri dispositivi di accumulo e conversione dell&#8217;energia come le celle a combustibile a ossido solido. L&#8217;ossido di litio lantanio titanio (LLTO) \u00e8 un promettente materiale elettrolitico solido per batterie avanzate agli ioni di litio e al litio metallico, principalmente grazie alla sua elevata conduttivit\u00e0, stabilit\u00e0 e sicurezza agli ioni di litio. Le sue applicazioni sono concentrate nel campo delle batterie allo stato solido, dove supporta un&#8217;elevata densit\u00e0 di energia e una lunga durata del ciclo, mitigando al contempo i rischi per la sicurezza associati agli elettroliti liquidi.<\/p>\n<p>&nbsp;<\/p>\n","protected":false},"excerpt":{"rendered":"<p>L&#8217;ossido di litio lantanio titanio (LLTO), con la formula generale Li\u2083xLa\u2082\/3-xTiO\u2083, \u00e8 un materiale ceramico utilizzato principalmente nella ricerca avanzata sulle batterie agli ioni di litio grazie alla sua eccellente conduttivit\u00e0 ionica. Propriet\u00e0 fisiche: Aspetto: Di solito una polvere bianca o grigio pallido. Fase: tipicamente sintetizzato come materiale ceramico, che consente di formare strutture dense [&hellip;]<\/p>\n","protected":false},"featured_media":998910,"comment_status":"open","ping_status":"closed","template":"","meta":{"_acf_changed":false},"product_brand":[],"product_cat":[197],"product_tag":[],"class_list":{"0":"post-1008862","1":"product","2":"type-product","3":"status-publish","4":"has-post-thumbnail","6":"product_cat-obiettivi-di-sputtering-planari","8":"first","9":"instock","10":"shipping-taxable","11":"product-type-variable"},"acf":[],"_links":{"self":[{"href":"https:\/\/vimaterial.de\/it\/wp-json\/wp\/v2\/product\/1008862","targetHints":{"allow":["GET"]}}],"collection":[{"href":"https:\/\/vimaterial.de\/it\/wp-json\/wp\/v2\/product"}],"about":[{"href":"https:\/\/vimaterial.de\/it\/wp-json\/wp\/v2\/types\/product"}],"replies":[{"embeddable":true,"href":"https:\/\/vimaterial.de\/it\/wp-json\/wp\/v2\/comments?post=1008862"}],"wp:featuredmedia":[{"embeddable":true,"href":"https:\/\/vimaterial.de\/it\/wp-json\/wp\/v2\/media\/998910"}],"wp:attachment":[{"href":"https:\/\/vimaterial.de\/it\/wp-json\/wp\/v2\/media?parent=1008862"}],"wp:term":[{"taxonomy":"product_brand","embeddable":true,"href":"https:\/\/vimaterial.de\/it\/wp-json\/wp\/v2\/product_brand?post=1008862"},{"taxonomy":"product_cat","embeddable":true,"href":"https:\/\/vimaterial.de\/it\/wp-json\/wp\/v2\/product_cat?post=1008862"},{"taxonomy":"product_tag","embeddable":true,"href":"https:\/\/vimaterial.de\/it\/wp-json\/wp\/v2\/product_tag?post=1008862"}],"curies":[{"name":"wp","href":"https:\/\/api.w.org\/{rel}","templated":true}]}}