{"id":1008850,"date":"2024-06-17T13:59:10","date_gmt":"2024-06-17T05:59:10","guid":{"rendered":"https:\/\/vimaterial.de\/product\/litio-manganese-ferro-fosfato-2\/"},"modified":"2024-11-11T15:07:31","modified_gmt":"2024-11-11T07:07:31","slug":"litio-manganese-ferro-fosfato-2","status":"publish","type":"product","link":"https:\/\/vimaterial.de\/it\/product\/litio-manganese-ferro-fosfato-2\/","title":{"rendered":"Litio manganese ferro fosfato"},"content":{"rendered":"<p>Il fosfato di litio ferro manganese (LiFeMnPO\u2084) \u00e8 un materiale catodico composito che combina elementi di fosfato di ferro di litio (LiFePO\u2084) e fosfato di manganese di litio (LiMnPO\u2084). Si tratta di un materiale ibrido che \u00e8 in fase di ricerca per l&#8217;uso nelle batterie agli ioni di litio, in particolare per le applicazioni in cui si desidera sia un&#8217;elevata sicurezza che migliori prestazioni energetiche. <\/p>\n<h2><span style=\"font-size: 14pt;\">Propriet\u00e0 fisiche:<\/span><\/h2>\n<p>Formula: LiFeMnPO\u2084. Aspetto: \u00e8 tipicamente un materiale in polvere o cristallino che pu\u00f2 variare di colore dal marrone chiaro al grigio, a seconda della composizione precisa e del metodo di sintesi. Solubilit\u00e0: questo composto \u00e8 generalmente insolubile in acqua, ma pu\u00f2 reagire con acidi e altre sostanze chimiche forti in determinate condizioni. Stabilit\u00e0: il fosfato di litio ferro manganese (LiFeMnPO\u2084) mantiene una struttura stabile durante il ciclo, il che contribuisce alla sua stabilit\u00e0 e sicurezza a lungo termine nelle applicazioni delle batterie.<\/p>\n<h2><span style=\"font-size: 14pt;\">Propriet\u00e0 elettrochimiche:<\/span><\/h2>\n<p>Intervallo di tensione: la finestra di tensione del fosfato di litio ferro manganese (LiFeMnPO\u2084) \u00e8 in genere di circa 3,2-4,2 V, simile ad altri catodi a base di fosfato di litio, ma la composizione del manganese e del ferro pu\u00f2 influenzare l&#8217;esatto profilo di tensione. Densit\u00e0 di energia: Sebbene il litio manganese ferro fosfato offra in genere una densit\u00e0 di energia inferiore rispetto ai materiali catodici ad alte prestazioni come l&#8217;ossido di litio cobalto (LiCoO\u2082) o il litio nichel manganese cobalto (NCM), fornisce un migliore equilibrio tra sicurezza e prestazioni. Le densit\u00e0 di energia tipiche sono comprese tra 120 e 150 mAh\/g, anche se possono variare a seconda dell&#8217;esatta formulazione e della struttura delle particelle. Ciclo di vita: la struttura ibrida del litio ferro manganese fosfato (LiFeMnPO\u2084) tende a offrire una migliore durata del ciclo rispetto al litio ferro fosfato puro (LiFePO\u2084), che \u00e8 gi\u00e0 noto per la sua eccellente stabilit\u00e0 ciclica. Sicurezza: come con altri materiali a base di fosfato di ferro, il fosfato di litio ferro manganese (LiFeMnPO\u2084) offre elevate caratteristiche di sicurezza, inclusa la stabilit\u00e0 termica, che lo rende meno soggetto a fuga termica rispetto ai materiali a base di cobalto. Conduttivit\u00e0: il manganese e il ferro possono aiutare a migliorare la conduttivit\u00e0 del materiale rispetto al litio ferro fosfato puro, che soffre di una minore conduttivit\u00e0 elettronica.<\/p>\n<h2><span style=\"font-size: 14pt;\">Applicazioni:<\/span><\/h2>\n<p>Batterie agli ioni di litio: il litio ferro manganese fosfato (LiFeMnPO\u2084) \u00e8 studiato principalmente per l&#8217;uso come materiale catodico nelle batterie agli ioni di litio, in particolare in applicazioni in cui sia la densit\u00e0 di energia che la sicurezza sono fondamentali. \u00c8 considerato per l&#8217;uso in veicoli elettrici (EV), veicoli elettrici ibridi (HEV) e sistemi di accumulo di energia (ESS). Veicoli elettrici (EV): la combinazione di elevata sicurezza, lunga durata del ciclo e ragionevole densit\u00e0 di energia rende LiFeMnPO\u2084 un buon candidato per i veicoli elettrici, in particolare dove la stabilit\u00e0 termica e la longevit\u00e0 sono pi\u00f9 importanti della massimizzazione della densit\u00e0 di energia grezza. Utensili elettrici ed elettronica di consumo: grazie alla sua elevata sicurezza e durata, LiFeMnPO\u2084 viene utilizzato anche in batterie ad alte prestazioni per utensili e dispositivi portatili. <\/p>\n<p>&nbsp;<\/p>\n","protected":false},"excerpt":{"rendered":"<p>Il fosfato di litio ferro manganese (LiFeMnPO\u2084) \u00e8 un materiale catodico composito che combina elementi di fosfato di ferro di litio (LiFePO\u2084) e fosfato di manganese di litio (LiMnPO\u2084). Si tratta di un materiale ibrido che \u00e8 in fase di ricerca per l&#8217;uso nelle batterie agli ioni di litio, in particolare per le applicazioni in [&hellip;]<\/p>\n","protected":false},"featured_media":1051224,"comment_status":"open","ping_status":"closed","template":"","meta":{"_acf_changed":false},"product_brand":[],"product_cat":[199],"product_tag":[],"class_list":{"0":"post-1008850","1":"product","2":"type-product","3":"status-publish","4":"has-post-thumbnail","6":"product_cat-materiali-della-batteria","8":"first","9":"instock","10":"shipping-taxable","11":"product-type-variable"},"acf":[],"_links":{"self":[{"href":"https:\/\/vimaterial.de\/it\/wp-json\/wp\/v2\/product\/1008850","targetHints":{"allow":["GET"]}}],"collection":[{"href":"https:\/\/vimaterial.de\/it\/wp-json\/wp\/v2\/product"}],"about":[{"href":"https:\/\/vimaterial.de\/it\/wp-json\/wp\/v2\/types\/product"}],"replies":[{"embeddable":true,"href":"https:\/\/vimaterial.de\/it\/wp-json\/wp\/v2\/comments?post=1008850"}],"wp:featuredmedia":[{"embeddable":true,"href":"https:\/\/vimaterial.de\/it\/wp-json\/wp\/v2\/media\/1051224"}],"wp:attachment":[{"href":"https:\/\/vimaterial.de\/it\/wp-json\/wp\/v2\/media?parent=1008850"}],"wp:term":[{"taxonomy":"product_brand","embeddable":true,"href":"https:\/\/vimaterial.de\/it\/wp-json\/wp\/v2\/product_brand?post=1008850"},{"taxonomy":"product_cat","embeddable":true,"href":"https:\/\/vimaterial.de\/it\/wp-json\/wp\/v2\/product_cat?post=1008850"},{"taxonomy":"product_tag","embeddable":true,"href":"https:\/\/vimaterial.de\/it\/wp-json\/wp\/v2\/product_tag?post=1008850"}],"curies":[{"name":"wp","href":"https:\/\/api.w.org\/{rel}","templated":true}]}}