{"id":1008847,"date":"2024-06-17T13:59:06","date_gmt":"2024-06-17T05:59:06","guid":{"rendered":"https:\/\/vimaterial.de\/product\/ossido-di-litio-lantanio-zirconio\/"},"modified":"2024-11-11T15:55:28","modified_gmt":"2024-11-11T07:55:28","slug":"ossido-di-litio-lantanio-zirconio","status":"publish","type":"product","link":"https:\/\/vimaterial.de\/it\/product\/ossido-di-litio-lantanio-zirconio\/","title":{"rendered":"Ossido di zirconio al litio lantanio"},"content":{"rendered":"<p>L&#8217;ossido di litio lantanio e zirconio (LLZO), con la formula chimica Li\u2087La\u2083Zr\u2082O\u2081\u2082, \u00e8 un materiale ceramico molto apprezzato nella ricerca sulle batterie grazie alla sua eccezionale stabilit\u00e0 e all&#8217;elevata conduttivit\u00e0 degli ioni di litio.<\/p>\n<h2><span style=\"font-size: 14pt;\">Propriet\u00e0 fisiche:<\/span><\/h2>\n<p>Formula: Li\u2087La\u2083Zr\u2082O\u2081\u2082. Aspetto: Tipicamente una polvere bianca o biancastra. Stabilit\u00e0 termica: l&#8217;ossido di litio lantanio e zirconio (LLZO) ha un&#8217;eccellente stabilit\u00e0 termica, che lo rende adatto per processi e applicazioni ad alta temperatura. Stabilit\u00e0 strutturale: la struttura granato aiuta a mantenere la stabilit\u00e0 contro la decomposizione, migliorando la sicurezza negli ambienti delle batterie. Struttura: L&#8217;ossido di litio lantanio e zirconio (LLZO) cristallizza in una struttura simile al granato, che contribuisce alla sua stabilit\u00e0 e all&#8217;elevata conduttivit\u00e0 ionica. Esistono due fasi principali: la fase cubica (alta conducibilit\u00e0) e la fase tetragonale (bassa conducibilit\u00e0).<\/p>\n<h2><span style=\"font-size: 14pt;\">Applicazioni:<\/span><\/h2>\n<p>Elettroliti solidi nelle batterie: l&#8217;ossido di litio lantanio e zirconio (LLZO) viene utilizzato principalmente come elettrolita solido nelle batterie agli ioni di litio e al litio metallico allo stato solido grazie alla sua eccellente conduttivit\u00e0 ionica e stabilit\u00e0 chimica. Separatore nelle batterie: pu\u00f2 funzionare come separatore solido tra l&#8217;anodo e il catodo nelle batterie agli ioni di litio, riducendo i rischi di formazione di dendriti (un problema comune con gli anodi di litio metallico) e migliorando la sicurezza. Dispositivi di accumulo ad alta energia: l&#8217;elevata stabilit\u00e0 e conduttivit\u00e0 rendono LLZO adatto per dispositivi di accumulo ad alta energia, inclusi veicoli elettrici, elettronica portatile e accumulo di rete. L&#8217;ossido di litio lantanio e zirconio (LLZO) \u00e8 un promettente elettrolita solido ceramico per batterie avanzate agli ioni di litio e al litio metallico. La sua elevata conduttivit\u00e0 ionica, stabilit\u00e0 e compatibilit\u00e0 con il litio metallico lo rendono un ottimo candidato per batterie allo stato solido.<\/p>\n<p>&nbsp;<\/p>\n","protected":false},"excerpt":{"rendered":"<p>L&#8217;ossido di litio lantanio e zirconio (LLZO), con la formula chimica Li\u2087La\u2083Zr\u2082O\u2081\u2082, \u00e8 un materiale ceramico molto apprezzato nella ricerca sulle batterie grazie alla sua eccezionale stabilit\u00e0 e all&#8217;elevata conduttivit\u00e0 degli ioni di litio. Propriet\u00e0 fisiche: Formula: Li\u2087La\u2083Zr\u2082O\u2081\u2082. Aspetto: Tipicamente una polvere bianca o biancastra. Stabilit\u00e0 termica: l&#8217;ossido di litio lantanio e zirconio (LLZO) ha [&hellip;]<\/p>\n","protected":false},"featured_media":998919,"comment_status":"open","ping_status":"closed","template":"","meta":{"_acf_changed":false},"product_brand":[],"product_cat":[197],"product_tag":[],"class_list":{"0":"post-1008847","1":"product","2":"type-product","3":"status-publish","4":"has-post-thumbnail","6":"product_cat-obiettivi-di-sputtering-planari","8":"first","9":"instock","10":"shipping-taxable","11":"product-type-variable"},"acf":[],"_links":{"self":[{"href":"https:\/\/vimaterial.de\/it\/wp-json\/wp\/v2\/product\/1008847","targetHints":{"allow":["GET"]}}],"collection":[{"href":"https:\/\/vimaterial.de\/it\/wp-json\/wp\/v2\/product"}],"about":[{"href":"https:\/\/vimaterial.de\/it\/wp-json\/wp\/v2\/types\/product"}],"replies":[{"embeddable":true,"href":"https:\/\/vimaterial.de\/it\/wp-json\/wp\/v2\/comments?post=1008847"}],"wp:featuredmedia":[{"embeddable":true,"href":"https:\/\/vimaterial.de\/it\/wp-json\/wp\/v2\/media\/998919"}],"wp:attachment":[{"href":"https:\/\/vimaterial.de\/it\/wp-json\/wp\/v2\/media?parent=1008847"}],"wp:term":[{"taxonomy":"product_brand","embeddable":true,"href":"https:\/\/vimaterial.de\/it\/wp-json\/wp\/v2\/product_brand?post=1008847"},{"taxonomy":"product_cat","embeddable":true,"href":"https:\/\/vimaterial.de\/it\/wp-json\/wp\/v2\/product_cat?post=1008847"},{"taxonomy":"product_tag","embeddable":true,"href":"https:\/\/vimaterial.de\/it\/wp-json\/wp\/v2\/product_tag?post=1008847"}],"curies":[{"name":"wp","href":"https:\/\/api.w.org\/{rel}","templated":true}]}}