{"id":1008807,"date":"2024-06-17T13:59:48","date_gmt":"2024-06-17T05:59:48","guid":{"rendered":"https:\/\/vimaterial.de\/product\/ossido-di-litio-managnese-e-cobalto\/"},"modified":"2024-11-11T14:39:14","modified_gmt":"2024-11-11T06:39:14","slug":"ossido-di-litio-managnese-e-cobalto","status":"publish","type":"product","link":"https:\/\/vimaterial.de\/it\/product\/ossido-di-litio-managnese-e-cobalto\/","title":{"rendered":"Ossido di cobalto di litio managnese"},"content":{"rendered":"<p>L&#8217;ossido di litio manganese cobalto (LiMnCoO2) \u00e8 un tipo di materiale catodico per batterie agli ioni di litio composto da litio (Li), manganese (Mn), cobalto (Co) e ossigeno (O). Questo materiale combina i punti di forza del manganese e del cobalto per migliorare le prestazioni delle batterie agli ioni di litio. Viene tipicamente utilizzato in applicazioni che richiedono un equilibrio tra alta densit\u00e0 di energia, lunga durata del ciclo e stabilit\u00e0.  <\/p>\n<h2><span style=\"font-size: 14pt;\">Propriet\u00e0 fisiche:<\/span><\/h2>\n<p>Formula: LiMnCoO2. Aspetto: Tipicamente una polvere fine, di colore da grigio chiaro a grigio scuro. Densit\u00e0: circa 4,5-5,0 g\/cm\u00b3, paragonabile ad altri materiali catodici ad alta energia. Struttura cristallina: struttura stratificata con un reticolo di tipo salgemma, che favorisce il ciclo efficiente degli ioni di litio durante i processi di carica e scarica.<\/p>\n<h2><span style=\"font-size: 14pt;\">Propriet\u00e0 elettrochimiche:<\/span><\/h2>\n<p>Densit\u00e0 di energia: la densit\u00e0 di energia di LiMnCoO2 \u00e8 superiore a quella dell&#8217;ossido di litio manganese puro (LiMn\u2082O\u2084) ma in genere inferiore all&#8217;ossido di litio cobalto (LCO) o al litio nichel cobalto manganese (NCM). Pu\u00f2 raggiungere capacit\u00e0 di circa 140-170 mAh\/g, a seconda del rapporto manganese\/cobalto. Intervallo di tensione: l&#8217;intervallo di tensione operativa \u00e8 simile a quello di altri catodi agli ioni di litio, in genere compreso tra 3,0 e 4,2 V. Ciclo di vita: la durata del ciclo dell&#8217;ossido di litio manganese cobalto \u00e8 generalmente buona, anche se pu\u00f2 essere leggermente inferiore a quella di altri materiali catodici come il litio ferro fosfato (LFP). Le prestazioni sono influenzate dal rapporto specifico tra manganese e cobalto e dal design della batteria. Stabilit\u00e0 termica: LiMnCoO2 \u00e8 termicamente pi\u00f9 stabile dei materiali di solo cobalto, ma non cos\u00ec stabile come i materiali di solo manganese come LiMn\u2082O\u2084. L&#8217;aggiunta di cobalto aiuta a migliorare le prestazioni a velocit\u00e0 pi\u00f9 elevate. <\/p>\n<h2><span style=\"font-size: 14pt;\">Applicazioni:<\/span><\/h2>\n<p>Batterie agli ioni di litio: LiMnCoO2 \u00e8 ampiamente utilizzato nelle batterie agli ioni di litio, in particolare per le applicazioni che richiedono un equilibrio tra elevata densit\u00e0 di energia, stabilit\u00e0 e durata del ciclo. \u00c8 comunemente usato nell&#8217;elettronica di consumo (laptop, smartphone, utensili elettrici), nei veicoli elettrici (EV) e nei sistemi di accumulo di energia. Veicoli elettrici (EV): le batterie con catodi di ossido di litio manganese cobalto sono spesso utilizzate nei veicoli elettrici grazie alla loro migliore potenza, alla buona durata del ciclo e alla stabilit\u00e0 termica rispetto ad altri catodi come LCO. Utensili elettrici ed elettronica di consumo: le buone prestazioni del materiale in varie condizioni di scarica lo rendono adatto per applicazioni ad alto consumo come utensili elettrici ed elettronica portatile. <\/p>\n<p>&nbsp;<\/p>\n","protected":false},"excerpt":{"rendered":"<p>L&#8217;ossido di litio manganese cobalto (LiMnCoO2) \u00e8 un tipo di materiale catodico per batterie agli ioni di litio composto da litio (Li), manganese (Mn), cobalto (Co) e ossigeno (O). Questo materiale combina i punti di forza del manganese e del cobalto per migliorare le prestazioni delle batterie agli ioni di litio. Viene tipicamente utilizzato in [&hellip;]<\/p>\n","protected":false},"featured_media":1039846,"comment_status":"open","ping_status":"closed","template":"","meta":{"_acf_changed":false},"product_brand":[],"product_cat":[197],"product_tag":[],"class_list":{"0":"post-1008807","1":"product","2":"type-product","3":"status-publish","4":"has-post-thumbnail","6":"product_cat-obiettivi-di-sputtering-planari","8":"first","9":"instock","10":"shipping-taxable","11":"product-type-variable"},"acf":[],"_links":{"self":[{"href":"https:\/\/vimaterial.de\/it\/wp-json\/wp\/v2\/product\/1008807","targetHints":{"allow":["GET"]}}],"collection":[{"href":"https:\/\/vimaterial.de\/it\/wp-json\/wp\/v2\/product"}],"about":[{"href":"https:\/\/vimaterial.de\/it\/wp-json\/wp\/v2\/types\/product"}],"replies":[{"embeddable":true,"href":"https:\/\/vimaterial.de\/it\/wp-json\/wp\/v2\/comments?post=1008807"}],"wp:featuredmedia":[{"embeddable":true,"href":"https:\/\/vimaterial.de\/it\/wp-json\/wp\/v2\/media\/1039846"}],"wp:attachment":[{"href":"https:\/\/vimaterial.de\/it\/wp-json\/wp\/v2\/media?parent=1008807"}],"wp:term":[{"taxonomy":"product_brand","embeddable":true,"href":"https:\/\/vimaterial.de\/it\/wp-json\/wp\/v2\/product_brand?post=1008807"},{"taxonomy":"product_cat","embeddable":true,"href":"https:\/\/vimaterial.de\/it\/wp-json\/wp\/v2\/product_cat?post=1008807"},{"taxonomy":"product_tag","embeddable":true,"href":"https:\/\/vimaterial.de\/it\/wp-json\/wp\/v2\/product_tag?post=1008807"}],"curies":[{"name":"wp","href":"https:\/\/api.w.org\/{rel}","templated":true}]}}