{"id":1008748,"date":"2024-06-17T13:59:58","date_gmt":"2024-06-17T05:59:58","guid":{"rendered":"https:\/\/vimaterial.de\/product\/litio-ossido-di-niobio\/"},"modified":"2024-11-11T14:07:20","modified_gmt":"2024-11-11T06:07:20","slug":"litio-ossido-di-niobio","status":"publish","type":"product","link":"https:\/\/vimaterial.de\/it\/product\/litio-ossido-di-niobio\/","title":{"rendered":"Ossido di niobio di litio (niobato di litio)"},"content":{"rendered":"<p>L&#8217;ossido di litio niobio (LiNbO3) \u00e8 un composto di niobio, litio e ossigeno. I suoi cristalli singoli sono un materiale importante per guide d&#8217;onda ottiche, telefoni cellulari, sensori piezoelettrici, modulatori ottici e varie altre applicazioni ottiche lineari e non lineari.<\/p>\n<h2><span style=\"font-size: 14pt;\">Propriet\u00e0 fisiche:<\/span><\/h2>\n<p>Formula chimica: LiNbO3<\/p>\n<p>Massa molare: 147,846 g\/mol<\/p>\n<p>Aspetto: solido incolore<\/p>\n<p>Densit\u00e0: 4,65 g\/cm3<\/p>\n<p>Punto di fusione: 1.257 \u00b0C (2.295 \u00b0F; 1.530 K)<\/p>\n<p>Solubilit\u00e0 in acqua:Nessuna<\/p>\n<p>Banda proibita : 4 eV<\/p>\n<p>Indice di rifrazione (nD): no 2,30, ne 2,21<\/p>\n<p>Struttura cristallina: trigonale<\/p>\n<h2><span style=\"font-size: 14pt;\">Applicazioni:<\/span><\/h2>\n<p>L&#8217;ossido di litio niobio \u00e8 ampiamente utilizzato nel mercato delle telecomunicazioni, ad esempio nei telefoni cellulari e nei modulatori ottici. \u00c8 il materiale preferito per la produzione di dispositivi a onde acustiche di superficie. Per alcuni usi pu\u00f2 essere sostituito dal tantalato di litio, LiTaO3. Altri usi sono nel raddoppio della frequenza laser, nell&#8217;ottica non lineare, nelle celle di Pockels, negli oscillatori parametrici ottici, nei dispositivi Q-switching per laser, in altri dispositivi acusto-ottici, negli interruttori ottici per le frequenze gigahertz, ecc. \u00c8 un materiale eccellente per la produzione di guide d&#8217;onda ottiche. Viene anche utilizzato nella realizzazione di filtri passa-basso spaziali ottici (anti-aliasing).<\/p>\n<p>Negli ultimi anni l&#8217;ossido di litio niobio sta trovando applicazioni come una sorta di pinzetta elettrostatica, un approccio noto come pinzetta optoelettronica poich\u00e9 l&#8217;effetto richiede l&#8217;eccitazione della luce. Questo effetto consente una manipolazione fine di particelle su scala micrometrica con un&#8217;elevata flessibilit\u00e0 poich\u00e9 l&#8217;azione della pinzetta \u00e8 limitata all&#8217;area illuminata. L&#8217;effetto si basa sui campi elettrici molto elevati generati durante l&#8217;esposizione alla luce (1\u2013100 kV\/cm) all&#8217;interno del punto illuminato. Questi campi intensi stanno trovando applicazioni anche in biofisica e biotecnologia, in quanto possono influenzare gli organismi viventi in vari modi. Ad esempio, \u00e8 stato dimostrato che il niobato di litio drogato con ferro eccitato con luce visibile produce la morte cellulare nelle colture cellulari tumorali.<\/p>\n","protected":false},"excerpt":{"rendered":"<p>L&#8217;ossido di litio niobio (LiNbO3) \u00e8 un composto di niobio, litio e ossigeno. I suoi cristalli singoli sono un materiale importante per guide d&#8217;onda ottiche, telefoni cellulari, sensori piezoelettrici, modulatori ottici e varie altre applicazioni ottiche lineari e non lineari. Propriet\u00e0 fisiche: Formula chimica: LiNbO3 Massa molare: 147,846 g\/mol Aspetto: solido incolore Densit\u00e0: 4,65 g\/cm3 [&hellip;]<\/p>\n","protected":false},"featured_media":998963,"comment_status":"open","ping_status":"closed","template":"","meta":{"_acf_changed":false},"product_brand":[],"product_cat":[197],"product_tag":[],"class_list":{"0":"post-1008748","1":"product","2":"type-product","3":"status-publish","4":"has-post-thumbnail","6":"product_cat-obiettivi-di-sputtering-planari","8":"first","9":"instock","10":"shipping-taxable","11":"product-type-variable"},"acf":[],"_links":{"self":[{"href":"https:\/\/vimaterial.de\/it\/wp-json\/wp\/v2\/product\/1008748","targetHints":{"allow":["GET"]}}],"collection":[{"href":"https:\/\/vimaterial.de\/it\/wp-json\/wp\/v2\/product"}],"about":[{"href":"https:\/\/vimaterial.de\/it\/wp-json\/wp\/v2\/types\/product"}],"replies":[{"embeddable":true,"href":"https:\/\/vimaterial.de\/it\/wp-json\/wp\/v2\/comments?post=1008748"}],"wp:featuredmedia":[{"embeddable":true,"href":"https:\/\/vimaterial.de\/it\/wp-json\/wp\/v2\/media\/998963"}],"wp:attachment":[{"href":"https:\/\/vimaterial.de\/it\/wp-json\/wp\/v2\/media?parent=1008748"}],"wp:term":[{"taxonomy":"product_brand","embeddable":true,"href":"https:\/\/vimaterial.de\/it\/wp-json\/wp\/v2\/product_brand?post=1008748"},{"taxonomy":"product_cat","embeddable":true,"href":"https:\/\/vimaterial.de\/it\/wp-json\/wp\/v2\/product_cat?post=1008748"},{"taxonomy":"product_tag","embeddable":true,"href":"https:\/\/vimaterial.de\/it\/wp-json\/wp\/v2\/product_tag?post=1008748"}],"curies":[{"name":"wp","href":"https:\/\/api.w.org\/{rel}","templated":true}]}}