{"id":1008731,"date":"2024-06-17T14:00:45","date_gmt":"2024-06-17T06:00:45","guid":{"rendered":"https:\/\/vimaterial.de\/product\/ossido-di-litio-nichel-cobalto\/"},"modified":"2024-11-11T13:36:13","modified_gmt":"2024-11-11T05:36:13","slug":"ossido-di-litio-nichel-cobalto","status":"publish","type":"product","link":"https:\/\/vimaterial.de\/it\/product\/ossido-di-litio-nichel-cobalto\/","title":{"rendered":"Ossido di litio nichel cobalto"},"content":{"rendered":"<p>L&#8217;ossido di litio nichel-cobalto (LiNiCoO2), comunemente indicato come NCO o LCO (sebbene LCO sia utilizzato anche per l&#8217;ossido di litio cobalto), \u00e8 un materiale catodico per batterie agli ioni di litio apprezzato per la sua elevata densit\u00e0 di energia e la durata del ciclo moderata. A differenza del litio nichel manganese cobalto ossido (NMC), che include il manganese, NCO contiene solo nichel e cobalto insieme a litio e ossigeno. La mancanza di manganese significa che l&#8217;NCO viene tipicamente utilizzato dove l&#8217;alta densit\u00e0 di energia \u00e8 prioritaria rispetto alla stabilit\u00e0 termica, rendendolo popolare nell&#8217;elettronica di consumo ma meno comune nelle applicazioni ad alta potenza come i veicoli elettrici.  <\/p>\n<h2><span style=\"font-size: 14pt;\">Propriet\u00e0 fisiche:<\/span><\/h2>\n<p>Formula: LiNiCoO2. Rapporti comuni: Spesso formulato con un&#8217;alta percentuale di nichel rispetto al cobalto, poich\u00e9 un contenuto di nichel pi\u00f9 elevato aumenta la densit\u00e0 energetica. Aspetto: polvere fine nera o grigia, a seconda della purezza e della lavorazione. Struttura cristallina: struttura stratificata simile ai materiali NMC e LCO, che consente un&#8217;efficiente intercalazione degli ioni di litio. Densit\u00e0: circa 4,8 g\/cm\u00b3, anche se pu\u00f2 variare in base a composizioni specifiche.<\/p>\n<h2><span style=\"font-size: 14pt;\">Propriet\u00e0 elettrochimiche:<\/span><\/h2>\n<p>Densit\u00e0 di energia: alta densit\u00e0 di energia, che lo rende ideale per applicazioni che richiedono fonti di alimentazione compatte e ad alta capacit\u00e0. Intervallo di tensione: funziona all&#8217;interno di una finestra di tensione tipica da 3,0 a 4,2 volt per cella. Ciclo di vita: ciclo di vita moderato, generalmente non cos\u00ec duraturo come altri materiali catodici come il litio ferro fosfato (LFP). Stabilit\u00e0 termica: stabilit\u00e0 termica limitata rispetto ai materiali con contenuto di manganese o ferro, il che aggiunge alcuni problemi di sicurezza a temperature elevate.<\/p>\n<h2><span style=\"font-size: 14pt;\">Applicazioni:<\/span><\/h2>\n<p>Elettronica di consumo: Comunemente utilizzato nelle batterie per smartphone, laptop e tablet grazie alle sue dimensioni compatte e all&#8217;elevata capacit\u00e0 energetica. Dispositivi medici: LiNiCoO2 utilizzato in piccoli dispositivi medici in cui sono necessarie dimensioni compatte e alta densit\u00e0 di energia. Attrezzature specializzate: possono essere trovate in alcune applicazioni aerospaziali e di difesa che danno la priorit\u00e0 alla densit\u00e0 di energia rispetto alla sicurezza, sebbene queste spesso richiedano misure di protezione aggiuntive.<\/p>\n<p>&nbsp;<\/p>\n","protected":false},"excerpt":{"rendered":"<p>L&#8217;ossido di litio nichel-cobalto (LiNiCoO2), comunemente indicato come NCO o LCO (sebbene LCO sia utilizzato anche per l&#8217;ossido di litio cobalto), \u00e8 un materiale catodico per batterie agli ioni di litio apprezzato per la sua elevata densit\u00e0 di energia e la durata del ciclo moderata. A differenza del litio nichel manganese cobalto ossido (NMC), che [&hellip;]<\/p>\n","protected":false},"featured_media":998977,"comment_status":"open","ping_status":"closed","template":"","meta":{"_acf_changed":false},"product_brand":[],"product_cat":[197],"product_tag":[],"class_list":{"0":"post-1008731","1":"product","2":"type-product","3":"status-publish","4":"has-post-thumbnail","6":"product_cat-obiettivi-di-sputtering-planari","8":"first","9":"instock","10":"shipping-taxable","11":"product-type-variable"},"acf":[],"_links":{"self":[{"href":"https:\/\/vimaterial.de\/it\/wp-json\/wp\/v2\/product\/1008731","targetHints":{"allow":["GET"]}}],"collection":[{"href":"https:\/\/vimaterial.de\/it\/wp-json\/wp\/v2\/product"}],"about":[{"href":"https:\/\/vimaterial.de\/it\/wp-json\/wp\/v2\/types\/product"}],"replies":[{"embeddable":true,"href":"https:\/\/vimaterial.de\/it\/wp-json\/wp\/v2\/comments?post=1008731"}],"wp:featuredmedia":[{"embeddable":true,"href":"https:\/\/vimaterial.de\/it\/wp-json\/wp\/v2\/media\/998977"}],"wp:attachment":[{"href":"https:\/\/vimaterial.de\/it\/wp-json\/wp\/v2\/media?parent=1008731"}],"wp:term":[{"taxonomy":"product_brand","embeddable":true,"href":"https:\/\/vimaterial.de\/it\/wp-json\/wp\/v2\/product_brand?post=1008731"},{"taxonomy":"product_cat","embeddable":true,"href":"https:\/\/vimaterial.de\/it\/wp-json\/wp\/v2\/product_cat?post=1008731"},{"taxonomy":"product_tag","embeddable":true,"href":"https:\/\/vimaterial.de\/it\/wp-json\/wp\/v2\/product_tag?post=1008731"}],"curies":[{"name":"wp","href":"https:\/\/api.w.org\/{rel}","templated":true}]}}