{"id":1008730,"date":"2024-06-17T14:01:30","date_gmt":"2024-06-17T06:01:30","guid":{"rendered":"https:\/\/vimaterial.de\/product\/tantalato-di-litio-2\/"},"modified":"2024-11-12T10:27:26","modified_gmt":"2024-11-12T02:27:26","slug":"tantalato-di-litio-2","status":"publish","type":"product","link":"https:\/\/vimaterial.de\/it\/product\/tantalato-di-litio-2\/","title":{"rendered":"Litio tantalato"},"content":{"rendered":"<p>Il bersaglio per sputtering al litio tantalato \u00e8 un composto utilizzato nei processi di deposizione di film sottili, in particolare nella produzione di dispositivi piezoelettrici, ferroelettrici ed elettro-ottici. Il tantalato di litio \u00e8 un materiale molto apprezzato in vari settori high-tech, tra cui telecomunicazioni, dispositivi ottici e sensori, grazie alle sue propriet\u00e0 elettriche e ottiche uniche. <\/p>\n<h2><span style=\"font-size: 14pt;\">Propriet\u00e0 fisiche:<\/span><\/h2>\n<p>Formula chimica: LiTaO3<\/p>\n<p>Aspetto: Di solito un solido da grigio a marrone chiaro.<\/p>\n<p>Massa molare: 235,887 g\/mol<\/p>\n<p>Densit\u00e0: 7,46 g\/cm3, solido<\/p>\n<p>Punto di fusione: 1.650 \u00b0C (3.000 \u00b0F; 1.920 K)<\/p>\n<p>Solubilit\u00e0 in acqua:Insolubile in acqua<\/p>\n<p>Struttura: Ha una struttura cristallina esagonale ed \u00e8 noto per le sue elevate propriet\u00e0 piezoelettriche e ferroelettriche. Propriet\u00e0 piezoelettriche: Il tantalato di litio \u00e8 ampiamente noto per il suo forte comportamento piezoelettrico, che lo rende prezioso nella produzione di sensori, attuatori e oscillatori. Propriet\u00e0 ottiche: Ha anche buone propriet\u00e0 ottiche e viene utilizzato in applicazioni che richiedono effetti elettro-ottici.<\/p>\n<h2><span style=\"font-size: 14pt;\">Applicazioni:<\/span><\/h2>\n<p>Deposizione di film sottili: i bersagli di sputtering al tantalato di litio sono utilizzati principalmente nei processi di sputtering per creare film sottili per varie applicazioni, tra cui:<\/p>\n<ul>\n<li>Dispositivi piezoelettrici: utilizzati in sensori, attuatori e trasduttori, in particolare in applicazioni che richiedono un controllo preciso, come nei dispositivi medici e nei sensori aerospaziali.<\/li>\n<li>Dispositivi a onde acustiche di superficie (SAW): essenziali per la produzione di filtri SAW utilizzati nelle telecomunicazioni, in particolare nei telefoni cellulari e nei sistemi di comunicazione wireless.<\/li>\n<li>Dispositivi ottici: utilizzati nella creazione di componenti elettro-ottici come modulatori e interruttori, che sono fondamentali nello sviluppo di sistemi laser e reti in fibra ottica.<\/li>\n<\/ul>\n<p>Materiali ferroelettrici: i bersagli sputtering al tantalato di litio vengono utilizzati anche per la creazione di materiali ferroelettrici, utili nei dispositivi di memoria, nei condensatori e nell&#8217;archiviazione ad alta densit\u00e0.<\/p>\n","protected":false},"excerpt":{"rendered":"<p>Il bersaglio per sputtering al litio tantalato \u00e8 un composto utilizzato nei processi di deposizione di film sottili, in particolare nella produzione di dispositivi piezoelettrici, ferroelettrici ed elettro-ottici. Il tantalato di litio \u00e8 un materiale molto apprezzato in vari settori high-tech, tra cui telecomunicazioni, dispositivi ottici e sensori, grazie alle sue propriet\u00e0 elettriche e ottiche [&hellip;]<\/p>\n","protected":false},"featured_media":999060,"comment_status":"open","ping_status":"closed","template":"","meta":{"_acf_changed":false},"product_brand":[],"product_cat":[197],"product_tag":[],"class_list":{"0":"post-1008730","1":"product","2":"type-product","3":"status-publish","4":"has-post-thumbnail","6":"product_cat-obiettivi-di-sputtering-planari","8":"first","9":"outofstock","10":"shipping-taxable","11":"product-type-variable"},"acf":[],"_links":{"self":[{"href":"https:\/\/vimaterial.de\/it\/wp-json\/wp\/v2\/product\/1008730","targetHints":{"allow":["GET"]}}],"collection":[{"href":"https:\/\/vimaterial.de\/it\/wp-json\/wp\/v2\/product"}],"about":[{"href":"https:\/\/vimaterial.de\/it\/wp-json\/wp\/v2\/types\/product"}],"replies":[{"embeddable":true,"href":"https:\/\/vimaterial.de\/it\/wp-json\/wp\/v2\/comments?post=1008730"}],"wp:featuredmedia":[{"embeddable":true,"href":"https:\/\/vimaterial.de\/it\/wp-json\/wp\/v2\/media\/999060"}],"wp:attachment":[{"href":"https:\/\/vimaterial.de\/it\/wp-json\/wp\/v2\/media?parent=1008730"}],"wp:term":[{"taxonomy":"product_brand","embeddable":true,"href":"https:\/\/vimaterial.de\/it\/wp-json\/wp\/v2\/product_brand?post=1008730"},{"taxonomy":"product_cat","embeddable":true,"href":"https:\/\/vimaterial.de\/it\/wp-json\/wp\/v2\/product_cat?post=1008730"},{"taxonomy":"product_tag","embeddable":true,"href":"https:\/\/vimaterial.de\/it\/wp-json\/wp\/v2\/product_tag?post=1008730"}],"curies":[{"name":"wp","href":"https:\/\/api.w.org\/{rel}","templated":true}]}}