{"id":1008717,"date":"2024-06-17T14:00:45","date_gmt":"2024-06-17T06:00:45","guid":{"rendered":"https:\/\/vimaterial.de\/product\/ossido-di-litio-nichel-cobalto-alluminio\/"},"modified":"2024-11-11T13:52:37","modified_gmt":"2024-11-11T05:52:37","slug":"ossido-di-litio-nichel-cobalto-alluminio","status":"publish","type":"product","link":"https:\/\/vimaterial.de\/it\/product\/ossido-di-litio-nichel-cobalto-alluminio\/","title":{"rendered":"Ossido di litio nichel cobalto e alluminio"},"content":{"rendered":"<p>L&#8217;ossido di litio nichel cobalto alluminio (NCA), con la formula chimica LiNi\u2093Co\u03b3Al\u2093O\u2082, \u00e8 un materiale catodico per batterie agli ioni di litio riconosciuto per la sua elevata densit\u00e0 di energia e lunga durata del ciclo, che lo rende ideale per applicazioni ad alte prestazioni. L&#8217;NCA \u00e8 particolarmente importante nei veicoli elettrici (EV) e in altre applicazioni ad alta energia, come i sistemi di accumulo di energia, dove la produzione di energia di lunga durata \u00e8 essenziale. L&#8217;aggiunta di alluminio alla struttura aumenta la stabilit\u00e0 e la durata, mentre il nichel aumenta la capacit\u00e0.  <\/p>\n<h2><span style=\"font-size: 14pt;\">Propriet\u00e0 fisiche:<\/span><\/h2>\n<p>Formula: LiNi\u2093Co\u03b3Al\u2093O\u2082, con composizioni tipiche intorno a LiNi\u2080.\u2088Co\u2080.\u2081\u2085Al\u2080.\u2080\u2085O\u2082. Aspetto: polvere fine, tipicamente grigia o nera. Densit\u00e0: varia tra 4,7 e 5,0 g\/cm\u00b3, contribuendo a un&#8217;elevata densit\u00e0 di energia volumetrica. Struttura cristallina: struttura stratificata simile a quella di altri materiali catodici ad alta energia, che consente un efficace movimento agli ioni di litio.<\/p>\n<h2><span style=\"font-size: 14pt;\">Propriet\u00e0 elettrochimiche:<\/span><\/h2>\n<p>Alta densit\u00e0 di energia: l&#8217;ossido di litio nichel cobalto alluminio offre una delle pi\u00f9 alte densit\u00e0 di energia tra i materiali catodici agli ioni di litio, supportando una portata e una capacit\u00e0 estese. Intervallo di tensione: funziona efficacemente in una finestra di tensione tipica da 3,0 a 4,2 volt per cella, a seconda delle configurazioni specifiche. Ciclo di vita: noto per la sua lunga durata, ideale per applicazioni che richiedono prestazioni estese per molti cicli. Stabilit\u00e0 termica: Migliorata dalla presenza di alluminio, che aiuta a mantenere la stabilit\u00e0 e riduce il rischio di fuga termica.<\/p>\n<h2><span style=\"font-size: 14pt;\">Applicazioni:<\/span><\/h2>\n<p>Veicoli elettrici (EV): ampiamente utilizzati nelle batterie dei veicoli elettrici grazie all&#8217;elevata densit\u00e0 di energia e longevit\u00e0 dell&#8217;ossido di litio nichel cobalto e alluminio, che contribuiscono a una lunga autonomia di guida. Sistemi di accumulo di energia: impiegati in sistemi di accumulo di rete e di alimentazione di backup in cui l&#8217;elevata capacit\u00e0 energetica e la durata del ciclo sono fondamentali. Aerospaziale e difesa: utilizzato in applicazioni in cui le prestazioni elevate e la densit\u00e0 di energia sono essenziali, insieme a una maggiore sicurezza grazie alla stabilit\u00e0 termica.<\/p>\n<p>&nbsp;<\/p>\n","protected":false},"excerpt":{"rendered":"<p>L&#8217;ossido di litio nichel cobalto alluminio (NCA), con la formula chimica LiNi\u2093Co\u03b3Al\u2093O\u2082, \u00e8 un materiale catodico per batterie agli ioni di litio riconosciuto per la sua elevata densit\u00e0 di energia e lunga durata del ciclo, che lo rende ideale per applicazioni ad alte prestazioni. L&#8217;NCA \u00e8 particolarmente importante nei veicoli elettrici (EV) e in altre [&hellip;]<\/p>\n","protected":false},"featured_media":1051219,"comment_status":"open","ping_status":"closed","template":"","meta":{"_acf_changed":false},"product_brand":[],"product_cat":[199],"product_tag":[],"class_list":{"0":"post-1008717","1":"product","2":"type-product","3":"status-publish","4":"has-post-thumbnail","6":"product_cat-materiali-della-batteria","8":"first","9":"instock","10":"shipping-taxable","11":"product-type-variable"},"acf":[],"_links":{"self":[{"href":"https:\/\/vimaterial.de\/it\/wp-json\/wp\/v2\/product\/1008717","targetHints":{"allow":["GET"]}}],"collection":[{"href":"https:\/\/vimaterial.de\/it\/wp-json\/wp\/v2\/product"}],"about":[{"href":"https:\/\/vimaterial.de\/it\/wp-json\/wp\/v2\/types\/product"}],"replies":[{"embeddable":true,"href":"https:\/\/vimaterial.de\/it\/wp-json\/wp\/v2\/comments?post=1008717"}],"wp:featuredmedia":[{"embeddable":true,"href":"https:\/\/vimaterial.de\/it\/wp-json\/wp\/v2\/media\/1051219"}],"wp:attachment":[{"href":"https:\/\/vimaterial.de\/it\/wp-json\/wp\/v2\/media?parent=1008717"}],"wp:term":[{"taxonomy":"product_brand","embeddable":true,"href":"https:\/\/vimaterial.de\/it\/wp-json\/wp\/v2\/product_brand?post=1008717"},{"taxonomy":"product_cat","embeddable":true,"href":"https:\/\/vimaterial.de\/it\/wp-json\/wp\/v2\/product_cat?post=1008717"},{"taxonomy":"product_tag","embeddable":true,"href":"https:\/\/vimaterial.de\/it\/wp-json\/wp\/v2\/product_tag?post=1008717"}],"curies":[{"name":"wp","href":"https:\/\/api.w.org\/{rel}","templated":true}]}}