{"id":1008713,"date":"2024-06-17T14:02:23","date_gmt":"2024-06-17T06:02:23","guid":{"rendered":"https:\/\/vimaterial.de\/product\/vanadato-di-litio\/"},"modified":"2024-11-12T10:44:18","modified_gmt":"2024-11-12T02:44:18","slug":"vanadato-di-litio","status":"publish","type":"product","link":"https:\/\/vimaterial.de\/it\/product\/vanadato-di-litio\/","title":{"rendered":"Vanadato di litio"},"content":{"rendered":"<p>Il vanadato di litio (LiVO\u2083) \u00e8 un composto inorganico con propriet\u00e0 elettrochimiche e ottiche uniche. \u00c8 comunemente esplorato per applicazioni nell&#8217;accumulo di energia, come batterie agli ioni di litio e supercondensatori, grazie alla sua capacit\u00e0 di intercalare gli ioni di litio. Inoltre, il vanadato di litio pu\u00f2 essere utilizzato nei materiali ottici e nella catalisi grazie alla sua struttura stabile e alle capacit\u00e0 di conduzione degli ioni.  <\/p>\n<h2><span style=\"font-size: 14pt;\">Propriet\u00e0 fisiche:<\/span><\/h2>\n<p>Formula: LiVO\u2083. Aspetto: Di solito una polvere o un solido cristallino dal giallo pallido al verde chiaro. Densit\u00e0: circa 3,0 g\/cm\u00b3. Struttura: Tipicamente cristallizza in una struttura monoclina, con una configurazione stratificata che facilita il movimento degli ioni di litio. Stabilit\u00e0 termica: Stabile alle alte temperature, mantiene la sua struttura sotto riscaldamento, il che \u00e8 prezioso nelle applicazioni che comportano elevate esigenze termiche. Conduttivit\u00e0 elettrica: Presenta una conduttivit\u00e0 ionica moderata, contribuendo a un efficiente trasporto degli ioni di litio nelle applicazioni delle batterie.<\/p>\n<h2><span style=\"font-size: 14pt;\">Applicazioni:<\/span><\/h2>\n<p>Batterie agli ioni di litio: LiVO\u2083 funge da materiale per elettrodi, soprattutto nelle batterie agli ioni di litio, dove consente l&#8217;intercalazione reversibile degli ioni di litio. Ci\u00f2 lo rende adatto per materiali catodici, migliorando potenzialmente la capacit\u00e0 della batteria e la durata del ciclo. Supercondensatori: la sua elevata area superficiale e la stabilit\u00e0 elettrochimica lo rendono adatto per l&#8217;uso nei supercondensatori, dove contribuisce ad alte densit\u00e0 di energia e potenza. Dispositivi ottici ed elettrochimici: la sua conduttivit\u00e0 ionica e la struttura stabile rendono il vanadato di litio applicabile in vari dispositivi elettrochimici e materiali ottici. Catalisi: \u00c8 stato studiato per le propriet\u00e0 catalitiche nelle reazioni ossidative, in particolare nella sintesi organica e nelle applicazioni ambientali, dove agisce come agente ossidante. <\/p>\n<h2><span style=\"font-size: 14pt;\">Sicurezza e maneggevolezza:<\/span><\/h2>\n<p>Manipolazione: Il vanadato di litio deve essere maneggiato con cura, soprattutto in polvere, poich\u00e9 i composti del vanadio possono essere tossici se inalati. Conservazione: Conservare in un ambiente asciutto e stabile per evitare l&#8217;assorbimento di umidit\u00e0 e il degrado delle propriet\u00e0 del materiale.<\/p>\n<p>&nbsp;<\/p>\n","protected":false},"excerpt":{"rendered":"<p>Il vanadato di litio (LiVO\u2083) \u00e8 un composto inorganico con propriet\u00e0 elettrochimiche e ottiche uniche. \u00c8 comunemente esplorato per applicazioni nell&#8217;accumulo di energia, come batterie agli ioni di litio e supercondensatori, grazie alla sua capacit\u00e0 di intercalare gli ioni di litio. Inoltre, il vanadato di litio pu\u00f2 essere utilizzato nei materiali ottici e nella catalisi [&hellip;]<\/p>\n","protected":false},"featured_media":999074,"comment_status":"open","ping_status":"closed","template":"","meta":{"_acf_changed":false},"product_brand":[],"product_cat":[199],"product_tag":[],"class_list":{"0":"post-1008713","1":"product","2":"type-product","3":"status-publish","4":"has-post-thumbnail","6":"product_cat-materiali-della-batteria","8":"first","9":"instock","10":"shipping-taxable","11":"purchasable","12":"product-type-variable"},"acf":[],"_links":{"self":[{"href":"https:\/\/vimaterial.de\/it\/wp-json\/wp\/v2\/product\/1008713","targetHints":{"allow":["GET"]}}],"collection":[{"href":"https:\/\/vimaterial.de\/it\/wp-json\/wp\/v2\/product"}],"about":[{"href":"https:\/\/vimaterial.de\/it\/wp-json\/wp\/v2\/types\/product"}],"replies":[{"embeddable":true,"href":"https:\/\/vimaterial.de\/it\/wp-json\/wp\/v2\/comments?post=1008713"}],"wp:featuredmedia":[{"embeddable":true,"href":"https:\/\/vimaterial.de\/it\/wp-json\/wp\/v2\/media\/999074"}],"wp:attachment":[{"href":"https:\/\/vimaterial.de\/it\/wp-json\/wp\/v2\/media?parent=1008713"}],"wp:term":[{"taxonomy":"product_brand","embeddable":true,"href":"https:\/\/vimaterial.de\/it\/wp-json\/wp\/v2\/product_brand?post=1008713"},{"taxonomy":"product_cat","embeddable":true,"href":"https:\/\/vimaterial.de\/it\/wp-json\/wp\/v2\/product_cat?post=1008713"},{"taxonomy":"product_tag","embeddable":true,"href":"https:\/\/vimaterial.de\/it\/wp-json\/wp\/v2\/product_tag?post=1008713"}],"curies":[{"name":"wp","href":"https:\/\/api.w.org\/{rel}","templated":true}]}}