{"id":1008707,"date":"2024-06-17T14:01:31","date_gmt":"2024-06-17T06:01:31","guid":{"rendered":"https:\/\/vimaterial.de\/product\/fosfato-di-litio-e-titanio-e-alluminio-latp\/"},"modified":"2024-11-12T10:40:31","modified_gmt":"2024-11-12T02:40:31","slug":"fosfato-di-litio-e-titanio-e-alluminio-latp","status":"publish","type":"product","link":"https:\/\/vimaterial.de\/it\/product\/fosfato-di-litio-e-titanio-e-alluminio-latp\/","title":{"rendered":"Fosfato di litio titanio e alluminio (LATP)"},"content":{"rendered":"<p>Il fosfato di litio titanio e alluminio (Li\u2081.\u2083Al\u2080.\u2083Ti\u2081.\u2087(PO\u2084)\u2083), spesso abbreviato in LATP, \u00e8 un materiale ceramico specializzato con promettenti propriet\u00e0 elettrochimiche, in particolare come elettrolita solido in applicazioni avanzate per batterie. Noto per la sua elevata conduttivit\u00e0 ionica e stabilit\u00e0, il LATP viene utilizzato principalmente nelle batterie agli ioni di litio e allo stato solido, dove pu\u00f2 fungere da elettrolita solido o materiale separatore per migliorare la sicurezza e la densit\u00e0 energetica.<\/p>\n<h2><span style=\"font-size: 14pt;\">Propriet\u00e0 fisiche:<\/span><\/h2>\n<p>Formula: Li\u2081.\u2083Al\u2080.\u2083Ti\u2081.\u2087(PO\u2084)\u2083. Aspetto: Tipicamente appare come una ceramica o polvere da bianca a biancastra. Densit\u00e0: circa 3,0 g\/cm\u00b3. Struttura: Cristallizza in una struttura NASICON (conduttore superionico di sodio), che fornisce percorsi per il movimento degli ioni di litio e migliora la conduttivit\u00e0 ionica. Stabilit\u00e0 termica: chimicamente e termicamente stabile, resiste a temperature fino a 500-600 \u00b0C, consentendogli di funzionare bene in condizioni di alta temperatura. Conducibilit\u00e0 ionica: elevata conducibilit\u00e0 agli ioni di litio (fino a circa 10\u207b\u00b3 S\/cm a temperatura ambiente), essenziale per un efficiente trasferimento di carica nelle applicazioni con batterie allo stato solido.<\/p>\n<h2><span style=\"font-size: 14pt;\">Applicazioni:<\/span><\/h2>\n<p>Elettrolita solido nelle batterie: il litio titanio e alluminio fosfato (LATP) \u00e8 ampiamente studiato e utilizzato come elettrolita solido negli ioni di litio e nelle batterie allo stato solido grazie alla sua elevata conduttivit\u00e0 ionica e stabilit\u00e0. Funge da separatore sicuro tra l&#8217;anodo e il catodo, riducendo i rischi di cortocircuiti e migliorando la durata della batteria. Batterie allo stato solido (ASSB): il fosfato di litio titanio e alluminio (LATP) viene utilizzato nei progetti di batterie allo stato solido, che eliminano gli elettroliti liquidi e migliorano la sicurezza. Ci\u00f2 rende il LATP adatto per l&#8217;uso in applicazioni in cui la sicurezza e la stabilit\u00e0 termica sono fondamentali, come nei veicoli elettrici, nel settore aerospaziale e nei sistemi di accumulo di energia. Dispositivi elettrochimici: il litio titanio e alluminio fosfato (LATP) viene applicato in altri dispositivi elettrochimici, inclusi supercondensatori e sensori, dove \u00e8 necessario un trasporto efficiente agli ioni di litio. <\/p>\n<h2><span style=\"font-size: 14pt;\">Sicurezza e maneggevolezza:<\/span><\/h2>\n<p>Manipolazione: Tipicamente sicuro da maneggiare nella sua forma solida, ma come polvere di ceramica, richiede protezione dall&#8217;inalazione e dall&#8217;umidit\u00e0. Conservazione: Deve essere conservato in un ambiente asciutto e controllato per evitare la degradazione dovuta all&#8217;umidit\u00e0.<\/p>\n<p>&nbsp;<\/p>\n","protected":false},"excerpt":{"rendered":"<p>Il fosfato di litio titanio e alluminio (Li\u2081.\u2083Al\u2080.\u2083Ti\u2081.\u2087(PO\u2084)\u2083), spesso abbreviato in LATP, \u00e8 un materiale ceramico specializzato con promettenti propriet\u00e0 elettrochimiche, in particolare come elettrolita solido in applicazioni avanzate per batterie. Noto per la sua elevata conduttivit\u00e0 ionica e stabilit\u00e0, il LATP viene utilizzato principalmente nelle batterie agli ioni di litio e allo stato solido, [&hellip;]<\/p>\n","protected":false},"featured_media":999066,"comment_status":"open","ping_status":"closed","template":"","meta":{"_acf_changed":false},"product_brand":[],"product_cat":[199],"product_tag":[],"class_list":{"0":"post-1008707","1":"product","2":"type-product","3":"status-publish","4":"has-post-thumbnail","6":"product_cat-materiali-della-batteria","8":"first","9":"instock","10":"shipping-taxable","11":"product-type-variable"},"acf":[],"_links":{"self":[{"href":"https:\/\/vimaterial.de\/it\/wp-json\/wp\/v2\/product\/1008707","targetHints":{"allow":["GET"]}}],"collection":[{"href":"https:\/\/vimaterial.de\/it\/wp-json\/wp\/v2\/product"}],"about":[{"href":"https:\/\/vimaterial.de\/it\/wp-json\/wp\/v2\/types\/product"}],"replies":[{"embeddable":true,"href":"https:\/\/vimaterial.de\/it\/wp-json\/wp\/v2\/comments?post=1008707"}],"wp:featuredmedia":[{"embeddable":true,"href":"https:\/\/vimaterial.de\/it\/wp-json\/wp\/v2\/media\/999066"}],"wp:attachment":[{"href":"https:\/\/vimaterial.de\/it\/wp-json\/wp\/v2\/media?parent=1008707"}],"wp:term":[{"taxonomy":"product_brand","embeddable":true,"href":"https:\/\/vimaterial.de\/it\/wp-json\/wp\/v2\/product_brand?post=1008707"},{"taxonomy":"product_cat","embeddable":true,"href":"https:\/\/vimaterial.de\/it\/wp-json\/wp\/v2\/product_cat?post=1008707"},{"taxonomy":"product_tag","embeddable":true,"href":"https:\/\/vimaterial.de\/it\/wp-json\/wp\/v2\/product_tag?post=1008707"}],"curies":[{"name":"wp","href":"https:\/\/api.w.org\/{rel}","templated":true}]}}