{"id":1008692,"date":"2024-06-17T14:02:26","date_gmt":"2024-06-17T06:02:26","guid":{"rendered":"https:\/\/vimaterial.de\/product\/boro-3\/"},"modified":"2024-11-12T10:59:50","modified_gmt":"2024-11-12T02:59:50","slug":"boro-3","status":"publish","type":"product","link":"https:\/\/vimaterial.de\/it\/product\/boro-3\/","title":{"rendered":"Boro"},"content":{"rendered":"<p>I granuli di boro sono forme solide e granulari di boro elementare, prodotte convertendo la polvere di boro in granuli pi\u00f9 grandi e pi\u00f9 maneggevoli. Questi granuli sono tipicamente utilizzati in una variet\u00e0 di applicazioni industriali in cui sono richieste una manipolazione precisa e un rilascio controllato di boro. Sono meno reattivi della forma in polvere, il che li rende pi\u00f9 facili e sicuri da maneggiare in molti processi.  <\/p>\n<h2><span style=\"font-size: 14pt;\">Propriet\u00e0 fisiche:<\/span><\/h2>\n<p>Aspetto: marrone-nero<\/p>\n<p>Punto di fusione: 2349 K (2076 \u00b0C, 3769 \u00b0F)<\/p>\n<p>Punto di ebollizione: 4200 K (3927 \u00b0C, 7101 \u00b0F)<\/p>\n<p>Densit\u00e0 quando liquido (a m.p.) :2,08 g\/cm3<\/p>\n<p>Purezza: disponibile in varie purezze, in genere comprese tra il 95% e il 99%, a seconda dell&#8217;applicazione. Dimensioni: le dimensioni dei granuli possono variare da pochi millimetri a particelle pi\u00f9 grandi, a seconda delle specifiche esigenze dell&#8217;applicazione. Struttura: I granuli sono spesso sferici o di forma irregolare, il che garantisce facilit\u00e0 di manipolazione, miscelazione e distribuzione controllata in determinati processi. Durezza: Simile alla polvere di boro, i granuli di boro sono duri e fragili. Stabilit\u00e0 termica: stabilit\u00e0 termica molto elevata, che li rende ideali per l&#8217;uso in applicazioni ad alta temperatura.<\/p>\n<h2><span style=\"font-size: 14pt;\">Applicazioni:<\/span><\/h2>\n<p>Metallurgia: i granuli di boro sono utilizzati come agente legante nell&#8217;acciaio e in altre leghe metalliche per migliorare la durezza, la resistenza e la resistenza all&#8217;usura e alla corrosione. Agricoltura: il boro \u00e8 un micronutriente essenziale per le piante e i granuli di boro sono usati come fertilizzante per correggere le carenze di boro nel suolo, promuovendo una crescita sana delle piante. Industria nucleare: Grazie alle sue capacit\u00e0 di assorbimento dei neutroni, i granuli di boro sono impiegati nei reattori nucleari come assorbitore di neutroni o materiale di controllo. Pirotecnica e missilistica: Utilizzato in esplosivi e propellenti per razzi per il loro rilascio ad alta energia durante la combustione. Accumulo di energia: i granuli di boro sono talvolta utilizzati nelle tecnologie avanzate delle batterie, dove le loro propriet\u00e0 aiutano a migliorare le prestazioni complessive del sistema.<\/p>\n<h2><span style=\"font-size: 14pt;\">Sicurezza e maneggevolezza:<\/span><\/h2>\n<p>Manipolazione: Sebbene i granuli di boro siano meno pericolosi della polvere in polvere, devono comunque essere maneggiati con cura. Si consigliano dispositivi di protezione, come guanti e protezioni respiratorie, soprattutto quando si maneggiano grandi quantit\u00e0. Conservazione: Conservare i granuli di boro in un contenitore asciutto ed ermetico per evitare l&#8217;assorbimento di umidit\u00e0 e potenziali reazioni. Assicurarsi che siano tenuti lontani da agenti ossidanti e fiamme libere. <\/p>\n","protected":false},"excerpt":{"rendered":"<p>I granuli di boro sono forme solide e granulari di boro elementare, prodotte convertendo la polvere di boro in granuli pi\u00f9 grandi e pi\u00f9 maneggevoli. Questi granuli sono tipicamente utilizzati in una variet\u00e0 di applicazioni industriali in cui sono richieste una manipolazione precisa e un rilascio controllato di boro. Sono meno reattivi della forma in [&hellip;]<\/p>\n","protected":false},"featured_media":1051630,"comment_status":"open","ping_status":"closed","template":"","meta":{"_acf_changed":false},"product_brand":[],"product_cat":[198],"product_tag":[],"class_list":{"0":"post-1008692","1":"product","2":"type-product","3":"status-publish","4":"has-post-thumbnail","6":"product_cat-materiali-per-levaporazione","8":"first","9":"instock","10":"shipping-taxable","11":"purchasable","12":"product-type-variable"},"acf":[],"_links":{"self":[{"href":"https:\/\/vimaterial.de\/it\/wp-json\/wp\/v2\/product\/1008692","targetHints":{"allow":["GET"]}}],"collection":[{"href":"https:\/\/vimaterial.de\/it\/wp-json\/wp\/v2\/product"}],"about":[{"href":"https:\/\/vimaterial.de\/it\/wp-json\/wp\/v2\/types\/product"}],"replies":[{"embeddable":true,"href":"https:\/\/vimaterial.de\/it\/wp-json\/wp\/v2\/comments?post=1008692"}],"wp:featuredmedia":[{"embeddable":true,"href":"https:\/\/vimaterial.de\/it\/wp-json\/wp\/v2\/media\/1051630"}],"wp:attachment":[{"href":"https:\/\/vimaterial.de\/it\/wp-json\/wp\/v2\/media?parent=1008692"}],"wp:term":[{"taxonomy":"product_brand","embeddable":true,"href":"https:\/\/vimaterial.de\/it\/wp-json\/wp\/v2\/product_brand?post=1008692"},{"taxonomy":"product_cat","embeddable":true,"href":"https:\/\/vimaterial.de\/it\/wp-json\/wp\/v2\/product_cat?post=1008692"},{"taxonomy":"product_tag","embeddable":true,"href":"https:\/\/vimaterial.de\/it\/wp-json\/wp\/v2\/product_tag?post=1008692"}],"curies":[{"name":"wp","href":"https:\/\/api.w.org\/{rel}","templated":true}]}}